{"id":3858,"date":"2026-01-29T20:36:50","date_gmt":"2026-01-29T19:36:50","guid":{"rendered":"https:\/\/aidboards.com\/?page_id=3858"},"modified":"2026-01-29T20:36:50","modified_gmt":"2026-01-29T19:36:50","slug":"em-stan-002","status":"publish","type":"page","link":"https:\/\/aidboards.com\/en\/katalog\/matratzen\/em-stan-002\/","title":{"rendered":"EM stan-002"},"content":{"rendered":"<p><div class=\"fusion-fullwidth fullwidth-box fusion-builder-row-1 fusion-flex-container nonhundred-percent-fullwidth non-hundred-percent-height-scrolling\" style=\"--awb-border-radius-top-left:0px;--awb-border-radius-top-right:0px;--awb-border-radius-bottom-right:0px;--awb-border-radius-bottom-left:0px;--awb-flex-wrap:wrap;\" ><div class=\"fusion-builder-row fusion-row fusion-flex-align-items-flex-start fusion-flex-content-wrap\" style=\"max-width:1248px;margin-left: calc(-4% \/ 2 );margin-right: calc(-4% \/ 2 );\"><div class=\"fusion-layout-column fusion_builder_column fusion-builder-column-0 fusion_builder_column_2_3 2_3 fusion-flex-column\" style=\"--awb-bg-size:cover;--awb-width-large:66.6666666667%;--awb-margin-top-large:0px;--awb-spacing-right-large:2.88%;--awb-margin-bottom-large:20px;--awb-spacing-left-large:2.88%;--awb-width-medium:66.6666666667%;--awb-order-medium:0;--awb-spacing-right-medium:2.88%;--awb-spacing-left-medium:2.88%;--awb-width-small:100%;--awb-order-small:0;--awb-spacing-right-small:1.92%;--awb-spacing-left-small:1.92%;\"><div class=\"fusion-column-wrapper fusion-column-has-shadow fusion-flex-justify-content-flex-start fusion-content-layout-column\"><div class=\"fusion-text fusion-text-1\"><h4 class=\"fusion-responsive-typography-calculated\" style=\"--fontsize: 28; line-height: 1.36;\" data-fontsize=\"28\" data-lineheight=\"38.0833px\">Matratze EM stan-002 &#8222;Standard&#8220;<\/h4>\n<\/div><\/div><\/div><div class=\"fusion-layout-column fusion_builder_column fusion-builder-column-1 fusion_builder_column_1_3 1_3 fusion-flex-column\" style=\"--awb-bg-size:cover;--awb-width-large:33.3333333333%;--awb-margin-top-large:0px;--awb-spacing-right-large:5.76%;--awb-margin-bottom-large:20px;--awb-spacing-left-large:5.76%;--awb-width-medium:33.3333333333%;--awb-order-medium:0;--awb-spacing-right-medium:5.76%;--awb-spacing-left-medium:5.76%;--awb-width-small:100%;--awb-order-small:0;--awb-spacing-right-small:1.92%;--awb-spacing-left-small:1.92%;\"><div class=\"fusion-column-wrapper fusion-column-has-shadow fusion-flex-justify-content-flex-start fusion-content-layout-column\"><\/div><\/div><div class=\"fusion-layout-column fusion_builder_column fusion-builder-column-2 fusion_builder_column_2_3 2_3 fusion-flex-column\" style=\"--awb-bg-size:cover;--awb-width-large:66.6666666667%;--awb-margin-top-large:0px;--awb-spacing-right-large:2.88%;--awb-margin-bottom-large:20px;--awb-spacing-left-large:2.88%;--awb-width-medium:66.6666666667%;--awb-order-medium:0;--awb-spacing-right-medium:2.88%;--awb-spacing-left-medium:2.88%;--awb-width-small:100%;--awb-order-small:0;--awb-spacing-right-small:1.92%;--awb-spacing-left-small:1.92%;\"><div class=\"fusion-column-wrapper fusion-column-has-shadow fusion-flex-justify-content-flex-start fusion-content-layout-column\"><div class=\"fusion-image-carousel fusion-image-carousel-auto fusion-image-carousel-1 fusion-carousel-border\"><div class=\"awb-carousel awb-swiper awb-swiper-carousel awb-carousel--carousel awb-swiper-dots-position-bottom\" data-layout=\"carousel\" data-autoplay=\"yes\" data-autoplayspeed=\"2500\" data-autoplaypause=\"no\" data-columns=\"1\" data-columnsmedium=\"1\" data-columnssmall=\"1\" data-itemmargin=\"13\" data-itemwidth=\"180\" data-touchscroll=\"no\" data-freemode=\"no\" data-imagesize=\"auto\" data-scrollitems=\"0\" data-centeredslides=\"no\" data-rotationangle=\"50\" data-depth=\"100\" data-speed=\"500\" data-shadow=\"no\" data-pagination=\"bullets\" style=\"--awb-columns:1;--awb-border-width:1px;--awb-border-color:#e9eaee;--awb-dots-align:center;\"><div class=\"swiper-wrapper awb-image-carousel-wrapper fusion-flex-align-items-center\"><div class=\"swiper-slide\"><div class=\"fusion-carousel-item-wrapper\"><div class=\"fusion-image-wrapper hover-type-zoomin\"><img decoding=\"async\" width=\"800\" height=\"600\" src=\"https:\/\/aidboards.com\/wp-content\/uploads\/2026\/01\/EM-stan-002-zusammen.jpg\" class=\"attachment-full size-full\" alt=\"\" srcset=\"https:\/\/aidboards.com\/wp-content\/uploads\/2026\/01\/EM-stan-002-zusammen-16x12.jpg 16w, https:\/\/aidboards.com\/wp-content\/uploads\/2026\/01\/EM-stan-002-zusammen-200x150.jpg 200w, https:\/\/aidboards.com\/wp-content\/uploads\/2026\/01\/EM-stan-002-zusammen-300x225.jpg 300w, https:\/\/aidboards.com\/wp-content\/uploads\/2026\/01\/EM-stan-002-zusammen-400x300.jpg 400w, https:\/\/aidboards.com\/wp-content\/uploads\/2026\/01\/EM-stan-002-zusammen-600x450.jpg 600w, https:\/\/aidboards.com\/wp-content\/uploads\/2026\/01\/EM-stan-002-zusammen-768x576.jpg 768w, https:\/\/aidboards.com\/wp-content\/uploads\/2026\/01\/EM-stan-002-zusammen.jpg 800w\" sizes=\"(max-width: 800px) 100vw, 800px\" \/><\/div><\/div><\/div><div class=\"swiper-slide\"><div class=\"fusion-carousel-item-wrapper\"><div class=\"fusion-image-wrapper hover-type-zoomin\"><img decoding=\"async\" width=\"1181\" height=\"787\" src=\"https:\/\/aidboards.com\/wp-content\/uploads\/2023\/10\/PE-welle-30mm.jpg\" class=\"attachment-full size-full\" alt=\"\" \/><\/div><\/div><\/div><div class=\"swiper-slide\"><div class=\"fusion-carousel-item-wrapper\"><div class=\"fusion-image-wrapper hover-type-zoomin\"><img decoding=\"async\" width=\"800\" height=\"600\" src=\"https:\/\/aidboards.com\/wp-content\/uploads\/2026\/01\/EM-stan-002-getrennt.jpg\" class=\"attachment-full size-full\" alt=\"\" srcset=\"https:\/\/aidboards.com\/wp-content\/uploads\/2026\/01\/EM-stan-002-getrennt-16x12.jpg 16w, https:\/\/aidboards.com\/wp-content\/uploads\/2026\/01\/EM-stan-002-getrennt-200x150.jpg 200w, https:\/\/aidboards.com\/wp-content\/uploads\/2026\/01\/EM-stan-002-getrennt-300x225.jpg 300w, https:\/\/aidboards.com\/wp-content\/uploads\/2026\/01\/EM-stan-002-getrennt-400x300.jpg 400w, https:\/\/aidboards.com\/wp-content\/uploads\/2026\/01\/EM-stan-002-getrennt-600x450.jpg 600w, https:\/\/aidboards.com\/wp-content\/uploads\/2026\/01\/EM-stan-002-getrennt-768x576.jpg 768w, https:\/\/aidboards.com\/wp-content\/uploads\/2026\/01\/EM-stan-002-getrennt.jpg 800w\" sizes=\"(max-width: 800px) 100vw, 800px\" \/><\/div><\/div><\/div><\/div><div class=\"awb-swiper-button awb-swiper-button-prev\"><i class=\"awb-icon-angle-left\" aria-hidden=\"true\"><\/i><\/div><div class=\"awb-swiper-button awb-swiper-button-next\"><i class=\"awb-icon-angle-right\" aria-hidden=\"true\"><\/i><\/div><\/div><\/div><\/div><\/div><div class=\"fusion-layout-column fusion_builder_column fusion-builder-column-3 fusion_builder_column_1_3 1_3 fusion-flex-column\" style=\"--awb-bg-size:cover;--awb-width-large:33.3333333333%;--awb-margin-top-large:0px;--awb-spacing-right-large:5.76%;--awb-margin-bottom-large:20px;--awb-spacing-left-large:5.76%;--awb-width-medium:33.3333333333%;--awb-order-medium:0;--awb-spacing-right-medium:5.76%;--awb-spacing-left-medium:5.76%;--awb-width-small:100%;--awb-order-small:0;--awb-spacing-right-small:1.92%;--awb-spacing-left-small:1.92%;\"><div class=\"fusion-column-wrapper fusion-column-has-shadow fusion-flex-justify-content-flex-start fusion-content-layout-column\"><div class=\"fusion-text fusion-text-2\"><h3 class=\"fusion-responsive-typography-calculated\" style=\"--fontsize: 32; line-height: 1.3;\" data-fontsize=\"32\" data-lineheight=\"41.6px\">9-18 \u20ac<\/h3>\n<p><em>\u00a0VAT included<\/em><\/p>\n<\/div><div class=\"fusion-separator fusion-full-width-sep\" style=\"align-self: center;margin-left: auto;margin-right: auto;margin-top:50px;width:100%;\"><\/div><div style=\"text-align:center;\"><a class=\"fusion-button button-flat fusion-button-default-size button-default fusion-button-default button-1 fusion-button-default-span fusion-button-default-type\" target=\"_self\" href=\"https:\/\/aidboards.com\/en\/kontakt\/\"><span class=\"fusion-button-text awb-button__text awb-button__text--default\">Direktbestellung<\/span><\/a><\/div>\n<div class=\"fusion-separator fusion-full-width-sep\" style=\"align-self: center;margin-left: auto;margin-right: auto;margin-top:50px;width:100%;\"><\/div><div class=\"fusion-text fusion-text-3\"><p class=\"translation-block\">Further questions? Please visit the <a href=\"https:\/\/aidboards.com\/en\/faq\/\" target=\"_self\"><strong>FAQs<\/strong><\/a> or get in <strong><a href=\"https:\/\/aidboards.com\/en\/kontakt\/\" target=\"_self\">contact<\/a><\/strong>.<\/p>\n<\/div><\/div><\/div><\/div><\/div><div class=\"fusion-fullwidth fullwidth-box fusion-builder-row-2 fusion-flex-container has-pattern-background has-mask-background nonhundred-percent-fullwidth non-hundred-percent-height-scrolling\" style=\"--awb-border-radius-top-left:0px;--awb-border-radius-top-right:0px;--awb-border-radius-bottom-right:0px;--awb-border-radius-bottom-left:0px;--awb-flex-wrap:wrap;\" ><div class=\"fusion-builder-row fusion-row fusion-flex-align-items-flex-start fusion-flex-content-wrap\" style=\"max-width:1248px;margin-left: calc(-4% \/ 2 );margin-right: calc(-4% \/ 2 );\"><div class=\"fusion-layout-column fusion_builder_column fusion-builder-column-4 fusion_builder_column_1_1 1_1 fusion-flex-column\" style=\"--awb-bg-size:cover;--awb-width-large:100%;--awb-margin-top-large:0px;--awb-spacing-right-large:1.92%;--awb-margin-bottom-large:20px;--awb-spacing-left-large:1.92%;--awb-width-medium:100%;--awb-order-medium:0;--awb-spacing-right-medium:1.92%;--awb-spacing-left-medium:1.92%;--awb-width-small:100%;--awb-order-small:0;--awb-spacing-right-small:1.92%;--awb-spacing-left-small:1.92%;\"><div class=\"fusion-column-wrapper fusion-column-has-shadow fusion-flex-justify-content-flex-start fusion-content-layout-column\"><div class=\"fusion-tabs-sticky-helper\" style=\"height:1px;\"><\/div><div class=\"fusion-tabs fusion-tabs-1 clean nav-is-justified sticky-tabs horizontal-tabs icon-position-right mobile-mode-accordion\" style=\"--icon-color:#ffffff;--icon-active-color:#ffffff;--awb-title-border-radius-top-left:0px;--awb-title-border-radius-top-right:0px;--awb-title-border-radius-bottom-right:0px;--awb-title-border-radius-bottom-left:0px;--awb-title-font-size:16px;--awb-title-text-transform:none;--awb-title-line-height:var(--awb-typography2-line-height);--awb-title-letter-spacing:var(--awb-typography2-letter-spacing);--awb-alignment:start;--awb-inactive-color:rgba(149,153,157,0.46);--awb-title-text-color:#ffffff;--awb-title-active-text-color:#ffffff;--awb-background-color:#95999d;--awb-border-color:var(--awb-color1);--awb-active-border-color:rgba(60,96,158,0.58);--awb-title-font-family:&quot;Sen&quot;;--awb-title-font-style:normal;--awb-title-font-weight:700;\"><div class=\"nav\"><ul class=\"nav-tabs nav-justified\" role=\"tablist\"><li class=\"active\" role=\"presentation\"><a class=\"tab-link\" data-toggle=\"tab\" role=\"tab\" aria-controls=\"tab-fd785954cf48de772e5\" aria-selected=\"true\" id=\"fusion-tab-beschreibung\" href=\"#tab-fd785954cf48de772e5\"><h5 class=\"fusion-tab-heading\">discribtion<i class=\"fontawesome-icon fa-exclamation fas\" aria-hidden=\"true\" style=\"font-size:16px;\"><\/i><\/h5><\/a><\/li><li role=\"presentation\"><a class=\"tab-link\" data-toggle=\"tab\" role=\"tab\" aria-controls=\"tab-4cd0c0458e6099b9b9a\" aria-selected=\"false\" tabindex=\"-1\" id=\"fusion-tab-merkmale\" href=\"#tab-4cd0c0458e6099b9b9a\"><h5 class=\"fusion-tab-heading\">features<i class=\"fontawesome-icon fa-cog fas\" aria-hidden=\"true\" style=\"font-size:16px;\"><\/i><\/h5><\/a><\/li><li role=\"presentation\"><a class=\"tab-link\" data-toggle=\"tab\" role=\"tab\" aria-controls=\"tab-716afa6e4195ed47088\" aria-selected=\"false\" tabindex=\"-1\" id=\"fusion-tab-anleitung\" href=\"#tab-716afa6e4195ed47088\"><h5 class=\"fusion-tab-heading\">manual<i class=\"fontawesome-icon fa-book-open fas\" aria-hidden=\"true\" style=\"font-size:16px;\"><\/i><\/h5><\/a><\/li><\/ul><\/div><div class=\"tab-content\"><div class=\"nav fusion-mobile-tab-nav\"><ul class=\"nav-tabs nav-justified\" role=\"tablist\"><li class=\"active\" role=\"presentation\"><a class=\"tab-link\" data-toggle=\"tab\" role=\"tab\" aria-controls=\"tab-fd785954cf48de772e5\" aria-selected=\"true\" id=\"mobile-fusion-tab-beschreibung\" href=\"#tab-fd785954cf48de772e5\"><h5 class=\"fusion-tab-heading\">discribtion<i class=\"fontawesome-icon fa-exclamation fas\" aria-hidden=\"true\" style=\"font-size:16px;\"><\/i><\/h5><\/a><\/li><\/ul><\/div><div class=\"tab-pane fade fusion-clearfix in active\" role=\"tabpanel\" tabindex=\"0\" aria-labelledby=\"fusion-tab-beschreibung\" id=\"tab-fd785954cf48de772e5\">\n<p>Die Wellenstruktur erh\u00f6ht die Polsterwirkung ohne zus\u00e4tzliches Lagervolumen. Immer zwei Teile sind durch diese Struktur miteinander verzahnt. Sie k\u00f6nnen getrennt verwendet werden (je 20mm Polsterdicke), aufeinderliegend (weich, 40mm Polsterdicke) oder im Originalzustand (hart, 30 mm)<\/p>\n<ul>\n<li>weight: ca. 1,2 kg<\/li>\n<li>Ma\u00df: 2000 x 600 x 30 mm<\/li>\n<li>parts: 2<\/li>\n<li>Material: PE-foam (LD)<\/li>\n<li>Aufbauzeit: 0,5 Min<\/li>\n<\/ul>\n<p>PE-Schaum ist n\u00e4sseundurchl\u00e4ssig. Die Verwendung einer zus\u00e4tzlichen Decke o. \u00e4. als Unterlage ist empfehlenswert<\/p>\n<\/div><div class=\"nav fusion-mobile-tab-nav\"><ul class=\"nav-tabs nav-justified\" role=\"tablist\"><li role=\"presentation\"><a class=\"tab-link\" data-toggle=\"tab\" role=\"tab\" aria-controls=\"tab-4cd0c0458e6099b9b9a\" aria-selected=\"false\" tabindex=\"-1\" id=\"mobile-fusion-tab-merkmale\" href=\"#tab-4cd0c0458e6099b9b9a\"><h5 class=\"fusion-tab-heading\">features<i class=\"fontawesome-icon fa-cog fas\" aria-hidden=\"true\" style=\"font-size:16px;\"><\/i><\/h5><\/a><\/li><\/ul><\/div><div class=\"tab-pane fade fusion-clearfix\" role=\"tabpanel\" tabindex=\"0\" aria-labelledby=\"fusion-tab-merkmale\" id=\"tab-4cd0c0458e6099b9b9a\">\n<ul>\n<li>geeignet f\u00fcr <a href=\"https:\/\/aidboards.com\/en\/produkte\/betten\/efb-stan-002\/\">EFB stan-002<\/a><\/li>\n<li>auch einzeln oder mit anderen Feldbetten nutzbar<\/li>\n<li>moisture resistant<\/li>\n<li>low noise<\/li>\n<li>mehrlagig verwendbar f\u00fcr schwere Personen<\/li>\n<\/ul>\n<p>fielding:<\/p>\n<ul>\n<li>emergency accomodation (tents, gyms, extra bed for hotel, ...)<\/li>\n<li>crew quarters<\/li>\n<li>medical care units<\/li>\n<li>&#8230;<\/li>\n<\/ul>\n<\/div><div class=\"nav fusion-mobile-tab-nav\"><ul class=\"nav-tabs nav-justified\" role=\"tablist\"><li role=\"presentation\"><a class=\"tab-link\" data-toggle=\"tab\" role=\"tab\" aria-controls=\"tab-716afa6e4195ed47088\" aria-selected=\"false\" tabindex=\"-1\" id=\"mobile-fusion-tab-anleitung\" href=\"#tab-716afa6e4195ed47088\"><h5 class=\"fusion-tab-heading\">manual<i class=\"fontawesome-icon fa-book-open fas\" aria-hidden=\"true\" style=\"font-size:16px;\"><\/i><\/h5><\/a><\/li><\/ul><\/div><div class=\"tab-pane fade fusion-clearfix\" role=\"tabpanel\" tabindex=\"0\" aria-labelledby=\"fusion-tab-anleitung\" id=\"tab-716afa6e4195ed47088\">\n<div style=\"width: 1200px;\" class=\"wp-video\"><video class=\"wp-video-shortcode\" id=\"video-3858-1\" width=\"1200\" height=\"675\" preload=\"metadata\" controls=\"controls\"><source type=\"video\/mp4\" src=\"https:\/\/aidboards.com\/wp-content\/uploads\/2024\/01\/Manual%20A0%20EM%20hab-002.mp4?_=1\" \/><a href=\"https:\/\/aidboards.com\/wp-content\/uploads\/2024\/01\/Manual%20A0%20EM%20hab-002.mp4\">https:\/\/aidboards.com\/wp-content\/uploads\/2024\/01\/Manual%20A0%20EM%20hab-002.mp4<\/a><\/video><\/div>\n<\/div><\/div><\/div><\/div><\/div><\/div><\/div><\/p>","protected":false},"excerpt":{"rendered":"","protected":false},"author":1,"featured_media":0,"parent":2944,"menu_order":0,"comment_status":"closed","ping_status":"closed","template":"","meta":{"footnotes":""},"class_list":["post-3858","page","type-page","status-publish","hentry"],"yoast_head":"<!-- This site is optimized with the Yoast SEO plugin v27.3 - https:\/\/yoast.com\/product\/yoast-seo-wordpress\/ -->\n<title>EM stan-002 - AidBoards<\/title>\n<meta name=\"robots\" content=\"index, follow, max-snippet:-1, max-image-preview:large, max-video-preview:-1\" \/>\n<link rel=\"canonical\" href=\"https:\/\/aidboards.com\/en\/katalog\/matratzen\/em-stan-002\/\" \/>\n<meta property=\"og:locale\" content=\"en_GB\" \/>\n<meta property=\"og:type\" content=\"article\" \/>\n<meta property=\"og:title\" content=\"EM stan-002 - AidBoards\" \/>\n<meta property=\"og:url\" content=\"https:\/\/aidboards.com\/en\/katalog\/matratzen\/em-stan-002\/\" \/>\n<meta property=\"og:site_name\" content=\"AidBoards\" \/>\n<meta name=\"twitter:card\" content=\"summary_large_image\" \/>\n<meta name=\"twitter:label1\" content=\"Estimated reading time\" \/>\n\t<meta name=\"twitter:data1\" content=\"2 minutes\" \/>\n<script type=\"application\/ld+json\" class=\"yoast-schema-graph\">{\"@context\":\"https:\\\/\\\/schema.org\",\"@graph\":[{\"@type\":\"WebPage\",\"@id\":\"https:\\\/\\\/aidboards.com\\\/katalog\\\/matratzen\\\/em-stan-002\\\/\",\"url\":\"https:\\\/\\\/aidboards.com\\\/katalog\\\/matratzen\\\/em-stan-002\\\/\",\"name\":\"EM stan-002 - AidBoards\",\"isPartOf\":{\"@id\":\"https:\\\/\\\/aidboards.com\\\/#website\"},\"datePublished\":\"2026-01-29T19:36:50+00:00\",\"breadcrumb\":{\"@id\":\"https:\\\/\\\/aidboards.com\\\/katalog\\\/matratzen\\\/em-stan-002\\\/#breadcrumb\"},\"inLanguage\":\"en-GB\",\"potentialAction\":[{\"@type\":\"ReadAction\",\"target\":[\"https:\\\/\\\/aidboards.com\\\/katalog\\\/matratzen\\\/em-stan-002\\\/\"]}]},{\"@type\":\"BreadcrumbList\",\"@id\":\"https:\\\/\\\/aidboards.com\\\/katalog\\\/matratzen\\\/em-stan-002\\\/#breadcrumb\",\"itemListElement\":[{\"@type\":\"ListItem\",\"position\":1,\"name\":\"Startseite\",\"item\":\"https:\\\/\\\/aidboards.com\\\/\"},{\"@type\":\"ListItem\",\"position\":2,\"name\":\"Katalog\",\"item\":\"https:\\\/\\\/aidboards.com\\\/katalog\\\/\"},{\"@type\":\"ListItem\",\"position\":3,\"name\":\"Matratzen\",\"item\":\"https:\\\/\\\/aidboards.com\\\/katalog\\\/matratzen\\\/\"},{\"@type\":\"ListItem\",\"position\":4,\"name\":\"EM stan-002\"}]},{\"@type\":\"WebSite\",\"@id\":\"https:\\\/\\\/aidboards.com\\\/#website\",\"url\":\"https:\\\/\\\/aidboards.com\\\/\",\"name\":\"AidBoards\",\"description\":\"paper response\",\"potentialAction\":[{\"@type\":\"SearchAction\",\"target\":{\"@type\":\"EntryPoint\",\"urlTemplate\":\"https:\\\/\\\/aidboards.com\\\/?s={search_term_string}\"},\"query-input\":{\"@type\":\"PropertyValueSpecification\",\"valueRequired\":true,\"valueName\":\"search_term_string\"}}],\"inLanguage\":\"en-GB\"}]}<\/script>\n<!-- \/ Yoast SEO plugin. -->","yoast_head_json":{"title":"EM stan-002 - AidBoards","robots":{"index":"index","follow":"follow","max-snippet":"max-snippet:-1","max-image-preview":"max-image-preview:large","max-video-preview":"max-video-preview:-1"},"canonical":"https:\/\/aidboards.com\/en\/katalog\/matratzen\/em-stan-002\/","og_locale":"en_GB","og_type":"article","og_title":"EM stan-002 - AidBoards","og_url":"https:\/\/aidboards.com\/en\/katalog\/matratzen\/em-stan-002\/","og_site_name":"AidBoards","twitter_card":"summary_large_image","twitter_misc":{"Estimated reading time":"2 minutes"},"schema":{"@context":"https:\/\/schema.org","@graph":[{"@type":"WebPage","@id":"https:\/\/aidboards.com\/katalog\/matratzen\/em-stan-002\/","url":"https:\/\/aidboards.com\/katalog\/matratzen\/em-stan-002\/","name":"EM stan-002 - AidBoards","isPartOf":{"@id":"https:\/\/aidboards.com\/#website"},"datePublished":"2026-01-29T19:36:50+00:00","breadcrumb":{"@id":"https:\/\/aidboards.com\/katalog\/matratzen\/em-stan-002\/#breadcrumb"},"inLanguage":"en-GB","potentialAction":[{"@type":"ReadAction","target":["https:\/\/aidboards.com\/katalog\/matratzen\/em-stan-002\/"]}]},{"@type":"BreadcrumbList","@id":"https:\/\/aidboards.com\/katalog\/matratzen\/em-stan-002\/#breadcrumb","itemListElement":[{"@type":"ListItem","position":1,"name":"Startseite","item":"https:\/\/aidboards.com\/"},{"@type":"ListItem","position":2,"name":"Katalog","item":"https:\/\/aidboards.com\/katalog\/"},{"@type":"ListItem","position":3,"name":"Matratzen","item":"https:\/\/aidboards.com\/katalog\/matratzen\/"},{"@type":"ListItem","position":4,"name":"EM stan-002"}]},{"@type":"WebSite","@id":"https:\/\/aidboards.com\/#website","url":"https:\/\/aidboards.com\/","name":"AidBoards","description":"paper response","potentialAction":[{"@type":"SearchAction","target":{"@type":"EntryPoint","urlTemplate":"https:\/\/aidboards.com\/?s={search_term_string}"},"query-input":{"@type":"PropertyValueSpecification","valueRequired":true,"valueName":"search_term_string"}}],"inLanguage":"en-GB"}]}},"_links":{"self":[{"href":"https:\/\/aidboards.com\/en\/wp-json\/wp\/v2\/pages\/3858","targetHints":{"allow":["GET"]}}],"collection":[{"href":"https:\/\/aidboards.com\/en\/wp-json\/wp\/v2\/pages"}],"about":[{"href":"https:\/\/aidboards.com\/en\/wp-json\/wp\/v2\/types\/page"}],"author":[{"embeddable":true,"href":"https:\/\/aidboards.com\/en\/wp-json\/wp\/v2\/users\/1"}],"replies":[{"embeddable":true,"href":"https:\/\/aidboards.com\/en\/wp-json\/wp\/v2\/comments?post=3858"}],"version-history":[{"count":1,"href":"https:\/\/aidboards.com\/en\/wp-json\/wp\/v2\/pages\/3858\/revisions"}],"predecessor-version":[{"id":3861,"href":"https:\/\/aidboards.com\/en\/wp-json\/wp\/v2\/pages\/3858\/revisions\/3861"}],"up":[{"embeddable":true,"href":"https:\/\/aidboards.com\/en\/wp-json\/wp\/v2\/pages\/2944"}],"wp:attachment":[{"href":"https:\/\/aidboards.com\/en\/wp-json\/wp\/v2\/media?parent=3858"}],"curies":[{"name":"wp","href":"https:\/\/api.w.org\/{rel}","templated":true}]}}