{"id":3729,"date":"2024-10-07T23:08:45","date_gmt":"2024-10-07T21:08:45","guid":{"rendered":"https:\/\/aidboards.com\/?page_id=3729"},"modified":"2025-02-19T21:59:51","modified_gmt":"2025-02-19T20:59:51","slug":"efb-hab-002","status":"publish","type":"page","link":"https:\/\/aidboards.com\/en\/produkte\/betten\/efb-hab-002\/","title":{"rendered":"EFB hab-002"},"content":{"rendered":"<p><div class=\"fusion-fullwidth fullwidth-box fusion-builder-row-1 fusion-flex-container nonhundred-percent-fullwidth non-hundred-percent-height-scrolling\" style=\"--awb-border-radius-top-left:0px;--awb-border-radius-top-right:0px;--awb-border-radius-bottom-right:0px;--awb-border-radius-bottom-left:0px;--awb-flex-wrap:wrap;\" ><div class=\"fusion-builder-row fusion-row fusion-flex-align-items-flex-start fusion-flex-content-wrap\" style=\"max-width:1248px;margin-left: calc(-4% \/ 2 );margin-right: calc(-4% \/ 2 );\"><div class=\"fusion-layout-column fusion_builder_column fusion-builder-column-0 fusion_builder_column_2_3 2_3 fusion-flex-column\" style=\"--awb-bg-size:cover;--awb-width-large:66.6666666667%;--awb-margin-top-large:0px;--awb-spacing-right-large:2.88%;--awb-margin-bottom-large:20px;--awb-spacing-left-large:2.88%;--awb-width-medium:66.6666666667%;--awb-order-medium:0;--awb-spacing-right-medium:2.88%;--awb-spacing-left-medium:2.88%;--awb-width-small:100%;--awb-order-small:0;--awb-spacing-right-small:1.92%;--awb-spacing-left-small:1.92%;\"><div class=\"fusion-column-wrapper fusion-column-has-shadow fusion-flex-justify-content-flex-start fusion-content-layout-column\"><div class=\"fusion-text fusion-text-1\"><h4>fieldbed EFB hab-002 \u201ehabitat\u201c<\/h4>\n<\/div><\/div><\/div><div class=\"fusion-layout-column fusion_builder_column fusion-builder-column-1 fusion_builder_column_1_3 1_3 fusion-flex-column\" style=\"--awb-bg-size:cover;--awb-width-large:33.3333333333%;--awb-margin-top-large:0px;--awb-spacing-right-large:5.76%;--awb-margin-bottom-large:20px;--awb-spacing-left-large:5.76%;--awb-width-medium:33.3333333333%;--awb-order-medium:0;--awb-spacing-right-medium:5.76%;--awb-spacing-left-medium:5.76%;--awb-width-small:100%;--awb-order-small:0;--awb-spacing-right-small:1.92%;--awb-spacing-left-small:1.92%;\"><div class=\"fusion-column-wrapper fusion-column-has-shadow fusion-flex-justify-content-flex-start fusion-content-layout-column\"><\/div><\/div><div class=\"fusion-layout-column fusion_builder_column fusion-builder-column-2 fusion_builder_column_2_3 2_3 fusion-flex-column\" style=\"--awb-bg-size:cover;--awb-width-large:66.6666666667%;--awb-margin-top-large:0px;--awb-spacing-right-large:2.88%;--awb-margin-bottom-large:20px;--awb-spacing-left-large:2.88%;--awb-width-medium:66.6666666667%;--awb-order-medium:0;--awb-spacing-right-medium:2.88%;--awb-spacing-left-medium:2.88%;--awb-width-small:100%;--awb-order-small:0;--awb-spacing-right-small:1.92%;--awb-spacing-left-small:1.92%;\"><div class=\"fusion-column-wrapper fusion-column-has-shadow fusion-flex-justify-content-flex-start fusion-content-layout-column\"><div class=\"fusion-image-carousel fusion-image-carousel-auto fusion-image-carousel-1 fusion-carousel-border\"><div class=\"awb-carousel awb-swiper awb-swiper-carousel awb-carousel--carousel awb-swiper-dots-position-bottom\" data-layout=\"carousel\" data-autoplay=\"yes\" data-autoplayspeed=\"2500\" data-autoplaypause=\"no\" data-loop=\"yes\" data-columns=\"1\" data-columnsmedium=\"1\" data-columnssmall=\"1\" data-itemmargin=\"13\" data-itemwidth=\"180\" data-touchscroll=\"no\" data-freemode=\"no\" data-imagesize=\"auto\" data-scrollitems=\"0\" data-centeredslides=\"no\" data-rotationangle=\"50\" data-depth=\"100\" data-speed=\"500\" data-shadow=\"no\" data-pagination=\"bullets\" style=\"--awb-columns:1;--awb-border-width:1px;--awb-border-color:#e9eaee;\"><div class=\"swiper-wrapper awb-image-carousel-wrapper fusion-flex-align-items-center\"><div class=\"swiper-slide\"><div class=\"fusion-carousel-item-wrapper\"><div class=\"fusion-image-wrapper hover-type-zoomin\"><img decoding=\"async\" width=\"800\" height=\"600\" src=\"https:\/\/aidboards.com\/wp-content\/uploads\/2024\/10\/EFB-hab-002_komplett.jpg\" class=\"attachment-full size-full\" alt=\"\" srcset=\"https:\/\/aidboards.com\/wp-content\/uploads\/2024\/10\/EFB-hab-002_komplett-16x12.jpg 16w, https:\/\/aidboards.com\/wp-content\/uploads\/2024\/10\/EFB-hab-002_komplett-200x150.jpg 200w, https:\/\/aidboards.com\/wp-content\/uploads\/2024\/10\/EFB-hab-002_komplett-300x225.jpg 300w, https:\/\/aidboards.com\/wp-content\/uploads\/2024\/10\/EFB-hab-002_komplett-400x300.jpg 400w, https:\/\/aidboards.com\/wp-content\/uploads\/2024\/10\/EFB-hab-002_komplett-600x450.jpg 600w, https:\/\/aidboards.com\/wp-content\/uploads\/2024\/10\/EFB-hab-002_komplett-768x576.jpg 768w, https:\/\/aidboards.com\/wp-content\/uploads\/2024\/10\/EFB-hab-002_komplett.jpg 800w\" sizes=\"(max-width: 800px) 100vw, 800px\" \/><\/div><\/div><\/div><div class=\"swiper-slide\"><div class=\"fusion-carousel-item-wrapper\"><div class=\"fusion-image-wrapper hover-type-zoomin\"><img decoding=\"async\" width=\"800\" height=\"600\" src=\"https:\/\/aidboards.com\/wp-content\/uploads\/2024\/10\/EFB-hab-002_palette.jpg\" class=\"attachment-full size-full\" alt=\"\" srcset=\"https:\/\/aidboards.com\/wp-content\/uploads\/2024\/10\/EFB-hab-002_palette-16x12.jpg 16w, https:\/\/aidboards.com\/wp-content\/uploads\/2024\/10\/EFB-hab-002_palette-200x150.jpg 200w, https:\/\/aidboards.com\/wp-content\/uploads\/2024\/10\/EFB-hab-002_palette-300x225.jpg 300w, https:\/\/aidboards.com\/wp-content\/uploads\/2024\/10\/EFB-hab-002_palette-400x300.jpg 400w, https:\/\/aidboards.com\/wp-content\/uploads\/2024\/10\/EFB-hab-002_palette-600x450.jpg 600w, https:\/\/aidboards.com\/wp-content\/uploads\/2024\/10\/EFB-hab-002_palette-768x576.jpg 768w, https:\/\/aidboards.com\/wp-content\/uploads\/2024\/10\/EFB-hab-002_palette.jpg 800w\" sizes=\"(max-width: 800px) 100vw, 800px\" \/><\/div><\/div><\/div><div class=\"swiper-slide\"><div class=\"fusion-carousel-item-wrapper\"><div class=\"fusion-image-wrapper hover-type-zoomin\"><img decoding=\"async\" width=\"800\" height=\"600\" src=\"https:\/\/aidboards.com\/wp-content\/uploads\/2024\/10\/EFB-hab-002_teile.jpg\" class=\"attachment-full size-full\" alt=\"\" srcset=\"https:\/\/aidboards.com\/wp-content\/uploads\/2024\/10\/EFB-hab-002_teile-16x12.jpg 16w, https:\/\/aidboards.com\/wp-content\/uploads\/2024\/10\/EFB-hab-002_teile-200x150.jpg 200w, https:\/\/aidboards.com\/wp-content\/uploads\/2024\/10\/EFB-hab-002_teile-300x225.jpg 300w, https:\/\/aidboards.com\/wp-content\/uploads\/2024\/10\/EFB-hab-002_teile-400x300.jpg 400w, https:\/\/aidboards.com\/wp-content\/uploads\/2024\/10\/EFB-hab-002_teile-600x450.jpg 600w, https:\/\/aidboards.com\/wp-content\/uploads\/2024\/10\/EFB-hab-002_teile-768x576.jpg 768w, https:\/\/aidboards.com\/wp-content\/uploads\/2024\/10\/EFB-hab-002_teile.jpg 800w\" sizes=\"(max-width: 800px) 100vw, 800px\" \/><\/div><\/div><\/div><div class=\"swiper-slide\"><div class=\"fusion-carousel-item-wrapper\"><div class=\"fusion-image-wrapper hover-type-zoomin\"><img decoding=\"async\" width=\"800\" height=\"600\" src=\"https:\/\/aidboards.com\/wp-content\/uploads\/2023\/05\/website-EFB-hab-001-detail.jpg\" class=\"attachment-full size-full\" alt=\"\" srcset=\"https:\/\/aidboards.com\/wp-content\/uploads\/2023\/05\/website-EFB-hab-001-detail-200x150.jpg 200w, https:\/\/aidboards.com\/wp-content\/uploads\/2023\/05\/website-EFB-hab-001-detail-300x225.jpg 300w, https:\/\/aidboards.com\/wp-content\/uploads\/2023\/05\/website-EFB-hab-001-detail-400x300.jpg 400w, https:\/\/aidboards.com\/wp-content\/uploads\/2023\/05\/website-EFB-hab-001-detail-600x450.jpg 600w, https:\/\/aidboards.com\/wp-content\/uploads\/2023\/05\/website-EFB-hab-001-detail-768x576.jpg 768w, https:\/\/aidboards.com\/wp-content\/uploads\/2023\/05\/website-EFB-hab-001-detail.jpg 800w\" sizes=\"(max-width: 800px) 100vw, 800px\" \/><\/div><\/div><\/div><div class=\"swiper-slide\"><div class=\"fusion-carousel-item-wrapper\"><div class=\"fusion-image-wrapper hover-type-zoomin\"><img decoding=\"async\" width=\"800\" height=\"600\" src=\"https:\/\/aidboards.com\/wp-content\/uploads\/2023\/11\/website-EFB-hab-001-mit-naessescutz.jpg\" class=\"attachment-full size-full\" alt=\"\" srcset=\"https:\/\/aidboards.com\/wp-content\/uploads\/2023\/11\/website-EFB-hab-001-mit-naessescutz-16x12.jpg 16w, https:\/\/aidboards.com\/wp-content\/uploads\/2023\/11\/website-EFB-hab-001-mit-naessescutz-200x150.jpg 200w, https:\/\/aidboards.com\/wp-content\/uploads\/2023\/11\/website-EFB-hab-001-mit-naessescutz-300x225.jpg 300w, https:\/\/aidboards.com\/wp-content\/uploads\/2023\/11\/website-EFB-hab-001-mit-naessescutz-400x300.jpg 400w, https:\/\/aidboards.com\/wp-content\/uploads\/2023\/11\/website-EFB-hab-001-mit-naessescutz-600x450.jpg 600w, https:\/\/aidboards.com\/wp-content\/uploads\/2023\/11\/website-EFB-hab-001-mit-naessescutz-768x576.jpg 768w, https:\/\/aidboards.com\/wp-content\/uploads\/2023\/11\/website-EFB-hab-001-mit-naessescutz.jpg 800w\" sizes=\"(max-width: 800px) 100vw, 800px\" \/><\/div><\/div><\/div><\/div><div class=\"awb-swiper-button awb-swiper-button-prev\"><i class=\"awb-icon-angle-left\" aria-hidden=\"true\"><\/i><\/div><div class=\"awb-swiper-button awb-swiper-button-next\"><i class=\"awb-icon-angle-right\" aria-hidden=\"true\"><\/i><\/div><\/div><\/div><\/div><\/div><div class=\"fusion-layout-column fusion_builder_column fusion-builder-column-3 fusion_builder_column_1_3 1_3 fusion-flex-column\" style=\"--awb-bg-size:cover;--awb-width-large:33.3333333333%;--awb-margin-top-large:0px;--awb-spacing-right-large:5.76%;--awb-margin-bottom-large:20px;--awb-spacing-left-large:5.76%;--awb-width-medium:33.3333333333%;--awb-order-medium:0;--awb-spacing-right-medium:5.76%;--awb-spacing-left-medium:5.76%;--awb-width-small:100%;--awb-order-small:0;--awb-spacing-right-small:1.92%;--awb-spacing-left-small:1.92%;\"><div class=\"fusion-column-wrapper fusion-column-has-shadow fusion-flex-justify-content-flex-start fusion-content-layout-column\"><div class=\"fusion-text fusion-text-2\"><h3 class=\"fusion-responsive-typography-calculated\" style=\"--fontsize: 32; line-height: 1.3;\" data-fontsize=\"32\" data-lineheight=\"41.6px\">49,99 \u20ac<\/h3>\n<p><em>VAT included<\/em><\/p>\n<\/div><div class=\"fusion-separator fusion-full-width-sep\" style=\"align-self: center;margin-left: auto;margin-right: auto;margin-top:50px;width:100%;\"><\/div><div class=\"fusion-text fusion-text-3\"><p>available via:<\/p>\n<p>single purchase at <a href=\"https:\/\/aidboards.com\/en\/showroom\/\">industrial selling<\/a><\/p>\n<\/div><div style=\"text-align:center;\"><a class=\"fusion-button button-flat fusion-button-default-size button-default fusion-button-default button-1 fusion-button-span-yes fusion-button-default-type\" target=\"_self\" href=\"https:\/\/aidboards.com\/en\/katalog\/sets\/\"><span class=\"fusion-button-text awb-button__text awb-button__text--default\">part of set <\/span><\/a><\/div><div class=\"fusion-text fusion-text-4\"><p style=\"text-align: center;\"><span style=\"color: #999999;\"><em>redirection to sets<\/em><\/span><\/p>\n<\/div><div class=\"fusion-separator fusion-full-width-sep\" style=\"align-self: center;margin-left: auto;margin-right: auto;width:100%;\"><\/div><div style=\"text-align:center;\"><a class=\"fusion-button button-flat fusion-button-default-size button-default fusion-button-default button-2 fusion-button-span-yes fusion-button-default-type\" target=\"_self\" href=\"https:\/\/aidboards.com\/en\/kontakt\/\"><span class=\"fusion-button-text awb-button__text awb-button__text--default\">bulk quantitys (50 pcs. or more)<\/span><\/a><\/div><div class=\"fusion-text fusion-text-5\"><p style=\"text-align: center;\"><span style=\"color: #808080;\"><em>request (10% Off for relief agencys)<br \/>\n<\/em><\/span><\/p>\n<\/div><div class=\"fusion-text fusion-text-6\"><p class=\"translation-block\">Further questions? Please visit the <a href=\"https:\/\/aidboards.com\/en\/faq\/\" target=\"_self\"><strong>FAQs<\/strong><\/a> or get in <strong><a href=\"https:\/\/aidboards.com\/en\/kontakt\/\" target=\"_self\">contact<\/a><\/strong>.<\/p>\n<\/div><\/div><\/div><\/div><\/div><div class=\"fusion-fullwidth fullwidth-box fusion-builder-row-2 fusion-flex-container has-pattern-background has-mask-background nonhundred-percent-fullwidth non-hundred-percent-height-scrolling\" style=\"--awb-border-radius-top-left:0px;--awb-border-radius-top-right:0px;--awb-border-radius-bottom-right:0px;--awb-border-radius-bottom-left:0px;--awb-flex-wrap:wrap;\" ><div class=\"fusion-builder-row fusion-row fusion-flex-align-items-flex-start fusion-flex-content-wrap\" style=\"max-width:1248px;margin-left: calc(-4% \/ 2 );margin-right: calc(-4% \/ 2 );\"><div class=\"fusion-layout-column fusion_builder_column fusion-builder-column-4 fusion_builder_column_1_1 1_1 fusion-flex-column\" style=\"--awb-bg-size:cover;--awb-width-large:100%;--awb-margin-top-large:0px;--awb-spacing-right-large:1.92%;--awb-margin-bottom-large:20px;--awb-spacing-left-large:1.92%;--awb-width-medium:100%;--awb-order-medium:0;--awb-spacing-right-medium:1.92%;--awb-spacing-left-medium:1.92%;--awb-width-small:100%;--awb-order-small:0;--awb-spacing-right-small:1.92%;--awb-spacing-left-small:1.92%;\"><div class=\"fusion-column-wrapper fusion-column-has-shadow fusion-flex-justify-content-flex-start fusion-content-layout-column\"><div class=\"fusion-tabs-sticky-helper\" style=\"height:1px;\"><\/div><div class=\"fusion-tabs fusion-tabs-1 clean nav-is-justified sticky-tabs horizontal-tabs icon-position-right mobile-mode-accordion\" style=\"--icon-color:#ffffff;--icon-active-color:#ffffff;--awb-title-border-radius-top-left:0px;--awb-title-border-radius-top-right:0px;--awb-title-border-radius-bottom-right:0px;--awb-title-border-radius-bottom-left:0px;--awb-title-font-size:16px;--awb-title-text-transform:none;--awb-title-line-height:var(--awb-typography2-line-height);--awb-title-letter-spacing:var(--awb-typography2-letter-spacing);--awb-alignment:start;--awb-inactive-color:rgba(149,153,157,0.46);--awb-title-text-color:#ffffff;--awb-title-active-text-color:#ffffff;--awb-background-color:#95999d;--awb-border-color:var(--awb-color1);--awb-active-border-color:rgba(60,96,158,0.58);--awb-title-font-family:&quot;Sen&quot;;--awb-title-font-style:normal;--awb-title-font-weight:700;\"><div class=\"nav\"><ul class=\"nav-tabs nav-justified\" role=\"tablist\" aria-orientation=\"horizontal\"><li class=\"active\" role=\"presentation\"><a class=\"tab-link\" data-toggle=\"tab\" role=\"tab\" aria-controls=\"tab-bcd63cb4537c487062d\" aria-selected=\"true\" tabindex=\"0\" id=\"fusion-tab-bcd63cb4537c487062d\" href=\"#tab-bcd63cb4537c487062d\"><h5 class=\"fusion-tab-heading\">discribtion<i class=\"fontawesome-icon fa-exclamation fas\" aria-hidden=\"true\" style=\"font-size:16px;\"><\/i><\/h5><\/a><\/li><li  role=\"presentation\"><a class=\"tab-link\" data-toggle=\"tab\" role=\"tab\" aria-controls=\"tab-9a8e9dae6fbfccb8509\" aria-selected=\"false\" tabindex=\"-1\" id=\"fusion-tab-9a8e9dae6fbfccb8509\" href=\"#tab-9a8e9dae6fbfccb8509\"><h5 class=\"fusion-tab-heading\">features<i class=\"fontawesome-icon fa-cog fas\" aria-hidden=\"true\" style=\"font-size:16px;\"><\/i><\/h5><\/a><\/li><li  role=\"presentation\"><a class=\"tab-link\" data-toggle=\"tab\" role=\"tab\" aria-controls=\"tab-e401b19851f111f3d60\" aria-selected=\"false\" tabindex=\"-1\" id=\"fusion-tab-e401b19851f111f3d60\" href=\"#tab-e401b19851f111f3d60\"><h5 class=\"fusion-tab-heading\">manual<i class=\"fontawesome-icon fa-book-open fas\" aria-hidden=\"true\" style=\"font-size:16px;\"><\/i><\/h5><\/a><\/li><\/ul><\/div><div class=\"tab-content\"><div class=\"nav fusion-mobile-tab-nav\"><ul class=\"nav-tabs nav-justified\" role=\"tablist\" aria-orientation=\"horizontal\"><li class=\"active\" role=\"presentation\"><a class=\"tab-link\" data-toggle=\"tab\" role=\"tab\" aria-controls=\"tab-bcd63cb4537c487062d\" aria-selected=\"true\" tabindex=\"0\" id=\"mobile-fusion-tab-bcd63cb4537c487062d\" href=\"#tab-bcd63cb4537c487062d\"><h5 class=\"fusion-tab-heading\">discribtion<i class=\"fontawesome-icon fa-exclamation fas\" aria-hidden=\"true\" style=\"font-size:16px;\"><\/i><\/h5><\/a><\/li><\/ul><\/div><div class=\"tab-pane fade fusion-clearfix in active\" role=\"tabpanel\" tabindex=\"0\" aria-labelledby=\"fusion-tab-bcd63cb4537c487062d\" id=\"tab-bcd63cb4537c487062d\">\n<p>The EFB hab-002 replaces the two middle feet of the <a href=\"https:\/\/aidboards.com\/en\/produkte\/betten\/efb-hab-001\/\">hab-001<\/a> through a box. This increases stability, load-bearing and durability and simplifies the set-up. The optional conversion to cholera treatment is no longer possible due to the continuous middle part. All other properties are identical:<\/p>\n<ul>\n<li>weight: 6,6 kg<\/li>\n<li>packing: 1200 x 780 x\u00a0 56 mm<\/li>\n<li>Teile: 9 (6+2+1)<\/li>\n<li>material: heavy corrugated cardboard (<a href=\"https:\/\/aidboards.com\/en\/hinweis-wellpappeprodukte\/\">remark <\/a>recommended)<\/li>\n<li>assembly time: ca. 8 min<\/li>\n<li>dimensions<\/li>\n<li>height: 407 mm<br \/>length: 2000 mm (2 module, adjustable)<br \/>width: 700 mm<\/li>\n<li>load: max. 120 kg<\/li>\n<\/ul>\n<p>Im <a href=\"https:\/\/aidboards.com\/en\/katalog\/sets\/katkit-l\/\">KatKit L<\/a> .<\/p>\n<\/div><div class=\"nav fusion-mobile-tab-nav\"><ul class=\"nav-tabs nav-justified\" role=\"tablist\" aria-orientation=\"horizontal\"><li  role=\"presentation\"><a class=\"tab-link\" data-toggle=\"tab\" role=\"tab\" aria-controls=\"tab-9a8e9dae6fbfccb8509\" aria-selected=\"false\" tabindex=\"-1\" id=\"mobile-fusion-tab-9a8e9dae6fbfccb8509\" href=\"#tab-9a8e9dae6fbfccb8509\"><h5 class=\"fusion-tab-heading\">features<i class=\"fontawesome-icon fa-cog fas\" aria-hidden=\"true\" style=\"font-size:16px;\"><\/i><\/h5><\/a><\/li><\/ul><\/div><div class=\"tab-pane fade fusion-clearfix\" role=\"tabpanel\" tabindex=\"0\" aria-labelledby=\"fusion-tab-9a8e9dae6fbfccb8509\" id=\"tab-9a8e9dae6fbfccb8509\">\n<ul>\n<li class=\"translation-block\">needs underlay 700 x 2000 mm (see <a href=\"https:\/\/aidboards.com\/en\/katalog\/matratzen\/\" target=\"_self\">mattresses<\/a>)<\/li>\n<li>similar parts allow for divison of labour for fast assembly<\/li>\n<li>\"soft\" feets (no damaging of flooring)<\/li>\n<li>reinforced for seating<\/li>\n<li>fastening for wardrobe or screens<\/li>\n<li>fastening for mosquitodome<\/li>\n<li>reparability through interchangeability of parts\/modules<\/li>\n<li>fastening for safety-rails or infusion (medical care)<\/li>\n<li>space for two storage boxes e.g. Zarges 550 x 350 x 380 mm<\/li>\n<li>enlarged shelf available (on request)<\/li>\n<li>fastenings for moisture protection<\/li>\n<\/ul>\n<p>fielding:<\/p>\n<ul>\n<li>emergency accomodation (tents, gyms, extra bed for hotel, ...)<\/li>\n<li>crew quarters<\/li>\n<li>medical care unit<\/li>\n<li>...<\/li>\n<\/ul>\n<\/div><div class=\"nav fusion-mobile-tab-nav\"><ul class=\"nav-tabs nav-justified\" role=\"tablist\" aria-orientation=\"horizontal\"><li  role=\"presentation\"><a class=\"tab-link\" data-toggle=\"tab\" role=\"tab\" aria-controls=\"tab-e401b19851f111f3d60\" aria-selected=\"false\" tabindex=\"-1\" id=\"mobile-fusion-tab-e401b19851f111f3d60\" href=\"#tab-e401b19851f111f3d60\"><h5 class=\"fusion-tab-heading\">manual<i class=\"fontawesome-icon fa-book-open fas\" aria-hidden=\"true\" style=\"font-size:16px;\"><\/i><\/h5><\/a><\/li><\/ul><\/div><div class=\"tab-pane fade fusion-clearfix\" role=\"tabpanel\" tabindex=\"0\" aria-labelledby=\"fusion-tab-e401b19851f111f3d60\" id=\"tab-e401b19851f111f3d60\">\n<p><a href=\"https:\/\/aidboards.com\/wp-content\/uploads\/2024\/10\/Anleitung-A0-EFB-hab-002-WEBSITE.pdf\">Grafik<\/a><\/p>\n<p><a href=\"https:\/\/aidboards.com\/wp-content\/uploads\/2024\/10\/Update-A0-EFB-hab-002-WEBSITE.pdf\">Grafik Update EFB hab-001<\/a><\/p>\n<p>Video in Arbeit (<a href=\"https:\/\/aidboards.com\/wp-content\/uploads\/2023\/11\/Manual A1 EFB hab-001.mp4\" data-wplink-url-error=\"true\">Video EFB hab-001<\/a>)<\/p>\n<\/div><\/div><\/div><\/div><\/div><\/div><\/div><\/p>","protected":false},"excerpt":{"rendered":"","protected":false},"author":1,"featured_media":0,"parent":2992,"menu_order":0,"comment_status":"closed","ping_status":"closed","template":"","meta":{"footnotes":""},"class_list":["post-3729","page","type-page","status-publish","hentry"],"yoast_head":"<!-- This site is optimized with the Yoast SEO plugin v27.4 - https:\/\/yoast.com\/product\/yoast-seo-wordpress\/ -->\n<title>EFB hab-002 - AidBoards<\/title>\n<meta name=\"description\" content=\"haltbares Unterkunftsbett aus Wellpappe f\u00fcr Ausnahmesituationen mit Ausbauoptionen und erh\u00f6hter Stabilit\u00e4t\" \/>\n<meta name=\"robots\" content=\"index, follow, max-snippet:-1, max-image-preview:large, max-video-preview:-1\" \/>\n<link rel=\"canonical\" href=\"https:\/\/aidboards.com\/en\/produkte\/betten\/efb-hab-002\/\" \/>\n<meta property=\"og:locale\" content=\"en_GB\" \/>\n<meta property=\"og:type\" content=\"article\" \/>\n<meta property=\"og:title\" content=\"EFB hab-002 - AidBoards\" \/>\n<meta property=\"og:description\" content=\"haltbares Unterkunftsbett aus Wellpappe f\u00fcr Ausnahmesituationen mit Ausbauoptionen und erh\u00f6hter Stabilit\u00e4t\" \/>\n<meta property=\"og:url\" content=\"https:\/\/aidboards.com\/en\/produkte\/betten\/efb-hab-002\/\" \/>\n<meta property=\"og:site_name\" content=\"AidBoards\" \/>\n<meta property=\"article:modified_time\" content=\"2025-02-19T20:59:51+00:00\" \/>\n<meta name=\"twitter:card\" content=\"summary_large_image\" \/>\n<meta name=\"twitter:label1\" content=\"Estimated reading time\" \/>\n\t<meta name=\"twitter:data1\" content=\"3 minutes\" \/>\n<script type=\"application\/ld+json\" class=\"yoast-schema-graph\">{\"@context\":\"https:\\\/\\\/schema.org\",\"@graph\":[{\"@type\":\"WebPage\",\"@id\":\"https:\\\/\\\/aidboards.com\\\/produkte\\\/betten\\\/efb-hab-002\\\/\",\"url\":\"https:\\\/\\\/aidboards.com\\\/produkte\\\/betten\\\/efb-hab-002\\\/\",\"name\":\"EFB hab-002 - AidBoards\",\"isPartOf\":{\"@id\":\"https:\\\/\\\/aidboards.com\\\/#website\"},\"datePublished\":\"2024-10-07T21:08:45+00:00\",\"dateModified\":\"2025-02-19T20:59:51+00:00\",\"description\":\"haltbares Unterkunftsbett aus Wellpappe f\u00fcr Ausnahmesituationen mit Ausbauoptionen und erh\u00f6hter Stabilit\u00e4t\",\"breadcrumb\":{\"@id\":\"https:\\\/\\\/aidboards.com\\\/produkte\\\/betten\\\/efb-hab-002\\\/#breadcrumb\"},\"inLanguage\":\"en-GB\",\"potentialAction\":[{\"@type\":\"ReadAction\",\"target\":[\"https:\\\/\\\/aidboards.com\\\/produkte\\\/betten\\\/efb-hab-002\\\/\"]}]},{\"@type\":\"BreadcrumbList\",\"@id\":\"https:\\\/\\\/aidboards.com\\\/produkte\\\/betten\\\/efb-hab-002\\\/#breadcrumb\",\"itemListElement\":[{\"@type\":\"ListItem\",\"position\":1,\"name\":\"Startseite\",\"item\":\"https:\\\/\\\/aidboards.com\\\/\"},{\"@type\":\"ListItem\",\"position\":2,\"name\":\"Produkte\",\"item\":\"https:\\\/\\\/aidboards.com\\\/produkte\\\/\"},{\"@type\":\"ListItem\",\"position\":3,\"name\":\"Betten\",\"item\":\"https:\\\/\\\/aidboards.com\\\/produkte\\\/betten\\\/\"},{\"@type\":\"ListItem\",\"position\":4,\"name\":\"EFB hab-002\"}]},{\"@type\":\"WebSite\",\"@id\":\"https:\\\/\\\/aidboards.com\\\/#website\",\"url\":\"https:\\\/\\\/aidboards.com\\\/\",\"name\":\"AidBoards\",\"description\":\"paper response\",\"potentialAction\":[{\"@type\":\"SearchAction\",\"target\":{\"@type\":\"EntryPoint\",\"urlTemplate\":\"https:\\\/\\\/aidboards.com\\\/?s={search_term_string}\"},\"query-input\":{\"@type\":\"PropertyValueSpecification\",\"valueRequired\":true,\"valueName\":\"search_term_string\"}}],\"inLanguage\":\"en-GB\"}]}<\/script>\n<!-- \/ Yoast SEO plugin. -->","yoast_head_json":{"title":"EFB hab-002 - AidBoards","description":"haltbares Unterkunftsbett aus Wellpappe f\u00fcr Ausnahmesituationen mit Ausbauoptionen und erh\u00f6hter Stabilit\u00e4t","robots":{"index":"index","follow":"follow","max-snippet":"max-snippet:-1","max-image-preview":"max-image-preview:large","max-video-preview":"max-video-preview:-1"},"canonical":"https:\/\/aidboards.com\/en\/produkte\/betten\/efb-hab-002\/","og_locale":"en_GB","og_type":"article","og_title":"EFB hab-002 - AidBoards","og_description":"haltbares Unterkunftsbett aus Wellpappe f\u00fcr Ausnahmesituationen mit Ausbauoptionen und erh\u00f6hter Stabilit\u00e4t","og_url":"https:\/\/aidboards.com\/en\/produkte\/betten\/efb-hab-002\/","og_site_name":"AidBoards","article_modified_time":"2025-02-19T20:59:51+00:00","twitter_card":"summary_large_image","twitter_misc":{"Estimated reading time":"3 minutes"},"schema":{"@context":"https:\/\/schema.org","@graph":[{"@type":"WebPage","@id":"https:\/\/aidboards.com\/produkte\/betten\/efb-hab-002\/","url":"https:\/\/aidboards.com\/produkte\/betten\/efb-hab-002\/","name":"EFB hab-002 - AidBoards","isPartOf":{"@id":"https:\/\/aidboards.com\/#website"},"datePublished":"2024-10-07T21:08:45+00:00","dateModified":"2025-02-19T20:59:51+00:00","description":"haltbares Unterkunftsbett aus Wellpappe f\u00fcr Ausnahmesituationen mit Ausbauoptionen und erh\u00f6hter Stabilit\u00e4t","breadcrumb":{"@id":"https:\/\/aidboards.com\/produkte\/betten\/efb-hab-002\/#breadcrumb"},"inLanguage":"en-GB","potentialAction":[{"@type":"ReadAction","target":["https:\/\/aidboards.com\/produkte\/betten\/efb-hab-002\/"]}]},{"@type":"BreadcrumbList","@id":"https:\/\/aidboards.com\/produkte\/betten\/efb-hab-002\/#breadcrumb","itemListElement":[{"@type":"ListItem","position":1,"name":"Startseite","item":"https:\/\/aidboards.com\/"},{"@type":"ListItem","position":2,"name":"Produkte","item":"https:\/\/aidboards.com\/produkte\/"},{"@type":"ListItem","position":3,"name":"Betten","item":"https:\/\/aidboards.com\/produkte\/betten\/"},{"@type":"ListItem","position":4,"name":"EFB hab-002"}]},{"@type":"WebSite","@id":"https:\/\/aidboards.com\/#website","url":"https:\/\/aidboards.com\/","name":"AidBoards","description":"paper response","potentialAction":[{"@type":"SearchAction","target":{"@type":"EntryPoint","urlTemplate":"https:\/\/aidboards.com\/?s={search_term_string}"},"query-input":{"@type":"PropertyValueSpecification","valueRequired":true,"valueName":"search_term_string"}}],"inLanguage":"en-GB"}]}},"_links":{"self":[{"href":"https:\/\/aidboards.com\/en\/wp-json\/wp\/v2\/pages\/3729","targetHints":{"allow":["GET"]}}],"collection":[{"href":"https:\/\/aidboards.com\/en\/wp-json\/wp\/v2\/pages"}],"about":[{"href":"https:\/\/aidboards.com\/en\/wp-json\/wp\/v2\/types\/page"}],"author":[{"embeddable":true,"href":"https:\/\/aidboards.com\/en\/wp-json\/wp\/v2\/users\/1"}],"replies":[{"embeddable":true,"href":"https:\/\/aidboards.com\/en\/wp-json\/wp\/v2\/comments?post=3729"}],"version-history":[{"count":10,"href":"https:\/\/aidboards.com\/en\/wp-json\/wp\/v2\/pages\/3729\/revisions"}],"predecessor-version":[{"id":3768,"href":"https:\/\/aidboards.com\/en\/wp-json\/wp\/v2\/pages\/3729\/revisions\/3768"}],"up":[{"embeddable":true,"href":"https:\/\/aidboards.com\/en\/wp-json\/wp\/v2\/pages\/2992"}],"wp:attachment":[{"href":"https:\/\/aidboards.com\/en\/wp-json\/wp\/v2\/media?parent=3729"}],"curies":[{"name":"wp","href":"https:\/\/api.w.org\/{rel}","templated":true}]}}