{"id":3663,"date":"2024-08-07T12:41:48","date_gmt":"2024-08-07T10:41:48","guid":{"rendered":"https:\/\/aidboards.com\/?page_id=3663"},"modified":"2025-10-01T12:11:50","modified_gmt":"2025-10-01T10:11:50","slug":"schwert","status":"publish","type":"page","link":"https:\/\/aidboards.com\/en\/katalog\/spielzeug\/schwert\/","title":{"rendered":"sword"},"content":{"rendered":"<p><div class=\"fusion-fullwidth fullwidth-box fusion-builder-row-1 fusion-flex-container nonhundred-percent-fullwidth non-hundred-percent-height-scrolling\" style=\"--awb-border-radius-top-left:0px;--awb-border-radius-top-right:0px;--awb-border-radius-bottom-right:0px;--awb-border-radius-bottom-left:0px;--awb-flex-wrap:wrap;\" ><div class=\"fusion-builder-row fusion-row fusion-flex-align-items-flex-start fusion-flex-content-wrap\" style=\"max-width:1248px;margin-left: calc(-4% \/ 2 );margin-right: calc(-4% \/ 2 );\"><div class=\"fusion-layout-column fusion_builder_column fusion-builder-column-0 fusion_builder_column_2_3 2_3 fusion-flex-column\" style=\"--awb-bg-size:cover;--awb-width-large:66.6666666667%;--awb-margin-top-large:0px;--awb-spacing-right-large:2.88%;--awb-margin-bottom-large:20px;--awb-spacing-left-large:2.88%;--awb-width-medium:66.6666666667%;--awb-order-medium:0;--awb-spacing-right-medium:2.88%;--awb-spacing-left-medium:2.88%;--awb-width-small:100%;--awb-order-small:0;--awb-spacing-right-small:1.92%;--awb-spacing-left-small:1.92%;\"><div class=\"fusion-column-wrapper fusion-column-has-shadow fusion-flex-justify-content-flex-start fusion-content-layout-column\"><div class=\"fusion-text fusion-text-1\"><h4 class=\"fusion-responsive-typography-calculated\" style=\"--fontsize: 28; line-height: 1.36;\" data-fontsize=\"28\" data-lineheight=\"38.0833px\">Schwert &#8222;Ulf&#8220;<\/h4>\n<\/div><\/div><\/div><div class=\"fusion-layout-column fusion_builder_column fusion-builder-column-1 fusion_builder_column_1_3 1_3 fusion-flex-column\" style=\"--awb-bg-size:cover;--awb-width-large:33.3333333333%;--awb-margin-top-large:0px;--awb-spacing-right-large:5.76%;--awb-margin-bottom-large:20px;--awb-spacing-left-large:5.76%;--awb-width-medium:33.3333333333%;--awb-order-medium:0;--awb-spacing-right-medium:5.76%;--awb-spacing-left-medium:5.76%;--awb-width-small:100%;--awb-order-small:0;--awb-spacing-right-small:1.92%;--awb-spacing-left-small:1.92%;\"><div class=\"fusion-column-wrapper fusion-column-has-shadow fusion-flex-justify-content-flex-start fusion-content-layout-column\"><\/div><\/div><div class=\"fusion-layout-column fusion_builder_column fusion-builder-column-2 fusion_builder_column_2_3 2_3 fusion-flex-column\" style=\"--awb-bg-size:cover;--awb-width-large:66.6666666667%;--awb-margin-top-large:0px;--awb-spacing-right-large:2.88%;--awb-margin-bottom-large:20px;--awb-spacing-left-large:2.88%;--awb-width-medium:66.6666666667%;--awb-order-medium:0;--awb-spacing-right-medium:2.88%;--awb-spacing-left-medium:2.88%;--awb-width-small:100%;--awb-order-small:0;--awb-spacing-right-small:1.92%;--awb-spacing-left-small:1.92%;\"><div class=\"fusion-column-wrapper fusion-column-has-shadow fusion-flex-justify-content-flex-start fusion-content-layout-column\"><div class=\"fusion-image-carousel fusion-image-carousel-auto fusion-image-carousel-1 fusion-carousel-border\"><div class=\"awb-carousel awb-swiper awb-swiper-carousel awb-carousel--carousel awb-swiper-dots-position-bottom\" data-layout=\"carousel\" data-autoplay=\"yes\" data-autoplayspeed=\"2500\" data-autoplaypause=\"no\" data-loop=\"yes\" data-columns=\"1\" data-columnsmedium=\"1\" data-columnssmall=\"1\" data-itemmargin=\"13\" data-itemwidth=\"180\" data-touchscroll=\"no\" data-freemode=\"no\" data-imagesize=\"auto\" data-scrollitems=\"0\" data-centeredslides=\"no\" data-rotationangle=\"50\" data-depth=\"100\" data-speed=\"500\" data-shadow=\"no\" data-pagination=\"bullets\" style=\"--awb-columns:1;--awb-border-width:1px;--awb-border-color:#e9eaee;\"><div class=\"swiper-wrapper awb-image-carousel-wrapper fusion-flex-align-items-center\"><div class=\"swiper-slide\"><div class=\"fusion-carousel-item-wrapper\"><div class=\"fusion-image-wrapper hover-type-zoomin\"><img decoding=\"async\" width=\"800\" height=\"600\" src=\"https:\/\/aidboards.com\/wp-content\/uploads\/2024\/08\/schwert-bausatz.jpg\" class=\"attachment-full size-full\" alt=\"\" srcset=\"https:\/\/aidboards.com\/wp-content\/uploads\/2024\/08\/schwert-bausatz-16x12.jpg 16w, https:\/\/aidboards.com\/wp-content\/uploads\/2024\/08\/schwert-bausatz-66x50.jpg 66w, https:\/\/aidboards.com\/wp-content\/uploads\/2024\/08\/schwert-bausatz-177x133.jpg 177w, https:\/\/aidboards.com\/wp-content\/uploads\/2024\/08\/schwert-bausatz-200x150.jpg 200w, https:\/\/aidboards.com\/wp-content\/uploads\/2024\/08\/schwert-bausatz-300x225.jpg 300w, https:\/\/aidboards.com\/wp-content\/uploads\/2024\/08\/schwert-bausatz-320x240.jpg 320w, https:\/\/aidboards.com\/wp-content\/uploads\/2024\/08\/schwert-bausatz-400x300.jpg 400w, https:\/\/aidboards.com\/wp-content\/uploads\/2024\/08\/schwert-bausatz-460x345.jpg 460w, https:\/\/aidboards.com\/wp-content\/uploads\/2024\/08\/schwert-bausatz-540x405.jpg 540w, https:\/\/aidboards.com\/wp-content\/uploads\/2024\/08\/schwert-bausatz-600x450.jpg 600w, https:\/\/aidboards.com\/wp-content\/uploads\/2024\/08\/schwert-bausatz-669x502.jpg 669w, https:\/\/aidboards.com\/wp-content\/uploads\/2024\/08\/schwert-bausatz-700x525.jpg 700w, https:\/\/aidboards.com\/wp-content\/uploads\/2024\/08\/schwert-bausatz-768x576.jpg 768w, https:\/\/aidboards.com\/wp-content\/uploads\/2024\/08\/schwert-bausatz.jpg 800w\" sizes=\"(max-width: 800px) 100vw, 800px\" \/><\/div><\/div><\/div><div class=\"swiper-slide\"><div class=\"fusion-carousel-item-wrapper\"><div class=\"fusion-image-wrapper hover-type-zoomin\"><img decoding=\"async\" width=\"800\" height=\"600\" src=\"https:\/\/aidboards.com\/wp-content\/uploads\/2024\/08\/schwert-montiert.jpg\" class=\"attachment-full size-full\" alt=\"\" srcset=\"https:\/\/aidboards.com\/wp-content\/uploads\/2024\/08\/schwert-montiert-16x12.jpg 16w, https:\/\/aidboards.com\/wp-content\/uploads\/2024\/08\/schwert-montiert-66x50.jpg 66w, https:\/\/aidboards.com\/wp-content\/uploads\/2024\/08\/schwert-montiert-177x133.jpg 177w, https:\/\/aidboards.com\/wp-content\/uploads\/2024\/08\/schwert-montiert-200x150.jpg 200w, https:\/\/aidboards.com\/wp-content\/uploads\/2024\/08\/schwert-montiert-300x225.jpg 300w, https:\/\/aidboards.com\/wp-content\/uploads\/2024\/08\/schwert-montiert-320x240.jpg 320w, https:\/\/aidboards.com\/wp-content\/uploads\/2024\/08\/schwert-montiert-400x300.jpg 400w, https:\/\/aidboards.com\/wp-content\/uploads\/2024\/08\/schwert-montiert-460x345.jpg 460w, https:\/\/aidboards.com\/wp-content\/uploads\/2024\/08\/schwert-montiert-540x405.jpg 540w, https:\/\/aidboards.com\/wp-content\/uploads\/2024\/08\/schwert-montiert-600x450.jpg 600w, https:\/\/aidboards.com\/wp-content\/uploads\/2024\/08\/schwert-montiert-669x502.jpg 669w, https:\/\/aidboards.com\/wp-content\/uploads\/2024\/08\/schwert-montiert-700x525.jpg 700w, https:\/\/aidboards.com\/wp-content\/uploads\/2024\/08\/schwert-montiert-768x576.jpg 768w, https:\/\/aidboards.com\/wp-content\/uploads\/2024\/08\/schwert-montiert.jpg 800w\" sizes=\"(max-width: 800px) 100vw, 800px\" \/><\/div><\/div><\/div><div class=\"swiper-slide\"><div class=\"fusion-carousel-item-wrapper\"><div class=\"fusion-image-wrapper hover-type-zoomin\"><img decoding=\"async\" width=\"800\" height=\"600\" src=\"https:\/\/aidboards.com\/wp-content\/uploads\/2024\/08\/schwert-nutzung.jpg\" class=\"attachment-full size-full\" alt=\"\" srcset=\"https:\/\/aidboards.com\/wp-content\/uploads\/2024\/08\/schwert-nutzung-16x12.jpg 16w, https:\/\/aidboards.com\/wp-content\/uploads\/2024\/08\/schwert-nutzung-66x50.jpg 66w, https:\/\/aidboards.com\/wp-content\/uploads\/2024\/08\/schwert-nutzung-177x133.jpg 177w, https:\/\/aidboards.com\/wp-content\/uploads\/2024\/08\/schwert-nutzung-200x150.jpg 200w, https:\/\/aidboards.com\/wp-content\/uploads\/2024\/08\/schwert-nutzung-300x225.jpg 300w, https:\/\/aidboards.com\/wp-content\/uploads\/2024\/08\/schwert-nutzung-320x240.jpg 320w, https:\/\/aidboards.com\/wp-content\/uploads\/2024\/08\/schwert-nutzung-400x300.jpg 400w, https:\/\/aidboards.com\/wp-content\/uploads\/2024\/08\/schwert-nutzung-460x345.jpg 460w, https:\/\/aidboards.com\/wp-content\/uploads\/2024\/08\/schwert-nutzung-540x405.jpg 540w, https:\/\/aidboards.com\/wp-content\/uploads\/2024\/08\/schwert-nutzung-600x450.jpg 600w, https:\/\/aidboards.com\/wp-content\/uploads\/2024\/08\/schwert-nutzung-669x502.jpg 669w, https:\/\/aidboards.com\/wp-content\/uploads\/2024\/08\/schwert-nutzung-700x525.jpg 700w, https:\/\/aidboards.com\/wp-content\/uploads\/2024\/08\/schwert-nutzung-768x576.jpg 768w, https:\/\/aidboards.com\/wp-content\/uploads\/2024\/08\/schwert-nutzung.jpg 800w\" sizes=\"(max-width: 800px) 100vw, 800px\" \/><\/div><\/div><\/div><\/div><div class=\"awb-swiper-button awb-swiper-button-prev\"><i class=\"awb-icon-angle-left\" aria-hidden=\"true\"><\/i><\/div><div class=\"awb-swiper-button awb-swiper-button-next\"><i class=\"awb-icon-angle-right\" aria-hidden=\"true\"><\/i><\/div><\/div><\/div><\/div><\/div><div class=\"fusion-layout-column fusion_builder_column fusion-builder-column-3 fusion_builder_column_1_3 1_3 fusion-flex-column\" style=\"--awb-bg-size:cover;--awb-width-large:33.3333333333%;--awb-margin-top-large:0px;--awb-spacing-right-large:5.76%;--awb-margin-bottom-large:20px;--awb-spacing-left-large:5.76%;--awb-width-medium:33.3333333333%;--awb-order-medium:0;--awb-spacing-right-medium:5.76%;--awb-spacing-left-medium:5.76%;--awb-width-small:100%;--awb-order-small:0;--awb-spacing-right-small:1.92%;--awb-spacing-left-small:1.92%;\"><div class=\"fusion-column-wrapper fusion-column-has-shadow fusion-flex-justify-content-flex-start fusion-content-layout-column\"><div class=\"fusion-text fusion-text-2\"><h3 class=\"\" style=\"--fontsize: 32; line-height: 1.3;\" data-fontsize=\"32\" data-lineheight=\"41.6px\">19,95 (3er-Set)<\/h3>\n<p><i>VAT included<\/i><\/p>\n<\/div><div class=\"fusion-separator fusion-full-width-sep\" style=\"align-self: center;margin-left: auto;margin-right: auto;margin-top:50px;width:100%;\"><\/div><div class=\"fusion-text fusion-text-3\"><p>available via:<\/p>\n<\/div><div class=\"fusion-separator fusion-full-width-sep\" style=\"align-self: center;margin-left: auto;margin-right: auto;width:100%;\"><\/div><div style=\"text-align:center;\"><a class=\"fusion-button button-flat fusion-button-default-size button-default fusion-button-default button-1 fusion-button-span-yes fusion-button-default-type\" target=\"_self\" href=\"https:\/\/www.etsy.com\/de\/shop\/AidBoards?ref=shop-header-name&amp;listing_id=4323587992&amp;from_page=listing\"><span class=\"fusion-button-text awb-button__text awb-button__text--default\">Etsy<\/span><\/a><\/div><div class=\"fusion-text fusion-text-4\"><p style=\"text-align: center;\"><em>Weiterleitung zu etsy.com<\/em><\/p>\n<\/div><div style=\"text-align:center;\"><a class=\"fusion-button button-flat fusion-button-default-size button-default fusion-button-default button-2 fusion-button-span-yes fusion-button-default-type\" target=\"_self\" href=\"https:\/\/aidboards.com\/en\/kontakt\/\"><span class=\"fusion-button-text awb-button__text awb-button__text--default\">request<\/span><\/a><\/div><div class=\"fusion-text fusion-text-5\"><p style=\"text-align: center;\"><span style=\"color: #808080;\"><em>per Direkt-Anfrage (10% Rabatt f\u00fcr Hilfsorganisationen\/Gro\u00dfmengen)<br \/>\n<\/em><\/span><\/p>\n<\/div><div class=\"fusion-text fusion-text-6\"><p class=\"translation-block\">Further questions? Please visit the <a href=\"https:\/\/aidboards.com\/en\/faq\/\" target=\"_self\"><strong>FAQs<\/strong><\/a> or get in <strong><a href=\"https:\/\/aidboards.com\/en\/kontakt\/\" target=\"_self\">contact<\/a><\/strong>.<\/p>\n<\/div><\/div><\/div><\/div><\/div><div class=\"fusion-fullwidth fullwidth-box fusion-builder-row-2 fusion-flex-container has-pattern-background has-mask-background nonhundred-percent-fullwidth non-hundred-percent-height-scrolling\" style=\"--awb-border-radius-top-left:0px;--awb-border-radius-top-right:0px;--awb-border-radius-bottom-right:0px;--awb-border-radius-bottom-left:0px;--awb-flex-wrap:wrap;\" ><div class=\"fusion-builder-row fusion-row fusion-flex-align-items-flex-start fusion-flex-content-wrap\" style=\"max-width:1248px;margin-left: calc(-4% \/ 2 );margin-right: calc(-4% \/ 2 );\"><div class=\"fusion-layout-column fusion_builder_column fusion-builder-column-4 fusion_builder_column_1_1 1_1 fusion-flex-column\" style=\"--awb-bg-size:cover;--awb-width-large:100%;--awb-margin-top-large:0px;--awb-spacing-right-large:1.92%;--awb-margin-bottom-large:20px;--awb-spacing-left-large:1.92%;--awb-width-medium:100%;--awb-order-medium:0;--awb-spacing-right-medium:1.92%;--awb-spacing-left-medium:1.92%;--awb-width-small:100%;--awb-order-small:0;--awb-spacing-right-small:1.92%;--awb-spacing-left-small:1.92%;\"><div class=\"fusion-column-wrapper fusion-column-has-shadow fusion-flex-justify-content-flex-start fusion-content-layout-column\"><div class=\"fusion-tabs-sticky-helper\" style=\"height:1px;\"><\/div><div class=\"fusion-tabs fusion-tabs-1 clean nav-is-justified sticky-tabs horizontal-tabs icon-position-right mobile-mode-accordion\" style=\"--icon-color:#ffffff;--icon-active-color:#ffffff;--awb-title-border-radius-top-left:0px;--awb-title-border-radius-top-right:0px;--awb-title-border-radius-bottom-right:0px;--awb-title-border-radius-bottom-left:0px;--awb-title-font-size:16px;--awb-title-text-transform:none;--awb-title-line-height:var(--awb-typography2-line-height);--awb-title-letter-spacing:var(--awb-typography2-letter-spacing);--awb-alignment:start;--awb-inactive-color:rgba(149,153,157,0.46);--awb-title-text-color:#ffffff;--awb-title-active-text-color:#ffffff;--awb-background-color:#95999d;--awb-border-color:var(--awb-color1);--awb-active-border-color:rgba(60,96,158,0.58);--awb-title-font-family:&quot;Sen&quot;;--awb-title-font-style:normal;--awb-title-font-weight:700;\"><div class=\"nav\"><ul class=\"nav-tabs nav-justified\" role=\"tablist\" aria-orientation=\"horizontal\"><li class=\"active\" role=\"presentation\"><a class=\"tab-link\" data-toggle=\"tab\" role=\"tab\" aria-controls=\"tab-63fe9e9292eb93945ea\" aria-selected=\"true\" tabindex=\"0\" id=\"fusion-tab-63fe9e9292eb93945ea\" href=\"#tab-63fe9e9292eb93945ea\"><h5 class=\"fusion-tab-heading\">discribtion<i class=\"fontawesome-icon fa-exclamation fas\" aria-hidden=\"true\" style=\"font-size:16px;\"><\/i><\/h5><\/a><\/li><li  role=\"presentation\"><a class=\"tab-link\" data-toggle=\"tab\" role=\"tab\" aria-controls=\"tab-5552c11c19f18da923a\" aria-selected=\"false\" tabindex=\"-1\" id=\"fusion-tab-5552c11c19f18da923a\" href=\"#tab-5552c11c19f18da923a\"><h5 class=\"fusion-tab-heading\">features<i class=\"fontawesome-icon fa-cog fas\" aria-hidden=\"true\" style=\"font-size:16px;\"><\/i><\/h5><\/a><\/li><li  role=\"presentation\"><a class=\"tab-link\" data-toggle=\"tab\" role=\"tab\" aria-controls=\"tab-de417858527fa4a02b0\" aria-selected=\"false\" tabindex=\"-1\" id=\"fusion-tab-de417858527fa4a02b0\" href=\"#tab-de417858527fa4a02b0\"><h5 class=\"fusion-tab-heading\">manual<i class=\"fontawesome-icon fa-book-open fas\" aria-hidden=\"true\" style=\"font-size:16px;\"><\/i><\/h5><\/a><\/li><\/ul><\/div><div class=\"tab-content\"><div class=\"nav fusion-mobile-tab-nav\"><ul class=\"nav-tabs nav-justified\" role=\"tablist\" aria-orientation=\"horizontal\"><li class=\"active\" role=\"presentation\"><a class=\"tab-link\" data-toggle=\"tab\" role=\"tab\" aria-controls=\"tab-63fe9e9292eb93945ea\" aria-selected=\"true\" tabindex=\"0\" id=\"mobile-fusion-tab-63fe9e9292eb93945ea\" href=\"#tab-63fe9e9292eb93945ea\"><h5 class=\"fusion-tab-heading\">discribtion<i class=\"fontawesome-icon fa-exclamation fas\" aria-hidden=\"true\" style=\"font-size:16px;\"><\/i><\/h5><\/a><\/li><\/ul><\/div><div class=\"tab-pane fade fusion-clearfix in active\" role=\"tabpanel\" tabindex=\"0\" aria-labelledby=\"fusion-tab-63fe9e9292eb93945ea\" id=\"tab-63fe9e9292eb93945ea\">\n<p>Dieser Spielzeugbausatz ist zur Verwertung von Produktionsresten entstanden.<\/p>\n<ul>\n<li>weight: 0,1 kg<\/li>\n<li>parts: 7<\/li>\n<li>material: heavy corrugated cardboard (<a href=\"https:\/\/aidboards.com\/en\/hinweis-wellpappeprodukte\/\">remark <\/a>recommended)<\/li>\n<li>assembly time: ca. 5 min<\/li>\n<li>dimensions<br \/>\nheight: 35 mm<br \/>\nwidth: 120 mm<br \/>\nlength: 550 mm<\/li>\n<li>frei mit Farben\/Accesoires gestaltbar<\/li>\n<\/ul>\n<\/div><div class=\"nav fusion-mobile-tab-nav\"><ul class=\"nav-tabs nav-justified\" role=\"tablist\" aria-orientation=\"horizontal\"><li  role=\"presentation\"><a class=\"tab-link\" data-toggle=\"tab\" role=\"tab\" aria-controls=\"tab-5552c11c19f18da923a\" aria-selected=\"false\" tabindex=\"-1\" id=\"mobile-fusion-tab-5552c11c19f18da923a\" href=\"#tab-5552c11c19f18da923a\"><h5 class=\"fusion-tab-heading\">features<i class=\"fontawesome-icon fa-cog fas\" aria-hidden=\"true\" style=\"font-size:16px;\"><\/i><\/h5><\/a><\/li><\/ul><\/div><div class=\"tab-pane fade fusion-clearfix\" role=\"tabpanel\" tabindex=\"0\" aria-labelledby=\"fusion-tab-5552c11c19f18da923a\" id=\"tab-5552c11c19f18da923a\">\n<ul>\n<li>assembling via gluing<\/li>\n<li>left overs usable as additional design elements<\/li>\n<li>custom-fit<\/li>\n<li>upcycling of production remains<\/li>\n<\/ul>\n<p>fielding:<\/p>\n<ul>\n<li>events<\/li>\n<li>educational work<\/li>\n<li>&#8230;<\/li>\n<\/ul>\n<ul>\n<li style=\"list-style-type: none;\"><\/li>\n<\/ul>\n<\/div><div class=\"nav fusion-mobile-tab-nav\"><ul class=\"nav-tabs nav-justified\" role=\"tablist\" aria-orientation=\"horizontal\"><li  role=\"presentation\"><a class=\"tab-link\" data-toggle=\"tab\" role=\"tab\" aria-controls=\"tab-de417858527fa4a02b0\" aria-selected=\"false\" tabindex=\"-1\" id=\"mobile-fusion-tab-de417858527fa4a02b0\" href=\"#tab-de417858527fa4a02b0\"><h5 class=\"fusion-tab-heading\">manual<i class=\"fontawesome-icon fa-book-open fas\" aria-hidden=\"true\" style=\"font-size:16px;\"><\/i><\/h5><\/a><\/li><\/ul><\/div><div class=\"tab-pane fade fusion-clearfix\" role=\"tabpanel\" tabindex=\"0\" aria-labelledby=\"fusion-tab-de417858527fa4a02b0\" id=\"tab-de417858527fa4a02b0\">\n<p><a href=\"https:\/\/aidboards.com\/wp-content\/uploads\/2025\/10\/Anleitung-sword_A1.jpg\">Grafik<\/a><\/p>\n<div style=\"width: 1200px;\" class=\"wp-video\"><video class=\"wp-video-shortcode\" id=\"video-3663-1\" width=\"1200\" height=\"675\" preload=\"metadata\" controls=\"controls\"><source type=\"video\/mp4\" src=\"https:\/\/aidboards.com\/wp-content\/uploads\/2025\/10\/Setup%20Ulf%20A0.mp4?_=1\" \/><a href=\"https:\/\/aidboards.com\/wp-content\/uploads\/2025\/10\/Setup%20Ulf%20A0.mp4\">https:\/\/aidboards.com\/wp-content\/uploads\/2025\/10\/Setup%20Ulf%20A0.mp4<\/a><\/video><\/div>\n<\/div><\/div><\/div><\/div><\/div><\/div><\/div><\/p>","protected":false},"excerpt":{"rendered":"","protected":false},"author":1,"featured_media":0,"parent":3642,"menu_order":0,"comment_status":"closed","ping_status":"closed","template":"","meta":{"footnotes":""},"class_list":["post-3663","page","type-page","status-publish","hentry"],"yoast_head":"<!-- This site is optimized with the Yoast SEO plugin v27.5 - https:\/\/yoast.com\/product\/yoast-seo-wordpress\/ -->\n<title>Schwert - AidBoards<\/title>\n<meta name=\"description\" content=\"Die Baus\u00e4tze werden aus Produktionsresten als Werbetr\u00e4ger f\u00fcr das humanit\u00e4re Einweg-Mobiliar von AidBoards hergestellt.\" \/>\n<meta name=\"robots\" content=\"index, follow, max-snippet:-1, max-image-preview:large, max-video-preview:-1\" \/>\n<link rel=\"canonical\" href=\"https:\/\/aidboards.com\/en\/katalog\/spielzeug\/schwert\/\" \/>\n<meta property=\"og:locale\" content=\"en_GB\" \/>\n<meta property=\"og:type\" content=\"article\" \/>\n<meta property=\"og:title\" content=\"Schwert - AidBoards\" \/>\n<meta property=\"og:description\" content=\"Die Baus\u00e4tze werden aus Produktionsresten als Werbetr\u00e4ger f\u00fcr das humanit\u00e4re Einweg-Mobiliar von AidBoards hergestellt.\" \/>\n<meta property=\"og:url\" content=\"https:\/\/aidboards.com\/en\/katalog\/spielzeug\/schwert\/\" \/>\n<meta property=\"og:site_name\" content=\"AidBoards\" \/>\n<meta property=\"article:modified_time\" content=\"2025-10-01T10:11:50+00:00\" \/>\n<meta name=\"twitter:card\" content=\"summary_large_image\" \/>\n<meta name=\"twitter:label1\" content=\"Estimated reading time\" \/>\n\t<meta name=\"twitter:data1\" content=\"2 minutes\" \/>\n<script type=\"application\/ld+json\" class=\"yoast-schema-graph\">{\"@context\":\"https:\\\/\\\/schema.org\",\"@graph\":[{\"@type\":\"WebPage\",\"@id\":\"https:\\\/\\\/aidboards.com\\\/katalog\\\/spielzeug\\\/schwert\\\/\",\"url\":\"https:\\\/\\\/aidboards.com\\\/katalog\\\/spielzeug\\\/schwert\\\/\",\"name\":\"Schwert - AidBoards\",\"isPartOf\":{\"@id\":\"https:\\\/\\\/aidboards.com\\\/#website\"},\"datePublished\":\"2024-08-07T10:41:48+00:00\",\"dateModified\":\"2025-10-01T10:11:50+00:00\",\"description\":\"Die Baus\u00e4tze werden aus Produktionsresten als Werbetr\u00e4ger f\u00fcr das humanit\u00e4re Einweg-Mobiliar von AidBoards hergestellt.\",\"breadcrumb\":{\"@id\":\"https:\\\/\\\/aidboards.com\\\/katalog\\\/spielzeug\\\/schwert\\\/#breadcrumb\"},\"inLanguage\":\"en-GB\",\"potentialAction\":[{\"@type\":\"ReadAction\",\"target\":[\"https:\\\/\\\/aidboards.com\\\/katalog\\\/spielzeug\\\/schwert\\\/\"]}]},{\"@type\":\"BreadcrumbList\",\"@id\":\"https:\\\/\\\/aidboards.com\\\/katalog\\\/spielzeug\\\/schwert\\\/#breadcrumb\",\"itemListElement\":[{\"@type\":\"ListItem\",\"position\":1,\"name\":\"Startseite\",\"item\":\"https:\\\/\\\/aidboards.com\\\/\"},{\"@type\":\"ListItem\",\"position\":2,\"name\":\"Katalog\",\"item\":\"https:\\\/\\\/aidboards.com\\\/katalog\\\/\"},{\"@type\":\"ListItem\",\"position\":3,\"name\":\"Spielzeug\",\"item\":\"https:\\\/\\\/aidboards.com\\\/katalog\\\/spielzeug\\\/\"},{\"@type\":\"ListItem\",\"position\":4,\"name\":\"Schwert\"}]},{\"@type\":\"WebSite\",\"@id\":\"https:\\\/\\\/aidboards.com\\\/#website\",\"url\":\"https:\\\/\\\/aidboards.com\\\/\",\"name\":\"AidBoards\",\"description\":\"paper response\",\"potentialAction\":[{\"@type\":\"SearchAction\",\"target\":{\"@type\":\"EntryPoint\",\"urlTemplate\":\"https:\\\/\\\/aidboards.com\\\/?s={search_term_string}\"},\"query-input\":{\"@type\":\"PropertyValueSpecification\",\"valueRequired\":true,\"valueName\":\"search_term_string\"}}],\"inLanguage\":\"en-GB\"}]}<\/script>\n<!-- \/ Yoast SEO plugin. -->","yoast_head_json":{"title":"Schwert - AidBoards","description":"Die Baus\u00e4tze werden aus Produktionsresten als Werbetr\u00e4ger f\u00fcr das humanit\u00e4re Einweg-Mobiliar von AidBoards hergestellt.","robots":{"index":"index","follow":"follow","max-snippet":"max-snippet:-1","max-image-preview":"max-image-preview:large","max-video-preview":"max-video-preview:-1"},"canonical":"https:\/\/aidboards.com\/en\/katalog\/spielzeug\/schwert\/","og_locale":"en_GB","og_type":"article","og_title":"Schwert - AidBoards","og_description":"Die Baus\u00e4tze werden aus Produktionsresten als Werbetr\u00e4ger f\u00fcr das humanit\u00e4re Einweg-Mobiliar von AidBoards hergestellt.","og_url":"https:\/\/aidboards.com\/en\/katalog\/spielzeug\/schwert\/","og_site_name":"AidBoards","article_modified_time":"2025-10-01T10:11:50+00:00","twitter_card":"summary_large_image","twitter_misc":{"Estimated reading time":"2 minutes"},"schema":{"@context":"https:\/\/schema.org","@graph":[{"@type":"WebPage","@id":"https:\/\/aidboards.com\/katalog\/spielzeug\/schwert\/","url":"https:\/\/aidboards.com\/katalog\/spielzeug\/schwert\/","name":"Schwert - AidBoards","isPartOf":{"@id":"https:\/\/aidboards.com\/#website"},"datePublished":"2024-08-07T10:41:48+00:00","dateModified":"2025-10-01T10:11:50+00:00","description":"Die Baus\u00e4tze werden aus Produktionsresten als Werbetr\u00e4ger f\u00fcr das humanit\u00e4re Einweg-Mobiliar von AidBoards hergestellt.","breadcrumb":{"@id":"https:\/\/aidboards.com\/katalog\/spielzeug\/schwert\/#breadcrumb"},"inLanguage":"en-GB","potentialAction":[{"@type":"ReadAction","target":["https:\/\/aidboards.com\/katalog\/spielzeug\/schwert\/"]}]},{"@type":"BreadcrumbList","@id":"https:\/\/aidboards.com\/katalog\/spielzeug\/schwert\/#breadcrumb","itemListElement":[{"@type":"ListItem","position":1,"name":"Startseite","item":"https:\/\/aidboards.com\/"},{"@type":"ListItem","position":2,"name":"Katalog","item":"https:\/\/aidboards.com\/katalog\/"},{"@type":"ListItem","position":3,"name":"Spielzeug","item":"https:\/\/aidboards.com\/katalog\/spielzeug\/"},{"@type":"ListItem","position":4,"name":"Schwert"}]},{"@type":"WebSite","@id":"https:\/\/aidboards.com\/#website","url":"https:\/\/aidboards.com\/","name":"AidBoards","description":"paper response","potentialAction":[{"@type":"SearchAction","target":{"@type":"EntryPoint","urlTemplate":"https:\/\/aidboards.com\/?s={search_term_string}"},"query-input":{"@type":"PropertyValueSpecification","valueRequired":true,"valueName":"search_term_string"}}],"inLanguage":"en-GB"}]}},"_links":{"self":[{"href":"https:\/\/aidboards.com\/en\/wp-json\/wp\/v2\/pages\/3663","targetHints":{"allow":["GET"]}}],"collection":[{"href":"https:\/\/aidboards.com\/en\/wp-json\/wp\/v2\/pages"}],"about":[{"href":"https:\/\/aidboards.com\/en\/wp-json\/wp\/v2\/types\/page"}],"author":[{"embeddable":true,"href":"https:\/\/aidboards.com\/en\/wp-json\/wp\/v2\/users\/1"}],"replies":[{"embeddable":true,"href":"https:\/\/aidboards.com\/en\/wp-json\/wp\/v2\/comments?post=3663"}],"version-history":[{"count":4,"href":"https:\/\/aidboards.com\/en\/wp-json\/wp\/v2\/pages\/3663\/revisions"}],"predecessor-version":[{"id":3797,"href":"https:\/\/aidboards.com\/en\/wp-json\/wp\/v2\/pages\/3663\/revisions\/3797"}],"up":[{"embeddable":true,"href":"https:\/\/aidboards.com\/en\/wp-json\/wp\/v2\/pages\/3642"}],"wp:attachment":[{"href":"https:\/\/aidboards.com\/en\/wp-json\/wp\/v2\/media?parent=3663"}],"curies":[{"name":"wp","href":"https:\/\/api.w.org\/{rel}","templated":true}]}}