{"id":3587,"date":"2024-06-14T14:19:29","date_gmt":"2024-06-14T12:19:29","guid":{"rendered":"https:\/\/aidboards.com\/?page_id=3587"},"modified":"2024-10-04T23:19:34","modified_gmt":"2024-10-04T21:19:34","slug":"showroom","status":"publish","type":"page","link":"https:\/\/aidboards.com\/en\/showroom\/","title":{"rendered":"showroom"},"content":{"rendered":"<p><div class=\"fusion-fullwidth fullwidth-box fusion-builder-row-1 fusion-flex-container has-pattern-background has-mask-background nonhundred-percent-fullwidth non-hundred-percent-height-scrolling\" style=\"--awb-border-radius-top-left:0px;--awb-border-radius-top-right:0px;--awb-border-radius-bottom-right:0px;--awb-border-radius-bottom-left:0px;--awb-flex-wrap:wrap;\" ><div class=\"fusion-builder-row fusion-row fusion-flex-align-items-flex-start fusion-flex-content-wrap\" style=\"max-width:1248px;margin-left: calc(-4% \/ 2 );margin-right: calc(-4% \/ 2 );\"><div class=\"fusion-layout-column fusion_builder_column fusion-builder-column-0 fusion_builder_column_1_1 1_1 fusion-flex-column\" style=\"--awb-bg-size:cover;--awb-width-large:100%;--awb-margin-top-large:0px;--awb-spacing-right-large:1.92%;--awb-margin-bottom-large:20px;--awb-spacing-left-large:1.92%;--awb-width-medium:100%;--awb-order-medium:0;--awb-spacing-right-medium:1.92%;--awb-spacing-left-medium:1.92%;--awb-width-small:100%;--awb-order-small:0;--awb-spacing-right-small:1.92%;--awb-spacing-left-small:1.92%;\"><div class=\"fusion-column-wrapper fusion-column-has-shadow fusion-flex-justify-content-flex-start fusion-content-layout-column\"><div class=\"fusion-text fusion-text-1\"><h5 class=\"title-heading-left\">Showroom mit Werksverkauf<br \/><\/h5>\n<\/div><\/div><\/div><\/div><\/div><div class=\"fusion-fullwidth fullwidth-box fusion-builder-row-2 fusion-flex-container has-pattern-background has-mask-background nonhundred-percent-fullwidth non-hundred-percent-height-scrolling\" style=\"--awb-border-radius-top-left:0px;--awb-border-radius-top-right:0px;--awb-border-radius-bottom-right:0px;--awb-border-radius-bottom-left:0px;--awb-flex-wrap:wrap;\" ><div class=\"fusion-builder-row fusion-row fusion-flex-align-items-flex-start fusion-flex-content-wrap\" style=\"max-width:1248px;margin-left: calc(-4% \/ 2 );margin-right: calc(-4% \/ 2 );\"><div class=\"fusion-layout-column fusion_builder_column fusion-builder-column-1 fusion_builder_column_1_3 1_3 fusion-flex-column\" style=\"--awb-bg-size:cover;--awb-width-large:33.3333333333%;--awb-margin-top-large:0px;--awb-spacing-right-large:5.76%;--awb-margin-bottom-large:0px;--awb-spacing-left-large:5.76%;--awb-width-medium:33.3333333333%;--awb-order-medium:0;--awb-spacing-right-medium:5.76%;--awb-spacing-left-medium:5.76%;--awb-width-small:100%;--awb-order-small:0;--awb-spacing-right-small:1.92%;--awb-spacing-left-small:1.92%;\"><div class=\"fusion-column-wrapper fusion-column-has-shadow fusion-flex-justify-content-flex-start fusion-content-layout-column\"><div class=\"fusion-text fusion-text-2\"><p>A selection of standard products can be viewed and tried out in the foyer of St\u00f6lzer Verpackung's offices. Exhibited products can be purchased directly, even individually. Payment is possible in cash or via PayPal when pre-ordering in the St\u00f6lzer onlineshop (delivery option \"Abholung\"). Please note: Only German speaking sales staff on site.<\/p>\n<\/div><\/div><\/div><div class=\"fusion-layout-column fusion_builder_column fusion-builder-column-2 fusion_builder_column_1_3 1_3 fusion-flex-column\" style=\"--awb-bg-size:cover;--awb-width-large:33.3333333333%;--awb-margin-top-large:0px;--awb-spacing-right-large:5.76%;--awb-margin-bottom-large:20px;--awb-spacing-left-large:5.76%;--awb-width-medium:33.3333333333%;--awb-order-medium:0;--awb-spacing-right-medium:5.76%;--awb-spacing-left-medium:5.76%;--awb-width-small:100%;--awb-order-small:0;--awb-spacing-right-small:1.92%;--awb-spacing-left-small:1.92%;\"><div class=\"fusion-column-wrapper fusion-column-has-shadow fusion-flex-justify-content-flex-start fusion-content-layout-column\"><div class=\"fusion-text fusion-text-3\"><p>St\u00f6lzer Verpackungen GmbH<br \/>\nWindbergstra\u00dfe 2<br \/>\n01728 Bannewitz<\/p>\n<\/div><div class=\"fusion-text fusion-text-4\"><p>Mo. \u2013 Do. 08.00 \u2013 16.00 Uhr<br \/>\nFr. 08.00 \u2013 14.00 Uhr<br \/>\nor by arrangement<\/p>\n<\/div><\/div><\/div><div class=\"fusion-layout-column fusion_builder_column fusion-builder-column-3 fusion_builder_column_1_3 1_3 fusion-flex-column\" style=\"--awb-bg-size:cover;--awb-width-large:33.3333333333%;--awb-margin-top-large:0px;--awb-spacing-right-large:5.76%;--awb-margin-bottom-large:20px;--awb-spacing-left-large:5.76%;--awb-width-medium:33.3333333333%;--awb-order-medium:0;--awb-spacing-right-medium:5.76%;--awb-spacing-left-medium:5.76%;--awb-width-small:100%;--awb-order-small:0;--awb-spacing-right-small:1.92%;--awb-spacing-left-small:1.92%;\"><div class=\"fusion-column-wrapper fusion-column-has-shadow fusion-flex-justify-content-flex-start fusion-content-layout-column\"><div class=\"fusion-text fusion-text-5\"><p>via bus 360 Stop \u201eBannewitz Windbergstra\u00dfe\u201c<\/p>\n<p>via bycicle from west via Caitzer Hight - Cunnersdorf - hardware store or from central Dresden via Old-Mockritz - hardware store<\/p>\n<p>via car gateway \"Gut Leben\" directly at the B170 (parkingside at the place)<\/p>\n<\/div><\/div><\/div><div class=\"fusion-layout-column fusion_builder_column fusion-builder-column-4 fusion_builder_column_1_2 1_2 fusion-flex-column\" style=\"--awb-bg-size:cover;--awb-width-large:50%;--awb-margin-top-large:0px;--awb-spacing-right-large:3.84%;--awb-margin-bottom-large:20px;--awb-spacing-left-large:3.84%;--awb-width-medium:50%;--awb-order-medium:0;--awb-spacing-right-medium:3.84%;--awb-spacing-left-medium:3.84%;--awb-width-small:100%;--awb-order-small:0;--awb-spacing-right-small:1.92%;--awb-spacing-left-small:1.92%;\"><div class=\"fusion-column-wrapper fusion-column-has-shadow fusion-flex-justify-content-flex-start fusion-content-layout-column\"><div class=\"fusion-image-element\" style=\"--awb-caption-title-font-family:var(--h2_typography-font-family);--awb-caption-title-font-weight:var(--h2_typography-font-weight);--awb-caption-title-font-style:var(--h2_typography-font-style);--awb-caption-title-size:var(--h2_typography-font-size);--awb-caption-title-transform:var(--h2_typography-text-transform);--awb-caption-title-line-height:var(--h2_typography-line-height);--awb-caption-title-letter-spacing:var(--h2_typography-letter-spacing);\"><span class=\"fusion-imageframe imageframe-none imageframe-1 hover-type-none\"><img decoding=\"async\" width=\"1181\" height=\"787\" title=\"bannewitz mit marker klein\" src=\"https:\/\/aidboards.com\/wp-content\/uploads\/2024\/10\/bannewitz-mit-marker-klein.jpg\" alt class=\"img-responsive wp-image-3741\" srcset=\"https:\/\/aidboards.com\/wp-content\/uploads\/2024\/10\/bannewitz-mit-marker-klein-200x133.jpg 200w, https:\/\/aidboards.com\/wp-content\/uploads\/2024\/10\/bannewitz-mit-marker-klein-400x267.jpg 400w, https:\/\/aidboards.com\/wp-content\/uploads\/2024\/10\/bannewitz-mit-marker-klein-600x400.jpg 600w, https:\/\/aidboards.com\/wp-content\/uploads\/2024\/10\/bannewitz-mit-marker-klein-800x533.jpg 800w, https:\/\/aidboards.com\/wp-content\/uploads\/2024\/10\/bannewitz-mit-marker-klein.jpg 1181w\" sizes=\"(max-width: 750px) 100vw, 600px\" \/><\/span><\/div><\/div><\/div><div class=\"fusion-layout-column fusion_builder_column fusion-builder-column-5 fusion_builder_column_1_2 1_2 fusion-flex-column\" style=\"--awb-bg-size:cover;--awb-width-large:50%;--awb-margin-top-large:0px;--awb-spacing-right-large:3.84%;--awb-margin-bottom-large:20px;--awb-spacing-left-large:3.84%;--awb-width-medium:50%;--awb-order-medium:0;--awb-spacing-right-medium:3.84%;--awb-spacing-left-medium:3.84%;--awb-width-small:100%;--awb-order-small:0;--awb-spacing-right-small:1.92%;--awb-spacing-left-small:1.92%;\"><div class=\"fusion-column-wrapper fusion-column-has-shadow fusion-flex-justify-content-flex-start fusion-content-layout-column\"><div class=\"fusion-image-element\" style=\"--awb-caption-title-font-family:var(--h2_typography-font-family);--awb-caption-title-font-weight:var(--h2_typography-font-weight);--awb-caption-title-font-style:var(--h2_typography-font-style);--awb-caption-title-size:var(--h2_typography-font-size);--awb-caption-title-transform:var(--h2_typography-text-transform);--awb-caption-title-line-height:var(--h2_typography-line-height);--awb-caption-title-letter-spacing:var(--h2_typography-letter-spacing);\"><span class=\"fusion-imageframe imageframe-none imageframe-2 hover-type-none\"><img decoding=\"async\" width=\"2560\" height=\"1707\" title=\"IMG_2025\" src=\"https:\/\/aidboards.com\/wp-content\/uploads\/2024\/10\/IMG_2025-scaled.jpg\" alt class=\"img-responsive wp-image-3742\" srcset=\"https:\/\/aidboards.com\/wp-content\/uploads\/2024\/10\/IMG_2025-200x133.jpg 200w, https:\/\/aidboards.com\/wp-content\/uploads\/2024\/10\/IMG_2025-400x267.jpg 400w, https:\/\/aidboards.com\/wp-content\/uploads\/2024\/10\/IMG_2025-600x400.jpg 600w, https:\/\/aidboards.com\/wp-content\/uploads\/2024\/10\/IMG_2025-800x533.jpg 800w, https:\/\/aidboards.com\/wp-content\/uploads\/2024\/10\/IMG_2025-1200x800.jpg 1200w, https:\/\/aidboards.com\/wp-content\/uploads\/2024\/10\/IMG_2025-scaled.jpg 2560w\" sizes=\"(max-width: 750px) 100vw, 600px\" \/><\/span><\/div><\/div><\/div><\/div><\/div><\/p>","protected":false},"excerpt":{"rendered":"","protected":false},"author":1,"featured_media":0,"parent":0,"menu_order":0,"comment_status":"closed","ping_status":"closed","template":"","meta":{"footnotes":""},"class_list":["post-3587","page","type-page","status-publish","hentry"],"yoast_head":"<!-- This site is optimized with the Yoast SEO plugin v27.3 - https:\/\/yoast.com\/product\/yoast-seo-wordpress\/ -->\n<title>AidBoards - nachhaltige Notunterk\u00fcnfte<\/title>\n<meta name=\"description\" content=\"AidBoards bietet nachhaltige Einweg-Ausstattung f\u00fcr tempor\u00e4re Notunterk\u00fcnfte. Vorrangig f\u00fcr humanit\u00e4re Hilfe und Katastrophenschutz.\" \/>\n<meta name=\"robots\" content=\"index, follow, max-snippet:-1, max-image-preview:large, max-video-preview:-1\" \/>\n<link rel=\"canonical\" href=\"https:\/\/aidboards.com\/en\/showroom\/\" \/>\n<meta property=\"og:locale\" content=\"en_GB\" \/>\n<meta property=\"og:type\" content=\"article\" \/>\n<meta property=\"og:title\" content=\"AidBoards - nachhaltige Notunterk\u00fcnfte\" \/>\n<meta property=\"og:description\" content=\"AidBoards bietet nachhaltige Einweg-Ausstattung f\u00fcr tempor\u00e4re Notunterk\u00fcnfte. Vorrangig f\u00fcr humanit\u00e4re Hilfe und Katastrophenschutz.\" \/>\n<meta property=\"og:url\" content=\"https:\/\/aidboards.com\/en\/showroom\/\" \/>\n<meta property=\"og:site_name\" content=\"AidBoards\" \/>\n<meta property=\"article:modified_time\" content=\"2024-10-04T21:19:34+00:00\" \/>\n<meta name=\"twitter:card\" content=\"summary_large_image\" \/>\n<meta name=\"twitter:label1\" content=\"Estimated reading time\" \/>\n\t<meta name=\"twitter:data1\" content=\"1 minute\" \/>\n<script type=\"application\/ld+json\" class=\"yoast-schema-graph\">{\"@context\":\"https:\\\/\\\/schema.org\",\"@graph\":[{\"@type\":\"WebPage\",\"@id\":\"https:\\\/\\\/aidboards.com\\\/showroom\\\/\",\"url\":\"https:\\\/\\\/aidboards.com\\\/showroom\\\/\",\"name\":\"AidBoards - nachhaltige Notunterk\u00fcnfte\",\"isPartOf\":{\"@id\":\"https:\\\/\\\/aidboards.com\\\/#website\"},\"datePublished\":\"2024-06-14T12:19:29+00:00\",\"dateModified\":\"2024-10-04T21:19:34+00:00\",\"description\":\"AidBoards bietet nachhaltige Einweg-Ausstattung f\u00fcr tempor\u00e4re Notunterk\u00fcnfte. Vorrangig f\u00fcr humanit\u00e4re Hilfe und Katastrophenschutz.\",\"breadcrumb\":{\"@id\":\"https:\\\/\\\/aidboards.com\\\/showroom\\\/#breadcrumb\"},\"inLanguage\":\"en-GB\",\"potentialAction\":[{\"@type\":\"ReadAction\",\"target\":[\"https:\\\/\\\/aidboards.com\\\/showroom\\\/\"]}]},{\"@type\":\"BreadcrumbList\",\"@id\":\"https:\\\/\\\/aidboards.com\\\/showroom\\\/#breadcrumb\",\"itemListElement\":[{\"@type\":\"ListItem\",\"position\":1,\"name\":\"Startseite\",\"item\":\"https:\\\/\\\/aidboards.com\\\/\"},{\"@type\":\"ListItem\",\"position\":2,\"name\":\"Showroom\"}]},{\"@type\":\"WebSite\",\"@id\":\"https:\\\/\\\/aidboards.com\\\/#website\",\"url\":\"https:\\\/\\\/aidboards.com\\\/\",\"name\":\"AidBoards\",\"description\":\"paper response\",\"potentialAction\":[{\"@type\":\"SearchAction\",\"target\":{\"@type\":\"EntryPoint\",\"urlTemplate\":\"https:\\\/\\\/aidboards.com\\\/?s={search_term_string}\"},\"query-input\":{\"@type\":\"PropertyValueSpecification\",\"valueRequired\":true,\"valueName\":\"search_term_string\"}}],\"inLanguage\":\"en-GB\"}]}<\/script>\n<!-- \/ Yoast SEO plugin. -->","yoast_head_json":{"title":"AidBoards - nachhaltige Notunterk\u00fcnfte","description":"AidBoards bietet nachhaltige Einweg-Ausstattung f\u00fcr tempor\u00e4re Notunterk\u00fcnfte. Vorrangig f\u00fcr humanit\u00e4re Hilfe und Katastrophenschutz.","robots":{"index":"index","follow":"follow","max-snippet":"max-snippet:-1","max-image-preview":"max-image-preview:large","max-video-preview":"max-video-preview:-1"},"canonical":"https:\/\/aidboards.com\/en\/showroom\/","og_locale":"en_GB","og_type":"article","og_title":"AidBoards - nachhaltige Notunterk\u00fcnfte","og_description":"AidBoards bietet nachhaltige Einweg-Ausstattung f\u00fcr tempor\u00e4re Notunterk\u00fcnfte. Vorrangig f\u00fcr humanit\u00e4re Hilfe und Katastrophenschutz.","og_url":"https:\/\/aidboards.com\/en\/showroom\/","og_site_name":"AidBoards","article_modified_time":"2024-10-04T21:19:34+00:00","twitter_card":"summary_large_image","twitter_misc":{"Estimated reading time":"1 minute"},"schema":{"@context":"https:\/\/schema.org","@graph":[{"@type":"WebPage","@id":"https:\/\/aidboards.com\/showroom\/","url":"https:\/\/aidboards.com\/showroom\/","name":"AidBoards - nachhaltige Notunterk\u00fcnfte","isPartOf":{"@id":"https:\/\/aidboards.com\/#website"},"datePublished":"2024-06-14T12:19:29+00:00","dateModified":"2024-10-04T21:19:34+00:00","description":"AidBoards bietet nachhaltige Einweg-Ausstattung f\u00fcr tempor\u00e4re Notunterk\u00fcnfte. Vorrangig f\u00fcr humanit\u00e4re Hilfe und Katastrophenschutz.","breadcrumb":{"@id":"https:\/\/aidboards.com\/showroom\/#breadcrumb"},"inLanguage":"en-GB","potentialAction":[{"@type":"ReadAction","target":["https:\/\/aidboards.com\/showroom\/"]}]},{"@type":"BreadcrumbList","@id":"https:\/\/aidboards.com\/showroom\/#breadcrumb","itemListElement":[{"@type":"ListItem","position":1,"name":"Startseite","item":"https:\/\/aidboards.com\/"},{"@type":"ListItem","position":2,"name":"Showroom"}]},{"@type":"WebSite","@id":"https:\/\/aidboards.com\/#website","url":"https:\/\/aidboards.com\/","name":"AidBoards","description":"paper response","potentialAction":[{"@type":"SearchAction","target":{"@type":"EntryPoint","urlTemplate":"https:\/\/aidboards.com\/?s={search_term_string}"},"query-input":{"@type":"PropertyValueSpecification","valueRequired":true,"valueName":"search_term_string"}}],"inLanguage":"en-GB"}]}},"_links":{"self":[{"href":"https:\/\/aidboards.com\/en\/wp-json\/wp\/v2\/pages\/3587","targetHints":{"allow":["GET"]}}],"collection":[{"href":"https:\/\/aidboards.com\/en\/wp-json\/wp\/v2\/pages"}],"about":[{"href":"https:\/\/aidboards.com\/en\/wp-json\/wp\/v2\/types\/page"}],"author":[{"embeddable":true,"href":"https:\/\/aidboards.com\/en\/wp-json\/wp\/v2\/users\/1"}],"replies":[{"embeddable":true,"href":"https:\/\/aidboards.com\/en\/wp-json\/wp\/v2\/comments?post=3587"}],"version-history":[{"count":10,"href":"https:\/\/aidboards.com\/en\/wp-json\/wp\/v2\/pages\/3587\/revisions"}],"predecessor-version":[{"id":3743,"href":"https:\/\/aidboards.com\/en\/wp-json\/wp\/v2\/pages\/3587\/revisions\/3743"}],"wp:attachment":[{"href":"https:\/\/aidboards.com\/en\/wp-json\/wp\/v2\/media?parent=3587"}],"curies":[{"name":"wp","href":"https:\/\/api.w.org\/{rel}","templated":true}]}}