{"id":3498,"date":"2024-03-09T15:53:44","date_gmt":"2024-03-09T14:53:44","guid":{"rendered":"https:\/\/aidboards.com\/?page_id=3498"},"modified":"2024-04-27T22:47:52","modified_gmt":"2024-04-27T20:47:52","slug":"privat-gewerbe","status":"publish","type":"page","link":"https:\/\/aidboards.com\/en\/kunden\/privat-gewerbe\/","title":{"rendered":"private\/industrial"},"content":{"rendered":"<p><div class=\"fusion-fullwidth fullwidth-box fusion-builder-row-1 fusion-flex-container has-pattern-background has-mask-background nonhundred-percent-fullwidth non-hundred-percent-height-scrolling\" style=\"--awb-border-radius-top-left:0px;--awb-border-radius-top-right:0px;--awb-border-radius-bottom-right:0px;--awb-border-radius-bottom-left:0px;--awb-flex-wrap:wrap;\" ><div class=\"fusion-builder-row fusion-row fusion-flex-align-items-flex-start fusion-flex-content-wrap\" style=\"max-width:1248px;margin-left: calc(-4% \/ 2 );margin-right: calc(-4% \/ 2 );\"><div class=\"fusion-layout-column fusion_builder_column fusion-builder-column-0 fusion_builder_column_1_1 1_1 fusion-flex-column\" style=\"--awb-bg-size:cover;--awb-width-large:100%;--awb-margin-top-large:0px;--awb-spacing-right-large:1.92%;--awb-margin-bottom-large:20px;--awb-spacing-left-large:1.92%;--awb-width-medium:100%;--awb-order-medium:0;--awb-spacing-right-medium:1.92%;--awb-spacing-left-medium:1.92%;--awb-width-small:100%;--awb-order-small:0;--awb-spacing-right-small:1.92%;--awb-spacing-left-small:1.92%;\"><div class=\"fusion-column-wrapper fusion-column-has-shadow fusion-flex-justify-content-flex-start fusion-content-layout-column\"><div class=\"fusion-text fusion-text-1\"><h5 class=\"title-heading-left fusion-responsive-typography-calculated\" style=\"--fontSize: 24; line-height: 1.4;\" data-fontsize=\"24\" data-lineheight=\"33.6px\">uncomplicated setup and sustainable living for everyone<br \/><\/h5>\n<\/div><\/div><\/div><div class=\"fusion-layout-column fusion_builder_column fusion-builder-column-1 fusion_builder_column_1_1 1_1 fusion-flex-column\" style=\"--awb-bg-size:cover;--awb-width-large:100%;--awb-margin-top-large:0px;--awb-spacing-right-large:1.92%;--awb-margin-bottom-large:20px;--awb-spacing-left-large:1.92%;--awb-width-medium:100%;--awb-order-medium:0;--awb-spacing-right-medium:1.92%;--awb-spacing-left-medium:1.92%;--awb-width-small:100%;--awb-order-small:0;--awb-spacing-right-small:1.92%;--awb-spacing-left-small:1.92%;\"><div class=\"fusion-column-wrapper fusion-column-has-shadow fusion-flex-justify-content-flex-start fusion-content-layout-column\"><div class=\"fusion-text fusion-text-2\"><p>AidBoards products can also help in emergencies on a small scale. The cheap entry into the first living community, privately quickly creating space for refugees or equip the local community center space-savingly for the next workshops are some well-known application examples. AidBoards offer the following advantages:<\/p>\n<\/div><\/div><\/div><\/div><\/div><div class=\"fusion-fullwidth fullwidth-box fusion-builder-row-2 fusion-flex-container has-pattern-background has-mask-background nonhundred-percent-fullwidth non-hundred-percent-height-scrolling\" style=\"--awb-border-radius-top-left:0px;--awb-border-radius-top-right:0px;--awb-border-radius-bottom-right:0px;--awb-border-radius-bottom-left:0px;--awb-flex-wrap:wrap;\" ><div class=\"fusion-builder-row fusion-row fusion-flex-align-items-flex-start fusion-flex-content-wrap\" style=\"max-width:1248px;margin-left: calc(-4% \/ 2 );margin-right: calc(-4% \/ 2 );\"><div class=\"fusion-layout-column fusion_builder_column fusion-builder-column-2 fusion_builder_column_1_2 1_2 fusion-flex-column\" style=\"--awb-bg-size:cover;--awb-width-large:50%;--awb-margin-top-large:0px;--awb-spacing-right-large:3.84%;--awb-margin-bottom-large:20px;--awb-spacing-left-large:3.84%;--awb-width-medium:50%;--awb-order-medium:0;--awb-spacing-right-medium:3.84%;--awb-spacing-left-medium:3.84%;--awb-width-small:100%;--awb-order-small:0;--awb-spacing-right-small:1.92%;--awb-spacing-left-small:1.92%;\"><div class=\"fusion-column-wrapper fusion-column-has-shadow fusion-flex-justify-content-flex-start fusion-content-layout-column\"><div class=\"fusion-image-element\" style=\"--awb-caption-title-font-family:var(--h2_typography-font-family);--awb-caption-title-font-weight:var(--h2_typography-font-weight);--awb-caption-title-font-style:var(--h2_typography-font-style);--awb-caption-title-size:var(--h2_typography-font-size);--awb-caption-title-transform:var(--h2_typography-text-transform);--awb-caption-title-line-height:var(--h2_typography-line-height);--awb-caption-title-letter-spacing:var(--h2_typography-letter-spacing);\"><span class=\"fusion-imageframe imageframe-none imageframe-1 hover-type-none\"><img decoding=\"async\" width=\"1181\" height=\"787\" title=\"KatKit-L_01-traeger Kopie\" src=\"https:\/\/aidboards.com\/wp-content\/uploads\/2024\/03\/KatKit-L_01-traeger-Kopie.jpg\" alt class=\"img-responsive wp-image-3518\" srcset=\"https:\/\/aidboards.com\/wp-content\/uploads\/2024\/03\/KatKit-L_01-traeger-Kopie-200x133.jpg 200w, https:\/\/aidboards.com\/wp-content\/uploads\/2024\/03\/KatKit-L_01-traeger-Kopie-400x267.jpg 400w, https:\/\/aidboards.com\/wp-content\/uploads\/2024\/03\/KatKit-L_01-traeger-Kopie-600x400.jpg 600w, https:\/\/aidboards.com\/wp-content\/uploads\/2024\/03\/KatKit-L_01-traeger-Kopie-800x533.jpg 800w, https:\/\/aidboards.com\/wp-content\/uploads\/2024\/03\/KatKit-L_01-traeger-Kopie.jpg 1181w\" sizes=\"(max-width: 750px) 100vw, 600px\" \/><\/span><\/div><\/div><\/div><div class=\"fusion-layout-column fusion_builder_column fusion-builder-column-3 fusion_builder_column_1_2 1_2 fusion-flex-column\" style=\"--awb-bg-size:cover;--awb-width-large:50%;--awb-margin-top-large:0px;--awb-spacing-right-large:3.84%;--awb-margin-bottom-large:20px;--awb-spacing-left-large:3.84%;--awb-width-medium:50%;--awb-order-medium:0;--awb-spacing-right-medium:3.84%;--awb-spacing-left-medium:3.84%;--awb-width-small:100%;--awb-order-small:0;--awb-spacing-right-small:1.92%;--awb-spacing-left-small:1.92%;\"><div class=\"fusion-column-wrapper fusion-column-has-shadow fusion-flex-justify-content-flex-start fusion-content-layout-column\"><i class=\"fb-icon-element-1 fb-icon-element fontawesome-icon fa-balance-scale fas circle-yes\" style=\"--awb-circlecolor-hover:#4a4e57;--awb-circlebordercolor-hover:#4a4e57;--awb-circlebordersize:1px;--awb-font-size:17.6px;--awb-width:35.2px;--awb-height:35.2px;--awb-line-height:33.2px;--awb-margin-top:0;--awb-margin-right:0;--awb-margin-bottom:0;--awb-margin-left:0;--awb-align-self:center;\"><\/i><div class=\"fusion-text fusion-text-3\"><p>highest functionality at the lowest cost<\/p>\n<\/div><i class=\"fb-icon-element-2 fb-icon-element fontawesome-icon fa-shipping-fast fas circle-yes\" style=\"--awb-circlecolor-hover:#4a4e57;--awb-circlebordercolor-hover:#4a4e57;--awb-circlebordersize:1px;--awb-font-size:17.6px;--awb-width:35.2px;--awb-height:35.2px;--awb-line-height:33.2px;--awb-margin-top:0;--awb-margin-right:0;--awb-margin-bottom:0;--awb-margin-left:0;--awb-align-self:center;\"><\/i><div class=\"fusion-text fusion-text-4\"><p>room-setup sets deliver the essentials in a post-package without costly search and pick-up<\/p>\n<\/div><i class=\"fb-icon-element-3 fb-icon-element fontawesome-icon fa-dolly fas circle-yes\" style=\"--awb-circlecolor-hover:#4a4e57;--awb-circlebordercolor-hover:#4a4e57;--awb-circlebordersize:1px;--awb-font-size:17.6px;--awb-width:35.2px;--awb-height:35.2px;--awb-line-height:33.2px;--awb-margin-top:0;--awb-margin-right:0;--awb-margin-bottom:0;--awb-margin-left:0;--awb-align-self:center;\"><\/i><div class=\"fusion-text fusion-text-5\"><p>lightweight and robust products also facilitate the following removals<\/p>\n<\/div><i class=\"fb-icon-element-4 fb-icon-element fontawesome-icon fa-tag fas circle-yes\" style=\"--awb-circlecolor-hover:#4a4e57;--awb-circlebordercolor-hover:#4a4e57;--awb-circlebordersize:1px;--awb-font-size:17.6px;--awb-width:35.2px;--awb-height:35.2px;--awb-line-height:33.2px;--awb-margin-top:0;--awb-margin-right:0;--awb-margin-bottom:0;--awb-margin-left:0;--awb-align-self:center;\"><\/i><div class=\"fusion-text fusion-text-6\"><p>compared to conventional furniture by at least 10\u00a0% cheaper and 50\u00a0% reduced environmental costs (C02 footprint, KEA, water consumption,...)<\/p>\n<\/div><\/div><\/div><div class=\"fusion-layout-column fusion_builder_column fusion-builder-column-4 fusion_builder_column_1_2 1_2 fusion-flex-column\" style=\"--awb-bg-size:cover;--awb-width-large:50%;--awb-margin-top-large:0px;--awb-spacing-right-large:3.84%;--awb-margin-bottom-large:20px;--awb-spacing-left-large:3.84%;--awb-width-medium:50%;--awb-order-medium:0;--awb-spacing-right-medium:3.84%;--awb-spacing-left-medium:3.84%;--awb-width-small:100%;--awb-order-small:0;--awb-spacing-right-small:1.92%;--awb-spacing-left-small:1.92%;\"><div class=\"fusion-column-wrapper fusion-column-has-shadow fusion-flex-justify-content-flex-start fusion-content-layout-column\"><i class=\"fb-icon-element-5 fb-icon-element fontawesome-icon fa-cut fas circle-yes\" style=\"--awb-circlecolor-hover:#4a4e57;--awb-circlebordercolor-hover:#4a4e57;--awb-circlebordersize:1px;--awb-font-size:17.6px;--awb-width:35.2px;--awb-height:35.2px;--awb-line-height:33.2px;--awb-margin-top:0;--awb-margin-right:0;--awb-margin-bottom:0;--awb-margin-left:0;--awb-align-self:center;\"><\/i><div class=\"fusion-text fusion-text-7\"><p>Repair or customisation with knife and scissors instead of jigsaw and vacuum cleaner<\/p>\n<\/div><i class=\"fb-icon-element-6 fb-icon-element fontawesome-icon fa-lungs fas circle-yes\" style=\"--awb-circlecolor-hover:#4a4e57;--awb-circlebordercolor-hover:#4a4e57;--awb-circlebordersize:1px;--awb-font-size:17.6px;--awb-width:35.2px;--awb-height:35.2px;--awb-line-height:33.2px;--awb-margin-top:0;--awb-margin-right:0;--awb-margin-bottom:0;--awb-margin-left:0;--awb-align-self:center;\"><\/i><div class=\"fusion-text fusion-text-8\"><p>no outgassing of air pollutants such as chipboard, etc.<\/p>\n<\/div><i class=\"fb-icon-element-7 fb-icon-element fontawesome-icon fa-trash fas circle-yes\" style=\"--awb-circlecolor-hover:#4a4e57;--awb-circlebordercolor-hover:#4a4e57;--awb-circlebordersize:1px;--awb-font-size:17.6px;--awb-width:35.2px;--awb-height:35.2px;--awb-line-height:33.2px;--awb-margin-top:0;--awb-margin-right:0;--awb-margin-bottom:0;--awb-margin-left:0;--awb-align-self:center;\"><\/i><div class=\"fusion-text fusion-text-9\"><p>easy disposal in waste paper container instead of complex bulky waste operation<\/p>\n<\/div><i class=\"fb-icon-element-8 fb-icon-element fontawesome-icon fa-gift fas circle-yes\" style=\"--awb-circlecolor-hover:#4a4e57;--awb-circlebordercolor-hover:#4a4e57;--awb-circlebordersize:1px;--awb-font-size:17.6px;--awb-width:35.2px;--awb-height:35.2px;--awb-line-height:33.2px;--awb-margin-top:0;--awb-margin-right:0;--awb-margin-bottom:0;--awb-margin-left:0;--awb-align-self:center;\"><\/i><div class=\"fusion-text fusion-text-10\"><p>full-fledged room setup with sets for individual needs or group orders in a larger community<\/p>\n<\/div><\/div><\/div><div class=\"fusion-layout-column fusion_builder_column fusion-builder-column-5 fusion_builder_column_1_2 1_2 fusion-flex-column\" style=\"--awb-bg-size:cover;--awb-width-large:50%;--awb-margin-top-large:0px;--awb-spacing-right-large:3.84%;--awb-margin-bottom-large:20px;--awb-spacing-left-large:3.84%;--awb-width-medium:50%;--awb-order-medium:0;--awb-spacing-right-medium:3.84%;--awb-spacing-left-medium:3.84%;--awb-width-small:100%;--awb-order-small:0;--awb-spacing-right-small:1.92%;--awb-spacing-left-small:1.92%;\"><div class=\"fusion-column-wrapper fusion-column-has-shadow fusion-flex-justify-content-flex-start fusion-content-layout-column\"><div class=\"fusion-image-element\" style=\"--awb-caption-title-font-family:var(--h2_typography-font-family);--awb-caption-title-font-weight:var(--h2_typography-font-weight);--awb-caption-title-font-style:var(--h2_typography-font-style);--awb-caption-title-size:var(--h2_typography-font-size);--awb-caption-title-transform:var(--h2_typography-text-transform);--awb-caption-title-line-height:var(--h2_typography-line-height);--awb-caption-title-letter-spacing:var(--h2_typography-letter-spacing);\"><span class=\"fusion-imageframe imageframe-none imageframe-2 hover-type-none\"><img decoding=\"async\" width=\"1181\" height=\"787\" title=\"KatKit-L_07-aufgebaut Kopie\" src=\"https:\/\/aidboards.com\/wp-content\/uploads\/2024\/03\/KatKit-L_07-aufgebaut-Kopie.jpg\" alt class=\"img-responsive wp-image-3525\" srcset=\"https:\/\/aidboards.com\/wp-content\/uploads\/2024\/03\/KatKit-L_07-aufgebaut-Kopie-200x133.jpg 200w, https:\/\/aidboards.com\/wp-content\/uploads\/2024\/03\/KatKit-L_07-aufgebaut-Kopie-400x267.jpg 400w, https:\/\/aidboards.com\/wp-content\/uploads\/2024\/03\/KatKit-L_07-aufgebaut-Kopie-600x400.jpg 600w, https:\/\/aidboards.com\/wp-content\/uploads\/2024\/03\/KatKit-L_07-aufgebaut-Kopie-800x533.jpg 800w, https:\/\/aidboards.com\/wp-content\/uploads\/2024\/03\/KatKit-L_07-aufgebaut-Kopie.jpg 1181w\" sizes=\"(max-width: 750px) 100vw, 600px\" \/><\/span><\/div><\/div><\/div><div class=\"fusion-layout-column fusion_builder_column fusion-builder-column-6 fusion_builder_column_1_2 1_2 fusion-flex-column\" style=\"--awb-bg-size:cover;--awb-width-large:50%;--awb-margin-top-large:0px;--awb-spacing-right-large:3.84%;--awb-margin-bottom-large:20px;--awb-spacing-left-large:3.84%;--awb-width-medium:50%;--awb-order-medium:0;--awb-spacing-right-medium:3.84%;--awb-spacing-left-medium:3.84%;--awb-width-small:100%;--awb-order-small:0;--awb-spacing-right-small:1.92%;--awb-spacing-left-small:1.92%;\"><div class=\"fusion-column-wrapper fusion-column-has-shadow fusion-flex-justify-content-flex-start fusion-content-layout-column\"><div class=\"fusion-image-element\" style=\"--awb-caption-title-font-family:var(--h2_typography-font-family);--awb-caption-title-font-weight:var(--h2_typography-font-weight);--awb-caption-title-font-style:var(--h2_typography-font-style);--awb-caption-title-size:var(--h2_typography-font-size);--awb-caption-title-transform:var(--h2_typography-text-transform);--awb-caption-title-line-height:var(--h2_typography-line-height);--awb-caption-title-letter-spacing:var(--h2_typography-letter-spacing);\"><span class=\"fusion-imageframe imageframe-none imageframe-3 hover-type-none\"><img decoding=\"async\" width=\"1181\" height=\"787\" title=\"KatKit-L_08-eingerichtet mit person Kopie\" src=\"https:\/\/aidboards.com\/wp-content\/uploads\/2024\/03\/KatKit-L_08-eingerichtet-mit-person-Kopie.jpg\" alt class=\"img-responsive wp-image-3527\" srcset=\"https:\/\/aidboards.com\/wp-content\/uploads\/2024\/03\/KatKit-L_08-eingerichtet-mit-person-Kopie-200x133.jpg 200w, https:\/\/aidboards.com\/wp-content\/uploads\/2024\/03\/KatKit-L_08-eingerichtet-mit-person-Kopie-400x267.jpg 400w, https:\/\/aidboards.com\/wp-content\/uploads\/2024\/03\/KatKit-L_08-eingerichtet-mit-person-Kopie-600x400.jpg 600w, https:\/\/aidboards.com\/wp-content\/uploads\/2024\/03\/KatKit-L_08-eingerichtet-mit-person-Kopie-800x533.jpg 800w, https:\/\/aidboards.com\/wp-content\/uploads\/2024\/03\/KatKit-L_08-eingerichtet-mit-person-Kopie.jpg 1181w\" sizes=\"(max-width: 750px) 100vw, 600px\" \/><\/span><\/div><\/div><\/div><div class=\"fusion-layout-column fusion_builder_column fusion-builder-column-7 fusion_builder_column_1_2 1_2 fusion-flex-column\" style=\"--awb-bg-size:cover;--awb-width-large:50%;--awb-margin-top-large:0px;--awb-spacing-right-large:3.84%;--awb-margin-bottom-large:20px;--awb-spacing-left-large:3.84%;--awb-width-medium:50%;--awb-order-medium:0;--awb-spacing-right-medium:3.84%;--awb-spacing-left-medium:3.84%;--awb-width-small:100%;--awb-order-small:0;--awb-spacing-right-small:1.92%;--awb-spacing-left-small:1.92%;\"><div class=\"fusion-column-wrapper fusion-column-has-shadow fusion-flex-justify-content-flex-start fusion-content-layout-column\"><i class=\"fb-icon-element-9 fb-icon-element fontawesome-icon fa-industry fas circle-yes\" style=\"--awb-circlecolor-hover:#4a4e57;--awb-circlebordercolor-hover:#4a4e57;--awb-circlebordersize:1px;--awb-font-size:17.6px;--awb-width:35.2px;--awb-height:35.2px;--awb-line-height:33.2px;--awb-margin-top:0;--awb-margin-right:0;--awb-margin-bottom:0;--awb-margin-left:0;--awb-align-self:center;\"><\/i><div class=\"fusion-text fusion-text-11\"><p>production in Germany with short distances and under transparent conditions<\/p>\n<\/div><i class=\"fb-icon-element-10 fb-icon-element fontawesome-icon fa-recycle fas circle-yes\" style=\"--awb-circlecolor-hover:#4a4e57;--awb-circlebordercolor-hover:#4a4e57;--awb-circlebordersize:1px;--awb-font-size:17.6px;--awb-width:35.2px;--awb-height:35.2px;--awb-line-height:33.2px;--awb-margin-top:0;--awb-margin-right:0;--awb-margin-bottom:0;--awb-margin-left:0;--awb-align-self:center;\"><\/i><div class=\"fusion-text fusion-text-12\"><p>fit for recycling, from the outset with high recycled content and from renewable raw materials without plastic content<\/p>\n<\/div><i class=\"fb-icon-element-11 fb-icon-element fontawesome-icon fa-globe-europe fas circle-yes\" style=\"--awb-circlecolor-hover:#4a4e57;--awb-circlebordercolor-hover:#4a4e57;--awb-circlebordersize:1px;--awb-font-size:17.6px;--awb-width:35.2px;--awb-height:35.2px;--awb-line-height:33.2px;--awb-margin-top:0;--awb-margin-right:0;--awb-margin-bottom:0;--awb-margin-left:0;--awb-align-self:center;\"><\/i><div class=\"fusion-text fusion-text-13\"><p>living climate protection without additional costs with the support of a humanitarian company<\/p>\n<\/div><\/div><\/div><\/div><\/div><\/p>","protected":false},"excerpt":{"rendered":"","protected":false},"author":1,"featured_media":0,"parent":2624,"menu_order":0,"comment_status":"closed","ping_status":"closed","template":"","meta":{"footnotes":""},"class_list":["post-3498","page","type-page","status-publish","hentry"],"yoast_head":"<!-- This site is optimized with the Yoast SEO plugin v27.3 - https:\/\/yoast.com\/product\/yoast-seo-wordpress\/ -->\n<title>Privat\/Gewerbe - AidBoards<\/title>\n<meta name=\"description\" content=\"AidBoards-Produkte f\u00fcr nachhaltige und unkomplizierte Einrichtungsl\u00f6sungen. Unterst\u00fctzung f\u00fcr humanit\u00e4re Hilfe inklusive.\" \/>\n<meta name=\"robots\" content=\"index, follow, max-snippet:-1, max-image-preview:large, max-video-preview:-1\" \/>\n<link rel=\"canonical\" href=\"https:\/\/aidboards.com\/en\/kunden\/privat-gewerbe\/\" \/>\n<meta property=\"og:locale\" content=\"en_GB\" \/>\n<meta property=\"og:type\" content=\"article\" \/>\n<meta property=\"og:title\" content=\"Privat\/Gewerbe - AidBoards\" \/>\n<meta property=\"og:description\" content=\"AidBoards-Produkte f\u00fcr nachhaltige und unkomplizierte Einrichtungsl\u00f6sungen. Unterst\u00fctzung f\u00fcr humanit\u00e4re Hilfe inklusive.\" \/>\n<meta property=\"og:url\" content=\"https:\/\/aidboards.com\/en\/kunden\/privat-gewerbe\/\" \/>\n<meta property=\"og:site_name\" content=\"AidBoards\" \/>\n<meta property=\"article:modified_time\" content=\"2024-04-27T20:47:52+00:00\" \/>\n<meta name=\"twitter:card\" content=\"summary_large_image\" \/>\n<meta name=\"twitter:label1\" content=\"Estimated reading time\" \/>\n\t<meta name=\"twitter:data1\" content=\"2 minutes\" \/>\n<script type=\"application\/ld+json\" class=\"yoast-schema-graph\">{\"@context\":\"https:\\\/\\\/schema.org\",\"@graph\":[{\"@type\":\"WebPage\",\"@id\":\"https:\\\/\\\/aidboards.com\\\/kunden\\\/privat-gewerbe\\\/\",\"url\":\"https:\\\/\\\/aidboards.com\\\/kunden\\\/privat-gewerbe\\\/\",\"name\":\"Privat\\\/Gewerbe - AidBoards\",\"isPartOf\":{\"@id\":\"https:\\\/\\\/aidboards.com\\\/#website\"},\"datePublished\":\"2024-03-09T14:53:44+00:00\",\"dateModified\":\"2024-04-27T20:47:52+00:00\",\"description\":\"AidBoards-Produkte f\u00fcr nachhaltige und unkomplizierte Einrichtungsl\u00f6sungen. Unterst\u00fctzung f\u00fcr humanit\u00e4re Hilfe inklusive.\",\"breadcrumb\":{\"@id\":\"https:\\\/\\\/aidboards.com\\\/kunden\\\/privat-gewerbe\\\/#breadcrumb\"},\"inLanguage\":\"en-GB\",\"potentialAction\":[{\"@type\":\"ReadAction\",\"target\":[\"https:\\\/\\\/aidboards.com\\\/kunden\\\/privat-gewerbe\\\/\"]}]},{\"@type\":\"BreadcrumbList\",\"@id\":\"https:\\\/\\\/aidboards.com\\\/kunden\\\/privat-gewerbe\\\/#breadcrumb\",\"itemListElement\":[{\"@type\":\"ListItem\",\"position\":1,\"name\":\"Startseite\",\"item\":\"https:\\\/\\\/aidboards.com\\\/\"},{\"@type\":\"ListItem\",\"position\":2,\"name\":\"Kundengruppen\",\"item\":\"https:\\\/\\\/aidboards.com\\\/kunden\\\/\"},{\"@type\":\"ListItem\",\"position\":3,\"name\":\"Privat\\\/Gewerbe\"}]},{\"@type\":\"WebSite\",\"@id\":\"https:\\\/\\\/aidboards.com\\\/#website\",\"url\":\"https:\\\/\\\/aidboards.com\\\/\",\"name\":\"AidBoards\",\"description\":\"paper response\",\"potentialAction\":[{\"@type\":\"SearchAction\",\"target\":{\"@type\":\"EntryPoint\",\"urlTemplate\":\"https:\\\/\\\/aidboards.com\\\/?s={search_term_string}\"},\"query-input\":{\"@type\":\"PropertyValueSpecification\",\"valueRequired\":true,\"valueName\":\"search_term_string\"}}],\"inLanguage\":\"en-GB\"}]}<\/script>\n<!-- \/ Yoast SEO plugin. -->","yoast_head_json":{"title":"Privat\/Gewerbe - AidBoards","description":"AidBoards-Produkte f\u00fcr nachhaltige und unkomplizierte Einrichtungsl\u00f6sungen. Unterst\u00fctzung f\u00fcr humanit\u00e4re Hilfe inklusive.","robots":{"index":"index","follow":"follow","max-snippet":"max-snippet:-1","max-image-preview":"max-image-preview:large","max-video-preview":"max-video-preview:-1"},"canonical":"https:\/\/aidboards.com\/en\/kunden\/privat-gewerbe\/","og_locale":"en_GB","og_type":"article","og_title":"Privat\/Gewerbe - AidBoards","og_description":"AidBoards-Produkte f\u00fcr nachhaltige und unkomplizierte Einrichtungsl\u00f6sungen. Unterst\u00fctzung f\u00fcr humanit\u00e4re Hilfe inklusive.","og_url":"https:\/\/aidboards.com\/en\/kunden\/privat-gewerbe\/","og_site_name":"AidBoards","article_modified_time":"2024-04-27T20:47:52+00:00","twitter_card":"summary_large_image","twitter_misc":{"Estimated reading time":"2 minutes"},"schema":{"@context":"https:\/\/schema.org","@graph":[{"@type":"WebPage","@id":"https:\/\/aidboards.com\/kunden\/privat-gewerbe\/","url":"https:\/\/aidboards.com\/kunden\/privat-gewerbe\/","name":"Privat\/Gewerbe - AidBoards","isPartOf":{"@id":"https:\/\/aidboards.com\/#website"},"datePublished":"2024-03-09T14:53:44+00:00","dateModified":"2024-04-27T20:47:52+00:00","description":"AidBoards-Produkte f\u00fcr nachhaltige und unkomplizierte Einrichtungsl\u00f6sungen. Unterst\u00fctzung f\u00fcr humanit\u00e4re Hilfe inklusive.","breadcrumb":{"@id":"https:\/\/aidboards.com\/kunden\/privat-gewerbe\/#breadcrumb"},"inLanguage":"en-GB","potentialAction":[{"@type":"ReadAction","target":["https:\/\/aidboards.com\/kunden\/privat-gewerbe\/"]}]},{"@type":"BreadcrumbList","@id":"https:\/\/aidboards.com\/kunden\/privat-gewerbe\/#breadcrumb","itemListElement":[{"@type":"ListItem","position":1,"name":"Startseite","item":"https:\/\/aidboards.com\/"},{"@type":"ListItem","position":2,"name":"Kundengruppen","item":"https:\/\/aidboards.com\/kunden\/"},{"@type":"ListItem","position":3,"name":"Privat\/Gewerbe"}]},{"@type":"WebSite","@id":"https:\/\/aidboards.com\/#website","url":"https:\/\/aidboards.com\/","name":"AidBoards","description":"paper response","potentialAction":[{"@type":"SearchAction","target":{"@type":"EntryPoint","urlTemplate":"https:\/\/aidboards.com\/?s={search_term_string}"},"query-input":{"@type":"PropertyValueSpecification","valueRequired":true,"valueName":"search_term_string"}}],"inLanguage":"en-GB"}]}},"_links":{"self":[{"href":"https:\/\/aidboards.com\/en\/wp-json\/wp\/v2\/pages\/3498","targetHints":{"allow":["GET"]}}],"collection":[{"href":"https:\/\/aidboards.com\/en\/wp-json\/wp\/v2\/pages"}],"about":[{"href":"https:\/\/aidboards.com\/en\/wp-json\/wp\/v2\/types\/page"}],"author":[{"embeddable":true,"href":"https:\/\/aidboards.com\/en\/wp-json\/wp\/v2\/users\/1"}],"replies":[{"embeddable":true,"href":"https:\/\/aidboards.com\/en\/wp-json\/wp\/v2\/comments?post=3498"}],"version-history":[{"count":9,"href":"https:\/\/aidboards.com\/en\/wp-json\/wp\/v2\/pages\/3498\/revisions"}],"predecessor-version":[{"id":3574,"href":"https:\/\/aidboards.com\/en\/wp-json\/wp\/v2\/pages\/3498\/revisions\/3574"}],"up":[{"embeddable":true,"href":"https:\/\/aidboards.com\/en\/wp-json\/wp\/v2\/pages\/2624"}],"wp:attachment":[{"href":"https:\/\/aidboards.com\/en\/wp-json\/wp\/v2\/media?parent=3498"}],"curies":[{"name":"wp","href":"https:\/\/api.w.org\/{rel}","templated":true}]}}