{"id":3117,"date":"2023-10-30T23:12:05","date_gmt":"2023-10-30T22:12:05","guid":{"rendered":"https:\/\/aidboards.com\/?page_id=3117"},"modified":"2024-01-13T13:47:53","modified_gmt":"2024-01-13T12:47:53","slug":"regal-uvve","status":"publish","type":"page","link":"https:\/\/aidboards.com\/en\/katalog\/regale\/regal-uvve\/","title":{"rendered":"shelf UVVE"},"content":{"rendered":"<p><div class=\"fusion-fullwidth fullwidth-box fusion-builder-row-1 fusion-flex-container nonhundred-percent-fullwidth non-hundred-percent-height-scrolling\" style=\"--awb-border-radius-top-left:0px;--awb-border-radius-top-right:0px;--awb-border-radius-bottom-right:0px;--awb-border-radius-bottom-left:0px;--awb-flex-wrap:wrap;\" ><div class=\"fusion-builder-row fusion-row fusion-flex-align-items-flex-start fusion-flex-content-wrap\" style=\"max-width:1248px;margin-left: calc(-4% \/ 2 );margin-right: calc(-4% \/ 2 );\"><div class=\"fusion-layout-column fusion_builder_column fusion-builder-column-0 fusion_builder_column_2_3 2_3 fusion-flex-column\" style=\"--awb-bg-size:cover;--awb-width-large:66.6666666667%;--awb-margin-top-large:0px;--awb-spacing-right-large:2.88%;--awb-margin-bottom-large:20px;--awb-spacing-left-large:2.88%;--awb-width-medium:66.6666666667%;--awb-order-medium:0;--awb-spacing-right-medium:2.88%;--awb-spacing-left-medium:2.88%;--awb-width-small:100%;--awb-order-small:0;--awb-spacing-right-small:1.92%;--awb-spacing-left-small:1.92%;\"><div class=\"fusion-column-wrapper fusion-column-has-shadow fusion-flex-justify-content-flex-start fusion-content-layout-column\"><div class=\"fusion-text fusion-text-1\"><h4 class=\"fusion-responsive-typography-calculated\" style=\"--fontsize: 28; line-height: 1.36;\" data-fontsize=\"28\" data-lineheight=\"38.0833px\">shelf UVVE (universal distribution and storing unit)<\/h4>\n<\/div><\/div><\/div><div class=\"fusion-layout-column fusion_builder_column fusion-builder-column-1 fusion_builder_column_1_3 1_3 fusion-flex-column\" style=\"--awb-bg-size:cover;--awb-width-large:33.3333333333%;--awb-margin-top-large:0px;--awb-spacing-right-large:5.76%;--awb-margin-bottom-large:20px;--awb-spacing-left-large:5.76%;--awb-width-medium:33.3333333333%;--awb-order-medium:0;--awb-spacing-right-medium:5.76%;--awb-spacing-left-medium:5.76%;--awb-width-small:100%;--awb-order-small:0;--awb-spacing-right-small:1.92%;--awb-spacing-left-small:1.92%;\"><div class=\"fusion-column-wrapper fusion-column-has-shadow fusion-flex-justify-content-flex-start fusion-content-layout-column\"><\/div><\/div><div class=\"fusion-layout-column fusion_builder_column fusion-builder-column-2 fusion_builder_column_2_3 2_3 fusion-flex-column\" style=\"--awb-bg-size:cover;--awb-width-large:66.6666666667%;--awb-margin-top-large:0px;--awb-spacing-right-large:2.88%;--awb-margin-bottom-large:20px;--awb-spacing-left-large:2.88%;--awb-width-medium:66.6666666667%;--awb-order-medium:0;--awb-spacing-right-medium:2.88%;--awb-spacing-left-medium:2.88%;--awb-width-small:100%;--awb-order-small:0;--awb-spacing-right-small:1.92%;--awb-spacing-left-small:1.92%;\"><div class=\"fusion-column-wrapper fusion-column-has-shadow fusion-flex-justify-content-flex-start fusion-content-layout-column\"><div class=\"fusion-image-carousel fusion-image-carousel-auto fusion-image-carousel-1 fusion-carousel-border\"><div class=\"awb-carousel awb-swiper awb-swiper-carousel awb-carousel--carousel awb-swiper-dots-position-bottom\" data-layout=\"carousel\" data-autoplay=\"yes\" data-autoplayspeed=\"2500\" data-autoplaypause=\"no\" data-loop=\"yes\" data-columns=\"1\" data-columnsmedium=\"1\" data-columnssmall=\"1\" data-itemmargin=\"13\" data-itemwidth=\"180\" data-touchscroll=\"no\" data-freemode=\"no\" data-imagesize=\"auto\" data-scrollitems=\"0\" data-centeredslides=\"no\" data-rotationangle=\"50\" data-depth=\"100\" data-speed=\"500\" data-shadow=\"no\" data-pagination=\"bullets\" style=\"--awb-columns:1;--awb-border-width:1px;--awb-border-color:#e9eaee;\"><div class=\"swiper-wrapper awb-image-carousel-wrapper fusion-flex-align-items-center\"><div class=\"swiper-slide\"><div class=\"fusion-carousel-item-wrapper\"><div class=\"fusion-image-wrapper hover-type-zoomin\"><img decoding=\"async\" width=\"1181\" height=\"787\" src=\"https:\/\/aidboards.com\/wp-content\/uploads\/2023\/10\/ausahl-fotos-KatKit-2023-10-klein-1.jpg\" class=\"attachment-full size-full\" alt=\"\" srcset=\"https:\/\/aidboards.com\/wp-content\/uploads\/2023\/10\/ausahl-fotos-KatKit-2023-10-klein-1-18x12.jpg 18w, https:\/\/aidboards.com\/wp-content\/uploads\/2023\/10\/ausahl-fotos-KatKit-2023-10-klein-1-200x133.jpg 200w, https:\/\/aidboards.com\/wp-content\/uploads\/2023\/10\/ausahl-fotos-KatKit-2023-10-klein-1-300x200.jpg 300w, https:\/\/aidboards.com\/wp-content\/uploads\/2023\/10\/ausahl-fotos-KatKit-2023-10-klein-1-400x267.jpg 400w, https:\/\/aidboards.com\/wp-content\/uploads\/2023\/10\/ausahl-fotos-KatKit-2023-10-klein-1-600x400.jpg 600w, https:\/\/aidboards.com\/wp-content\/uploads\/2023\/10\/ausahl-fotos-KatKit-2023-10-klein-1-768x512.jpg 768w, https:\/\/aidboards.com\/wp-content\/uploads\/2023\/10\/ausahl-fotos-KatKit-2023-10-klein-1-800x533.jpg 800w, https:\/\/aidboards.com\/wp-content\/uploads\/2023\/10\/ausahl-fotos-KatKit-2023-10-klein-1-1024x682.jpg 1024w, https:\/\/aidboards.com\/wp-content\/uploads\/2023\/10\/ausahl-fotos-KatKit-2023-10-klein-1.jpg 1181w\" sizes=\"(max-width: 1181px) 100vw, 1181px\" \/><\/div><\/div><\/div><div class=\"swiper-slide\"><div class=\"fusion-carousel-item-wrapper\"><div class=\"fusion-image-wrapper hover-type-zoomin\"><img decoding=\"async\" width=\"1181\" height=\"787\" src=\"https:\/\/aidboards.com\/wp-content\/uploads\/2023\/10\/uvve-A1-1.jpg\" class=\"attachment-full size-full\" alt=\"\" srcset=\"https:\/\/aidboards.com\/wp-content\/uploads\/2023\/10\/uvve-A1-1-18x12.jpg 18w, https:\/\/aidboards.com\/wp-content\/uploads\/2023\/10\/uvve-A1-1-200x133.jpg 200w, https:\/\/aidboards.com\/wp-content\/uploads\/2023\/10\/uvve-A1-1-300x200.jpg 300w, https:\/\/aidboards.com\/wp-content\/uploads\/2023\/10\/uvve-A1-1-400x267.jpg 400w, https:\/\/aidboards.com\/wp-content\/uploads\/2023\/10\/uvve-A1-1-600x400.jpg 600w, https:\/\/aidboards.com\/wp-content\/uploads\/2023\/10\/uvve-A1-1-768x512.jpg 768w, https:\/\/aidboards.com\/wp-content\/uploads\/2023\/10\/uvve-A1-1-800x533.jpg 800w, https:\/\/aidboards.com\/wp-content\/uploads\/2023\/10\/uvve-A1-1-1024x682.jpg 1024w, https:\/\/aidboards.com\/wp-content\/uploads\/2023\/10\/uvve-A1-1.jpg 1181w\" sizes=\"(max-width: 1181px) 100vw, 1181px\" \/><\/div><\/div><\/div><div class=\"swiper-slide\"><div class=\"fusion-carousel-item-wrapper\"><div class=\"fusion-image-wrapper hover-type-zoomin\"><img decoding=\"async\" width=\"1181\" height=\"787\" src=\"https:\/\/aidboards.com\/wp-content\/uploads\/2023\/11\/uvve-A1-2.jpg\" class=\"attachment-full size-full\" alt=\"\" srcset=\"https:\/\/aidboards.com\/wp-content\/uploads\/2023\/11\/uvve-A1-2-18x12.jpg 18w, https:\/\/aidboards.com\/wp-content\/uploads\/2023\/11\/uvve-A1-2-200x133.jpg 200w, https:\/\/aidboards.com\/wp-content\/uploads\/2023\/11\/uvve-A1-2-300x200.jpg 300w, https:\/\/aidboards.com\/wp-content\/uploads\/2023\/11\/uvve-A1-2-400x267.jpg 400w, https:\/\/aidboards.com\/wp-content\/uploads\/2023\/11\/uvve-A1-2-600x400.jpg 600w, https:\/\/aidboards.com\/wp-content\/uploads\/2023\/11\/uvve-A1-2-768x512.jpg 768w, https:\/\/aidboards.com\/wp-content\/uploads\/2023\/11\/uvve-A1-2-800x533.jpg 800w, https:\/\/aidboards.com\/wp-content\/uploads\/2023\/11\/uvve-A1-2-1024x682.jpg 1024w, https:\/\/aidboards.com\/wp-content\/uploads\/2023\/11\/uvve-A1-2.jpg 1181w\" sizes=\"(max-width: 1181px) 100vw, 1181px\" \/><\/div><\/div><\/div><\/div><div class=\"awb-swiper-button awb-swiper-button-prev\"><i class=\"awb-icon-angle-left\" aria-hidden=\"true\"><\/i><\/div><div class=\"awb-swiper-button awb-swiper-button-next\"><i class=\"awb-icon-angle-right\" aria-hidden=\"true\"><\/i><\/div><\/div><\/div><\/div><\/div><div class=\"fusion-layout-column fusion_builder_column fusion-builder-column-3 fusion_builder_column_1_3 1_3 fusion-flex-column\" style=\"--awb-bg-size:cover;--awb-width-large:33.3333333333%;--awb-margin-top-large:0px;--awb-spacing-right-large:5.76%;--awb-margin-bottom-large:20px;--awb-spacing-left-large:5.76%;--awb-width-medium:33.3333333333%;--awb-order-medium:0;--awb-spacing-right-medium:5.76%;--awb-spacing-left-medium:5.76%;--awb-width-small:100%;--awb-order-small:0;--awb-spacing-right-small:1.92%;--awb-spacing-left-small:1.92%;\"><div class=\"fusion-column-wrapper fusion-column-has-shadow fusion-flex-justify-content-flex-start fusion-content-layout-column\"><div class=\"fusion-text fusion-text-2\"><h3 class=\"\" style=\"--fontsize: 32; line-height: 1.3;\" data-fontsize=\"32\" data-lineheight=\"41.6px\">no separate selling<\/h3>\n<p><em>included in KatKits<br \/>\n<\/em><\/p>\n<p><em>&nbsp;<\/em><\/p>\n<\/div><div class=\"fusion-text fusion-text-3\"><p>available via:<\/p>\n<\/div><div style=\"text-align:center;\"><a class=\"fusion-button button-flat fusion-button-default-size button-default fusion-button-default button-1 fusion-button-span-yes fusion-button-default-type\" target=\"_self\" href=\"https:\/\/aidboards.com\/en\/katalog\/sets\/\"><span class=\"fusion-button-text awb-button__text awb-button__text--default\">part of set <\/span><\/a><\/div><div class=\"fusion-text fusion-text-4\"><p style=\"text-align: center;\"><span style=\"color: #999999;\"><em>redirection to sets<\/em><\/span><\/p>\n<\/div><div class=\"fusion-separator fusion-full-width-sep\" style=\"align-self: center;margin-left: auto;margin-right: auto;width:100%;\"><\/div><div class=\"fusion-text fusion-text-5\"><p class=\"translation-block\">Further questions? Please visit the <a href=\"https:\/\/aidboards.com\/en\/faq\/\" target=\"_self\"><strong>FAQs<\/strong><\/a> or get in <strong><a href=\"https:\/\/aidboards.com\/en\/kontakt\/\" target=\"_self\">contact<\/a><\/strong>.<\/p>\n<\/div><\/div><\/div><\/div><\/div><div class=\"fusion-fullwidth fullwidth-box fusion-builder-row-2 fusion-flex-container has-pattern-background has-mask-background nonhundred-percent-fullwidth non-hundred-percent-height-scrolling\" style=\"--awb-border-radius-top-left:0px;--awb-border-radius-top-right:0px;--awb-border-radius-bottom-right:0px;--awb-border-radius-bottom-left:0px;--awb-flex-wrap:wrap;\" ><div class=\"fusion-builder-row fusion-row fusion-flex-align-items-flex-start fusion-flex-content-wrap\" style=\"max-width:1248px;margin-left: calc(-4% \/ 2 );margin-right: calc(-4% \/ 2 );\"><div class=\"fusion-layout-column fusion_builder_column fusion-builder-column-4 fusion_builder_column_1_1 1_1 fusion-flex-column\" style=\"--awb-bg-size:cover;--awb-width-large:100%;--awb-margin-top-large:0px;--awb-spacing-right-large:1.92%;--awb-margin-bottom-large:20px;--awb-spacing-left-large:1.92%;--awb-width-medium:100%;--awb-order-medium:0;--awb-spacing-right-medium:1.92%;--awb-spacing-left-medium:1.92%;--awb-width-small:100%;--awb-order-small:0;--awb-spacing-right-small:1.92%;--awb-spacing-left-small:1.92%;\"><div class=\"fusion-column-wrapper fusion-column-has-shadow fusion-flex-justify-content-flex-start fusion-content-layout-column\"><div class=\"fusion-tabs-sticky-helper\" style=\"height:1px;\"><\/div><div class=\"fusion-tabs fusion-tabs-1 clean nav-is-justified sticky-tabs horizontal-tabs icon-position-right mobile-mode-accordion\" style=\"--icon-color:#ffffff;--icon-active-color:#ffffff;--awb-title-border-radius-top-left:0px;--awb-title-border-radius-top-right:0px;--awb-title-border-radius-bottom-right:0px;--awb-title-border-radius-bottom-left:0px;--awb-title-font-size:16px;--awb-title-text-transform:none;--awb-title-line-height:var(--awb-typography2-line-height);--awb-title-letter-spacing:var(--awb-typography2-letter-spacing);--awb-alignment:start;--awb-inactive-color:rgba(149,153,157,0.46);--awb-title-text-color:#ffffff;--awb-title-active-text-color:#ffffff;--awb-background-color:#95999d;--awb-border-color:var(--awb-color1);--awb-active-border-color:rgba(60,96,158,0.58);--awb-title-font-family:&quot;Sen&quot;;--awb-title-font-style:normal;--awb-title-font-weight:700;\"><div class=\"nav\"><ul class=\"nav-tabs nav-justified\" role=\"tablist\" aria-orientation=\"horizontal\"><li class=\"active\" role=\"presentation\"><a class=\"tab-link\" data-toggle=\"tab\" role=\"tab\" aria-controls=\"tab-5af9fb46735c0e27fa2\" aria-selected=\"true\" tabindex=\"0\" id=\"fusion-tab-5af9fb46735c0e27fa2\" href=\"#tab-5af9fb46735c0e27fa2\"><h5 class=\"fusion-tab-heading\">discribtion<i class=\"fontawesome-icon fa-exclamation fas\" aria-hidden=\"true\" style=\"font-size:16px;\"><\/i><\/h5><\/a><\/li><li  role=\"presentation\"><a class=\"tab-link\" data-toggle=\"tab\" role=\"tab\" aria-controls=\"tab-fafb25fca89b970d2b7\" aria-selected=\"false\" tabindex=\"-1\" id=\"fusion-tab-fafb25fca89b970d2b7\" href=\"#tab-fafb25fca89b970d2b7\"><h5 class=\"fusion-tab-heading\">features<i class=\"fontawesome-icon fa-cog fas\" aria-hidden=\"true\" style=\"font-size:16px;\"><\/i><\/h5><\/a><\/li><li  role=\"presentation\"><a class=\"tab-link\" data-toggle=\"tab\" role=\"tab\" aria-controls=\"tab-f7cbefcaf1cb62decf2\" aria-selected=\"false\" tabindex=\"-1\" id=\"fusion-tab-f7cbefcaf1cb62decf2\" href=\"#tab-f7cbefcaf1cb62decf2\"><h5 class=\"fusion-tab-heading\">manual<i class=\"fontawesome-icon fa-book-open fas\" aria-hidden=\"true\" style=\"font-size:16px;\"><\/i><\/h5><\/a><\/li><\/ul><\/div><div class=\"tab-content\"><div class=\"nav fusion-mobile-tab-nav\"><ul class=\"nav-tabs nav-justified\" role=\"tablist\" aria-orientation=\"horizontal\"><li class=\"active\" role=\"presentation\"><a class=\"tab-link\" data-toggle=\"tab\" role=\"tab\" aria-controls=\"tab-5af9fb46735c0e27fa2\" aria-selected=\"true\" tabindex=\"0\" id=\"mobile-fusion-tab-5af9fb46735c0e27fa2\" href=\"#tab-5af9fb46735c0e27fa2\"><h5 class=\"fusion-tab-heading\">discribtion<i class=\"fontawesome-icon fa-exclamation fas\" aria-hidden=\"true\" style=\"font-size:16px;\"><\/i><\/h5><\/a><\/li><\/ul><\/div><div class=\"tab-pane fade fusion-clearfix in active\" role=\"tabpanel\" tabindex=\"0\" aria-labelledby=\"fusion-tab-5af9fb46735c0e27fa2\" id=\"tab-5af9fb46735c0e27fa2\">\n<ul>\n<li>weight: 0,5 kg<\/li>\n<li>transport dimensions: 1200 x 550 x 320 mm<\/li>\n<li>parts: 4 (1+3)<\/li>\n<li>material: heavy corrugated cardboard (<a href=\"https:\/\/aidboards.com\/en\/hinweis-wellpappeprodukte\/\">remark <\/a>recommended)<\/li>\n<li>assembly time: ca. 2 min<\/li>\n<li>dimensions<br \/>height: 1300 mm<br \/>depth: 320 mm<br \/>width: 550 mm<\/li>\n<li>load: 10-20 kg<\/li>\n<\/ul>\n<p>Three similar inlays turn the shipping carton of the <a href=\"https:\/\/aidboards.com\/en\/katalog\/sets\/\">KatKit<\/a> into a simple shelf.<\/p>\n<p>The use of the shelf body as a shipping box may give character to the shelf; Superficial damage is therefore possible.<\/p>\n<p>Shipping by post<\/p>\n<p>inculded in <a href=\"https:\/\/aidboards.com\/en\/katalog\/sets\/\">KatKits<\/a> .<\/p>\n<\/div><div class=\"nav fusion-mobile-tab-nav\"><ul class=\"nav-tabs nav-justified\" role=\"tablist\" aria-orientation=\"horizontal\"><li  role=\"presentation\"><a class=\"tab-link\" data-toggle=\"tab\" role=\"tab\" aria-controls=\"tab-fafb25fca89b970d2b7\" aria-selected=\"false\" tabindex=\"-1\" id=\"mobile-fusion-tab-fafb25fca89b970d2b7\" href=\"#tab-fafb25fca89b970d2b7\"><h5 class=\"fusion-tab-heading\">features<i class=\"fontawesome-icon fa-cog fas\" aria-hidden=\"true\" style=\"font-size:16px;\"><\/i><\/h5><\/a><\/li><\/ul><\/div><div class=\"tab-pane fade fusion-clearfix\" role=\"tabpanel\" tabindex=\"0\" aria-labelledby=\"fusion-tab-fafb25fca89b970d2b7\" id=\"tab-fafb25fca89b970d2b7\">\n<ul>\n<li>mit einfachen DIY-Ma\u00dfnahmen f\u00fcr h\u00f6here Traglasten geeignet<\/li>\n<li>wiederholter Auf- und Abbau unproblematisch<\/li>\n<\/ul>\n<p>fielding:<\/p>\n<ul>\n<li>Notunterk\u00fcnfte<\/li>\n<li>WG-Zimmer<\/li>\n<li>B\u00fcros<\/li>\n<li>&#8230;<\/li>\n<\/ul>\n<\/div><div class=\"nav fusion-mobile-tab-nav\"><ul class=\"nav-tabs nav-justified\" role=\"tablist\" aria-orientation=\"horizontal\"><li  role=\"presentation\"><a class=\"tab-link\" data-toggle=\"tab\" role=\"tab\" aria-controls=\"tab-f7cbefcaf1cb62decf2\" aria-selected=\"false\" tabindex=\"-1\" id=\"mobile-fusion-tab-f7cbefcaf1cb62decf2\" href=\"#tab-f7cbefcaf1cb62decf2\"><h5 class=\"fusion-tab-heading\">manual<i class=\"fontawesome-icon fa-book-open fas\" aria-hidden=\"true\" style=\"font-size:16px;\"><\/i><\/h5><\/a><\/li><\/ul><\/div><div class=\"tab-pane fade fusion-clearfix\" role=\"tabpanel\" tabindex=\"0\" aria-labelledby=\"fusion-tab-f7cbefcaf1cb62decf2\" id=\"tab-f7cbefcaf1cb62decf2\">\n<p><a href=\"https:\/\/aidboards.com\/wp-content\/uploads\/2023\/12\/Anleitung-A0-UVVE-WEBSITE.pdf\">instruction leaflet<\/a><\/p>\n<div style=\"width: 1200px;\" class=\"wp-video\"><video class=\"wp-video-shortcode\" id=\"video-3117-1\" width=\"1200\" height=\"675\" preload=\"metadata\" controls=\"controls\"><source type=\"video\/mp4\" src=\"https:\/\/aidboards.com\/wp-content\/uploads\/2024\/01\/Manual%20A1%20UVVE.mp4?_=1\" \/><a href=\"https:\/\/aidboards.com\/wp-content\/uploads\/2024\/01\/Manual%20A1%20UVVE.mp4\">https:\/\/aidboards.com\/wp-content\/uploads\/2024\/01\/Manual%20A1%20UVVE.mp4<\/a><\/video><\/div>\n<\/div><\/div><\/div><\/div><\/div><\/div><\/div><\/p>","protected":false},"excerpt":{"rendered":"","protected":false},"author":1,"featured_media":0,"parent":2998,"menu_order":0,"comment_status":"closed","ping_status":"closed","template":"","meta":{"footnotes":""},"class_list":["post-3117","page","type-page","status-publish","hentry"],"yoast_head":"<!-- This site is optimized with the Yoast SEO plugin v27.4 - https:\/\/yoast.com\/product\/yoast-seo-wordpress\/ -->\n<title>Regal UVVE - AidBoards<\/title>\n<meta name=\"robots\" content=\"index, follow, max-snippet:-1, max-image-preview:large, max-video-preview:-1\" \/>\n<link rel=\"canonical\" href=\"https:\/\/aidboards.com\/en\/katalog\/regale\/regal-uvve\/\" \/>\n<meta property=\"og:locale\" content=\"en_GB\" \/>\n<meta property=\"og:type\" content=\"article\" \/>\n<meta property=\"og:title\" content=\"Regal UVVE - AidBoards\" \/>\n<meta property=\"og:url\" content=\"https:\/\/aidboards.com\/en\/katalog\/regale\/regal-uvve\/\" \/>\n<meta property=\"og:site_name\" content=\"AidBoards\" \/>\n<meta property=\"article:modified_time\" content=\"2024-01-13T12:47:53+00:00\" \/>\n<meta name=\"twitter:card\" content=\"summary_large_image\" \/>\n<meta name=\"twitter:label1\" content=\"Estimated reading time\" \/>\n\t<meta name=\"twitter:data1\" content=\"5 minutes\" \/>\n<script type=\"application\/ld+json\" class=\"yoast-schema-graph\">{\"@context\":\"https:\\\/\\\/schema.org\",\"@graph\":[{\"@type\":\"WebPage\",\"@id\":\"https:\\\/\\\/aidboards.com\\\/katalog\\\/regale\\\/regal-uvve\\\/\",\"url\":\"https:\\\/\\\/aidboards.com\\\/katalog\\\/regale\\\/regal-uvve\\\/\",\"name\":\"Regal UVVE - AidBoards\",\"isPartOf\":{\"@id\":\"https:\\\/\\\/aidboards.com\\\/#website\"},\"datePublished\":\"2023-10-30T22:12:05+00:00\",\"dateModified\":\"2024-01-13T12:47:53+00:00\",\"breadcrumb\":{\"@id\":\"https:\\\/\\\/aidboards.com\\\/katalog\\\/regale\\\/regal-uvve\\\/#breadcrumb\"},\"inLanguage\":\"en-GB\",\"potentialAction\":[{\"@type\":\"ReadAction\",\"target\":[\"https:\\\/\\\/aidboards.com\\\/katalog\\\/regale\\\/regal-uvve\\\/\"]}]},{\"@type\":\"BreadcrumbList\",\"@id\":\"https:\\\/\\\/aidboards.com\\\/katalog\\\/regale\\\/regal-uvve\\\/#breadcrumb\",\"itemListElement\":[{\"@type\":\"ListItem\",\"position\":1,\"name\":\"Startseite\",\"item\":\"https:\\\/\\\/aidboards.com\\\/\"},{\"@type\":\"ListItem\",\"position\":2,\"name\":\"Katalog\",\"item\":\"https:\\\/\\\/aidboards.com\\\/katalog\\\/\"},{\"@type\":\"ListItem\",\"position\":3,\"name\":\"Regale\",\"item\":\"https:\\\/\\\/aidboards.com\\\/katalog\\\/regale\\\/\"},{\"@type\":\"ListItem\",\"position\":4,\"name\":\"Regal UVVE\"}]},{\"@type\":\"WebSite\",\"@id\":\"https:\\\/\\\/aidboards.com\\\/#website\",\"url\":\"https:\\\/\\\/aidboards.com\\\/\",\"name\":\"AidBoards\",\"description\":\"paper response\",\"potentialAction\":[{\"@type\":\"SearchAction\",\"target\":{\"@type\":\"EntryPoint\",\"urlTemplate\":\"https:\\\/\\\/aidboards.com\\\/?s={search_term_string}\"},\"query-input\":{\"@type\":\"PropertyValueSpecification\",\"valueRequired\":true,\"valueName\":\"search_term_string\"}}],\"inLanguage\":\"en-GB\"}]}<\/script>\n<!-- \/ Yoast SEO plugin. -->","yoast_head_json":{"title":"Regal UVVE - AidBoards","robots":{"index":"index","follow":"follow","max-snippet":"max-snippet:-1","max-image-preview":"max-image-preview:large","max-video-preview":"max-video-preview:-1"},"canonical":"https:\/\/aidboards.com\/en\/katalog\/regale\/regal-uvve\/","og_locale":"en_GB","og_type":"article","og_title":"Regal UVVE - AidBoards","og_url":"https:\/\/aidboards.com\/en\/katalog\/regale\/regal-uvve\/","og_site_name":"AidBoards","article_modified_time":"2024-01-13T12:47:53+00:00","twitter_card":"summary_large_image","twitter_misc":{"Estimated reading time":"5 minutes"},"schema":{"@context":"https:\/\/schema.org","@graph":[{"@type":"WebPage","@id":"https:\/\/aidboards.com\/katalog\/regale\/regal-uvve\/","url":"https:\/\/aidboards.com\/katalog\/regale\/regal-uvve\/","name":"Regal UVVE - AidBoards","isPartOf":{"@id":"https:\/\/aidboards.com\/#website"},"datePublished":"2023-10-30T22:12:05+00:00","dateModified":"2024-01-13T12:47:53+00:00","breadcrumb":{"@id":"https:\/\/aidboards.com\/katalog\/regale\/regal-uvve\/#breadcrumb"},"inLanguage":"en-GB","potentialAction":[{"@type":"ReadAction","target":["https:\/\/aidboards.com\/katalog\/regale\/regal-uvve\/"]}]},{"@type":"BreadcrumbList","@id":"https:\/\/aidboards.com\/katalog\/regale\/regal-uvve\/#breadcrumb","itemListElement":[{"@type":"ListItem","position":1,"name":"Startseite","item":"https:\/\/aidboards.com\/"},{"@type":"ListItem","position":2,"name":"Katalog","item":"https:\/\/aidboards.com\/katalog\/"},{"@type":"ListItem","position":3,"name":"Regale","item":"https:\/\/aidboards.com\/katalog\/regale\/"},{"@type":"ListItem","position":4,"name":"Regal UVVE"}]},{"@type":"WebSite","@id":"https:\/\/aidboards.com\/#website","url":"https:\/\/aidboards.com\/","name":"AidBoards","description":"paper response","potentialAction":[{"@type":"SearchAction","target":{"@type":"EntryPoint","urlTemplate":"https:\/\/aidboards.com\/?s={search_term_string}"},"query-input":{"@type":"PropertyValueSpecification","valueRequired":true,"valueName":"search_term_string"}}],"inLanguage":"en-GB"}]}},"_links":{"self":[{"href":"https:\/\/aidboards.com\/en\/wp-json\/wp\/v2\/pages\/3117","targetHints":{"allow":["GET"]}}],"collection":[{"href":"https:\/\/aidboards.com\/en\/wp-json\/wp\/v2\/pages"}],"about":[{"href":"https:\/\/aidboards.com\/en\/wp-json\/wp\/v2\/types\/page"}],"author":[{"embeddable":true,"href":"https:\/\/aidboards.com\/en\/wp-json\/wp\/v2\/users\/1"}],"replies":[{"embeddable":true,"href":"https:\/\/aidboards.com\/en\/wp-json\/wp\/v2\/comments?post=3117"}],"version-history":[{"count":10,"href":"https:\/\/aidboards.com\/en\/wp-json\/wp\/v2\/pages\/3117\/revisions"}],"predecessor-version":[{"id":3455,"href":"https:\/\/aidboards.com\/en\/wp-json\/wp\/v2\/pages\/3117\/revisions\/3455"}],"up":[{"embeddable":true,"href":"https:\/\/aidboards.com\/en\/wp-json\/wp\/v2\/pages\/2998"}],"wp:attachment":[{"href":"https:\/\/aidboards.com\/en\/wp-json\/wp\/v2\/media?parent=3117"}],"curies":[{"name":"wp","href":"https:\/\/api.w.org\/{rel}","templated":true}]}}