{"id":3024,"date":"2023-10-25T22:54:59","date_gmt":"2023-10-25T20:54:59","guid":{"rendered":"https:\/\/aidboards.com\/?page_id=3024"},"modified":"2024-01-07T21:07:11","modified_gmt":"2024-01-07T20:07:11","slug":"eft-ope-001","status":"publish","type":"page","link":"https:\/\/aidboards.com\/en\/katalog\/tische\/eft-ope-001\/","title":{"rendered":"EFT ope-001"},"content":{"rendered":"<div class=\"fusion-fullwidth fullwidth-box fusion-builder-row-1 fusion-flex-container nonhundred-percent-fullwidth non-hundred-percent-height-scrolling\" style=\"--awb-border-radius-top-left:0px;--awb-border-radius-top-right:0px;--awb-border-radius-bottom-right:0px;--awb-border-radius-bottom-left:0px;--awb-flex-wrap:wrap;\" ><div class=\"fusion-builder-row fusion-row fusion-flex-align-items-flex-start fusion-flex-content-wrap\" style=\"max-width:1248px;margin-left: calc(-4% \/ 2 );margin-right: calc(-4% \/ 2 );\"><div class=\"fusion-layout-column fusion_builder_column fusion-builder-column-0 fusion_builder_column_2_3 2_3 fusion-flex-column\" style=\"--awb-bg-size:cover;--awb-width-large:66.6666666667%;--awb-margin-top-large:0px;--awb-spacing-right-large:2.88%;--awb-margin-bottom-large:20px;--awb-spacing-left-large:2.88%;--awb-width-medium:66.6666666667%;--awb-order-medium:0;--awb-spacing-right-medium:2.88%;--awb-spacing-left-medium:2.88%;--awb-width-small:100%;--awb-order-small:0;--awb-spacing-right-small:1.92%;--awb-spacing-left-small:1.92%;\"><div class=\"fusion-column-wrapper fusion-column-has-shadow fusion-flex-justify-content-flex-start fusion-content-layout-column\"><div class=\"fusion-text fusion-text-1\"><h4>Feldtisch EFT ope-001 &#8222;Operation&#8220;<\/h4>\n<\/div><\/div><\/div><div class=\"fusion-layout-column fusion_builder_column fusion-builder-column-1 fusion_builder_column_1_3 1_3 fusion-flex-column\" style=\"--awb-bg-size:cover;--awb-width-large:33.3333333333%;--awb-margin-top-large:0px;--awb-spacing-right-large:5.76%;--awb-margin-bottom-large:20px;--awb-spacing-left-large:5.76%;--awb-width-medium:33.3333333333%;--awb-order-medium:0;--awb-spacing-right-medium:5.76%;--awb-spacing-left-medium:5.76%;--awb-width-small:100%;--awb-order-small:0;--awb-spacing-right-small:1.92%;--awb-spacing-left-small:1.92%;\"><div class=\"fusion-column-wrapper fusion-column-has-shadow fusion-flex-justify-content-flex-start fusion-content-layout-column\"><\/div><\/div><div class=\"fusion-layout-column fusion_builder_column fusion-builder-column-2 fusion_builder_column_1_3 1_3 fusion-flex-column\" style=\"--awb-bg-size:cover;--awb-width-large:33.3333333333%;--awb-margin-top-large:0px;--awb-spacing-right-large:5.76%;--awb-margin-bottom-large:20px;--awb-spacing-left-large:5.76%;--awb-width-medium:33.3333333333%;--awb-order-medium:0;--awb-spacing-right-medium:5.76%;--awb-spacing-left-medium:5.76%;--awb-width-small:100%;--awb-order-small:0;--awb-spacing-right-small:1.92%;--awb-spacing-left-small:1.92%;\"><div class=\"fusion-column-wrapper fusion-column-has-shadow fusion-flex-justify-content-flex-start fusion-content-layout-column\"><div class=\"fusion-text fusion-text-2\"><p>Gewicht: ?<br \/>\nPackma\u00df: ?<\/p>\n<p>Teile: ?<br \/>\nMaterial: ?<br \/>\nAufbauzeit: ?<\/p>\n<p>dimensions<br \/>\nH\u00f6he: ?<br \/>\nBreite: ?<br \/>\nTiefe: ?<br \/>\nTraglast: ?<\/p>\n<p>In Zusammenarbeit mit dem Zentrum f\u00fcr Technisches Design der TU Dresden entstand innerhalb einer Diplomarbeit ein fr\u00fches Konzept f\u00fcr einen Einweg-Oprationsfeldtisch inklusive Prototyp. F\u00fcr die Fortf\u00fchrung der Entwicklung sind wir auf Unterst\u00fctzung im Bereich Anwendung und Zertifizierung angewiesen. Bei Interesse an dem Produkt-Konzept und Zusammenarbeit bitten wir um <a href=\"https:\/\/aidboards.com\/en\/kontakt\/\">Kontaktaufnahme<\/a>.<\/p>\n<\/div><div class=\"fusion-text fusion-text-3\"><p>features<\/p>\n<ul>\n<li>?<\/li>\n<\/ul>\n<p>fielding:<\/p>\n<ul>\n<li>medical care unit<\/li>\n<li>Treatment Units<\/li>\n<li>?<\/li>\n<\/ul>\n<\/div><\/div><\/div><div class=\"fusion-layout-column fusion_builder_column fusion-builder-column-3 fusion_builder_column_2_3 2_3 fusion-flex-column\" style=\"--awb-bg-size:cover;--awb-width-large:66.6666666667%;--awb-margin-top-large:0px;--awb-spacing-right-large:2.88%;--awb-margin-bottom-large:20px;--awb-spacing-left-large:2.88%;--awb-width-medium:66.6666666667%;--awb-order-medium:0;--awb-spacing-right-medium:2.88%;--awb-spacing-left-medium:2.88%;--awb-width-small:100%;--awb-order-small:0;--awb-spacing-right-small:1.92%;--awb-spacing-left-small:1.92%;\"><div class=\"fusion-column-wrapper fusion-column-has-shadow fusion-flex-justify-content-flex-start fusion-content-layout-column\"><div class=\"fusion-image-carousel fusion-image-carousel-auto fusion-image-carousel-1 fusion-carousel-border\"><div class=\"awb-carousel awb-swiper awb-swiper-carousel awb-carousel--carousel awb-swiper-dots-position-bottom\" data-layout=\"carousel\" data-autoplay=\"yes\" data-autoplayspeed=\"2500\" data-autoplaypause=\"no\" data-loop=\"yes\" data-columns=\"1\" data-columnsmedium=\"1\" data-columnssmall=\"1\" data-itemmargin=\"13\" data-itemwidth=\"180\" data-touchscroll=\"no\" data-freemode=\"no\" data-imagesize=\"auto\" data-scrollitems=\"0\" data-centeredslides=\"no\" data-rotationangle=\"50\" data-depth=\"100\" data-speed=\"500\" data-shadow=\"no\" data-pagination=\"bullets\" style=\"--awb-columns:1;--awb-border-width:1px;--awb-border-color:#e9eaee;\"><div class=\"swiper-wrapper awb-image-carousel-wrapper fusion-flex-align-items-center\"><div class=\"swiper-slide\"><div class=\"fusion-carousel-item-wrapper\"><div class=\"fusion-image-wrapper hover-type-zoomin\"><img decoding=\"async\" width=\"1181\" height=\"787\" src=\"https:\/\/aidboards.com\/wp-content\/uploads\/2023\/10\/Abb75-blick-ins-op-zelt-klein.jpg\" class=\"attachment-full size-full\" alt=\"\" srcset=\"https:\/\/aidboards.com\/wp-content\/uploads\/2023\/10\/Abb75-blick-ins-op-zelt-klein-18x12.jpg 18w, https:\/\/aidboards.com\/wp-content\/uploads\/2023\/10\/Abb75-blick-ins-op-zelt-klein-200x133.jpg 200w, https:\/\/aidboards.com\/wp-content\/uploads\/2023\/10\/Abb75-blick-ins-op-zelt-klein-300x200.jpg 300w, https:\/\/aidboards.com\/wp-content\/uploads\/2023\/10\/Abb75-blick-ins-op-zelt-klein-400x267.jpg 400w, https:\/\/aidboards.com\/wp-content\/uploads\/2023\/10\/Abb75-blick-ins-op-zelt-klein-600x400.jpg 600w, https:\/\/aidboards.com\/wp-content\/uploads\/2023\/10\/Abb75-blick-ins-op-zelt-klein-768x512.jpg 768w, https:\/\/aidboards.com\/wp-content\/uploads\/2023\/10\/Abb75-blick-ins-op-zelt-klein-800x533.jpg 800w, https:\/\/aidboards.com\/wp-content\/uploads\/2023\/10\/Abb75-blick-ins-op-zelt-klein-1024x682.jpg 1024w, https:\/\/aidboards.com\/wp-content\/uploads\/2023\/10\/Abb75-blick-ins-op-zelt-klein.jpg 1181w\" sizes=\"(max-width: 1181px) 100vw, 1181px\" \/><\/div><\/div><\/div><div class=\"swiper-slide\"><div class=\"fusion-carousel-item-wrapper\"><div class=\"fusion-image-wrapper hover-type-zoomin\"><img decoding=\"async\" width=\"1024\" height=\"683\" src=\"https:\/\/aidboards.com\/wp-content\/uploads\/2022\/01\/OP-Tisch.jpg\" class=\"attachment-full size-full\" alt=\"\" srcset=\"https:\/\/aidboards.com\/wp-content\/uploads\/2022\/01\/OP-Tisch-200x133.jpg 200w, https:\/\/aidboards.com\/wp-content\/uploads\/2022\/01\/OP-Tisch-300x200.jpg 300w, https:\/\/aidboards.com\/wp-content\/uploads\/2022\/01\/OP-Tisch-400x267.jpg 400w, https:\/\/aidboards.com\/wp-content\/uploads\/2022\/01\/OP-Tisch-600x400.jpg 600w, https:\/\/aidboards.com\/wp-content\/uploads\/2022\/01\/OP-Tisch-768x512.jpg 768w, https:\/\/aidboards.com\/wp-content\/uploads\/2022\/01\/OP-Tisch-800x534.jpg 800w, https:\/\/aidboards.com\/wp-content\/uploads\/2022\/01\/OP-Tisch.jpg 1024w\" sizes=\"(max-width: 1024px) 100vw, 1024px\" \/><\/div><\/div><\/div><\/div><div class=\"awb-swiper-button awb-swiper-button-prev\"><i class=\"awb-icon-angle-left\" aria-hidden=\"true\"><\/i><\/div><div class=\"awb-swiper-button awb-swiper-button-next\"><i class=\"awb-icon-angle-right\" aria-hidden=\"true\"><\/i><\/div><\/div><\/div><\/div><\/div><div class=\"fusion-layout-column fusion_builder_column fusion-builder-column-4 fusion_builder_column_1_1 1_1 fusion-flex-column\" style=\"--awb-bg-size:cover;--awb-width-large:100%;--awb-margin-top-large:0px;--awb-spacing-right-large:1.92%;--awb-margin-bottom-large:20px;--awb-spacing-left-large:1.92%;--awb-width-medium:100%;--awb-order-medium:0;--awb-spacing-right-medium:1.92%;--awb-spacing-left-medium:1.92%;--awb-width-small:100%;--awb-order-small:0;--awb-spacing-right-small:1.92%;--awb-spacing-left-small:1.92%;\"><div class=\"fusion-column-wrapper fusion-column-has-shadow fusion-flex-justify-content-flex-start fusion-content-layout-column\"><div class=\"fusion-text fusion-text-4\"><p class=\"translation-block\">Further questions? Please visit the <a href=\"https:\/\/aidboards.com\/en\/faq\/\" target=\"_self\"><strong>FAQs<\/strong><\/a> or get in <strong><a href=\"https:\/\/aidboards.com\/en\/kontakt\/\" target=\"_self\">contact<\/a><\/strong>.<\/p>\n<\/div><\/div><\/div><\/div><\/div>","protected":false},"excerpt":{"rendered":"","protected":false},"author":1,"featured_media":0,"parent":2995,"menu_order":0,"comment_status":"closed","ping_status":"closed","template":"","meta":{"footnotes":""},"class_list":["post-3024","page","type-page","status-publish","hentry"],"yoast_head":"<!-- This site is optimized with the Yoast SEO plugin v27.4 - https:\/\/yoast.com\/product\/yoast-seo-wordpress\/ -->\n<title>EFT ope-001 - AidBoards<\/title>\n<meta name=\"robots\" content=\"index, follow, max-snippet:-1, max-image-preview:large, max-video-preview:-1\" \/>\n<link rel=\"canonical\" href=\"https:\/\/aidboards.com\/en\/katalog\/tische\/eft-ope-001\/\" \/>\n<meta property=\"og:locale\" content=\"en_GB\" \/>\n<meta property=\"og:type\" content=\"article\" \/>\n<meta property=\"og:title\" content=\"EFT ope-001 - AidBoards\" \/>\n<meta property=\"og:url\" content=\"https:\/\/aidboards.com\/en\/katalog\/tische\/eft-ope-001\/\" \/>\n<meta property=\"og:site_name\" content=\"AidBoards\" \/>\n<meta property=\"article:modified_time\" content=\"2024-01-07T20:07:11+00:00\" \/>\n<meta name=\"twitter:card\" content=\"summary_large_image\" \/>\n<meta name=\"twitter:label1\" content=\"Estimated reading time\" \/>\n\t<meta name=\"twitter:data1\" content=\"3 minutes\" \/>\n<script type=\"application\/ld+json\" class=\"yoast-schema-graph\">{\"@context\":\"https:\\\/\\\/schema.org\",\"@graph\":[{\"@type\":\"WebPage\",\"@id\":\"https:\\\/\\\/aidboards.com\\\/katalog\\\/tische\\\/eft-ope-001\\\/\",\"url\":\"https:\\\/\\\/aidboards.com\\\/katalog\\\/tische\\\/eft-ope-001\\\/\",\"name\":\"EFT ope-001 - AidBoards\",\"isPartOf\":{\"@id\":\"https:\\\/\\\/aidboards.com\\\/#website\"},\"datePublished\":\"2023-10-25T20:54:59+00:00\",\"dateModified\":\"2024-01-07T20:07:11+00:00\",\"breadcrumb\":{\"@id\":\"https:\\\/\\\/aidboards.com\\\/katalog\\\/tische\\\/eft-ope-001\\\/#breadcrumb\"},\"inLanguage\":\"en-GB\",\"potentialAction\":[{\"@type\":\"ReadAction\",\"target\":[\"https:\\\/\\\/aidboards.com\\\/katalog\\\/tische\\\/eft-ope-001\\\/\"]}]},{\"@type\":\"BreadcrumbList\",\"@id\":\"https:\\\/\\\/aidboards.com\\\/katalog\\\/tische\\\/eft-ope-001\\\/#breadcrumb\",\"itemListElement\":[{\"@type\":\"ListItem\",\"position\":1,\"name\":\"Startseite\",\"item\":\"https:\\\/\\\/aidboards.com\\\/\"},{\"@type\":\"ListItem\",\"position\":2,\"name\":\"Katalog\",\"item\":\"https:\\\/\\\/aidboards.com\\\/katalog\\\/\"},{\"@type\":\"ListItem\",\"position\":3,\"name\":\"Tische\",\"item\":\"https:\\\/\\\/aidboards.com\\\/katalog\\\/tische\\\/\"},{\"@type\":\"ListItem\",\"position\":4,\"name\":\"EFT ope-001\"}]},{\"@type\":\"WebSite\",\"@id\":\"https:\\\/\\\/aidboards.com\\\/#website\",\"url\":\"https:\\\/\\\/aidboards.com\\\/\",\"name\":\"AidBoards\",\"description\":\"paper response\",\"potentialAction\":[{\"@type\":\"SearchAction\",\"target\":{\"@type\":\"EntryPoint\",\"urlTemplate\":\"https:\\\/\\\/aidboards.com\\\/?s={search_term_string}\"},\"query-input\":{\"@type\":\"PropertyValueSpecification\",\"valueRequired\":true,\"valueName\":\"search_term_string\"}}],\"inLanguage\":\"en-GB\"}]}<\/script>\n<!-- \/ Yoast SEO plugin. -->","yoast_head_json":{"title":"EFT ope-001 - AidBoards","robots":{"index":"index","follow":"follow","max-snippet":"max-snippet:-1","max-image-preview":"max-image-preview:large","max-video-preview":"max-video-preview:-1"},"canonical":"https:\/\/aidboards.com\/en\/katalog\/tische\/eft-ope-001\/","og_locale":"en_GB","og_type":"article","og_title":"EFT ope-001 - AidBoards","og_url":"https:\/\/aidboards.com\/en\/katalog\/tische\/eft-ope-001\/","og_site_name":"AidBoards","article_modified_time":"2024-01-07T20:07:11+00:00","twitter_card":"summary_large_image","twitter_misc":{"Estimated reading time":"3 minutes"},"schema":{"@context":"https:\/\/schema.org","@graph":[{"@type":"WebPage","@id":"https:\/\/aidboards.com\/katalog\/tische\/eft-ope-001\/","url":"https:\/\/aidboards.com\/katalog\/tische\/eft-ope-001\/","name":"EFT ope-001 - AidBoards","isPartOf":{"@id":"https:\/\/aidboards.com\/#website"},"datePublished":"2023-10-25T20:54:59+00:00","dateModified":"2024-01-07T20:07:11+00:00","breadcrumb":{"@id":"https:\/\/aidboards.com\/katalog\/tische\/eft-ope-001\/#breadcrumb"},"inLanguage":"en-GB","potentialAction":[{"@type":"ReadAction","target":["https:\/\/aidboards.com\/katalog\/tische\/eft-ope-001\/"]}]},{"@type":"BreadcrumbList","@id":"https:\/\/aidboards.com\/katalog\/tische\/eft-ope-001\/#breadcrumb","itemListElement":[{"@type":"ListItem","position":1,"name":"Startseite","item":"https:\/\/aidboards.com\/"},{"@type":"ListItem","position":2,"name":"Katalog","item":"https:\/\/aidboards.com\/katalog\/"},{"@type":"ListItem","position":3,"name":"Tische","item":"https:\/\/aidboards.com\/katalog\/tische\/"},{"@type":"ListItem","position":4,"name":"EFT ope-001"}]},{"@type":"WebSite","@id":"https:\/\/aidboards.com\/#website","url":"https:\/\/aidboards.com\/","name":"AidBoards","description":"paper response","potentialAction":[{"@type":"SearchAction","target":{"@type":"EntryPoint","urlTemplate":"https:\/\/aidboards.com\/?s={search_term_string}"},"query-input":{"@type":"PropertyValueSpecification","valueRequired":true,"valueName":"search_term_string"}}],"inLanguage":"en-GB"}]}},"_links":{"self":[{"href":"https:\/\/aidboards.com\/en\/wp-json\/wp\/v2\/pages\/3024","targetHints":{"allow":["GET"]}}],"collection":[{"href":"https:\/\/aidboards.com\/en\/wp-json\/wp\/v2\/pages"}],"about":[{"href":"https:\/\/aidboards.com\/en\/wp-json\/wp\/v2\/types\/page"}],"author":[{"embeddable":true,"href":"https:\/\/aidboards.com\/en\/wp-json\/wp\/v2\/users\/1"}],"replies":[{"embeddable":true,"href":"https:\/\/aidboards.com\/en\/wp-json\/wp\/v2\/comments?post=3024"}],"version-history":[{"count":8,"href":"https:\/\/aidboards.com\/en\/wp-json\/wp\/v2\/pages\/3024\/revisions"}],"predecessor-version":[{"id":3429,"href":"https:\/\/aidboards.com\/en\/wp-json\/wp\/v2\/pages\/3024\/revisions\/3429"}],"up":[{"embeddable":true,"href":"https:\/\/aidboards.com\/en\/wp-json\/wp\/v2\/pages\/2995"}],"wp:attachment":[{"href":"https:\/\/aidboards.com\/en\/wp-json\/wp\/v2\/media?parent=3024"}],"curies":[{"name":"wp","href":"https:\/\/api.w.org\/{rel}","templated":true}]}}