{"id":2380,"date":"2022-09-23T11:45:00","date_gmt":"2022-09-23T09:45:00","guid":{"rendered":"https:\/\/aidboards.com\/?page_id=2380"},"modified":"2023-04-12T10:52:44","modified_gmt":"2023-04-12T08:52:44","slug":"einwegfeldbett-efb-stan-001","status":"publish","type":"page","link":"https:\/\/aidboards.com\/en\/nothilfe-alt\/einwegfeldbett-efb-stan-001\/","title":{"rendered":"Feldbett EFB stan-001"},"content":{"rendered":"<div class=\"fusion-fullwidth fullwidth-box fusion-builder-row-1 fusion-flex-container nonhundred-percent-fullwidth non-hundred-percent-height-scrolling\" style=\"--awb-border-radius-top-left:0px;--awb-border-radius-top-right:0px;--awb-border-radius-bottom-right:0px;--awb-border-radius-bottom-left:0px;--awb-flex-wrap:wrap;\" ><div class=\"fusion-builder-row fusion-row fusion-flex-align-items-flex-start fusion-flex-content-wrap\" style=\"max-width:1248px;margin-left: calc(-4% \/ 2 );margin-right: calc(-4% \/ 2 );\"><div class=\"fusion-layout-column fusion_builder_column fusion-builder-column-0 fusion_builder_column_2_3 2_3 fusion-flex-column\" style=\"--awb-bg-size:cover;--awb-width-large:66.6666666667%;--awb-margin-top-large:0px;--awb-spacing-right-large:2.88%;--awb-margin-bottom-large:20px;--awb-spacing-left-large:2.88%;--awb-width-medium:66.6666666667%;--awb-order-medium:0;--awb-spacing-right-medium:2.88%;--awb-spacing-left-medium:2.88%;--awb-width-small:100%;--awb-order-small:0;--awb-spacing-right-small:1.92%;--awb-spacing-left-small:1.92%;\"><div class=\"fusion-column-wrapper fusion-column-has-shadow fusion-flex-justify-content-flex-start fusion-content-layout-column\"><div class=\"fusion-text fusion-text-1\" style=\"--awb-text-color:rgba(219,172,63,0.94);\"><h4>Feldbett EFB stan-001 &#8222;Standard&#8220;<\/h4>\n<\/div><\/div><\/div><div class=\"fusion-layout-column fusion_builder_column fusion-builder-column-1 fusion_builder_column_1_3 1_3 fusion-flex-column\" style=\"--awb-bg-size:cover;--awb-width-large:33.3333333333%;--awb-margin-top-large:0px;--awb-spacing-right-large:5.76%;--awb-margin-bottom-large:20px;--awb-spacing-left-large:5.76%;--awb-width-medium:33.3333333333%;--awb-order-medium:0;--awb-spacing-right-medium:5.76%;--awb-spacing-left-medium:5.76%;--awb-width-small:100%;--awb-order-small:0;--awb-spacing-right-small:1.92%;--awb-spacing-left-small:1.92%;\"><div class=\"fusion-column-wrapper fusion-column-has-shadow fusion-flex-justify-content-flex-start fusion-content-layout-column\"><div class=\"fusion-text fusion-text-2\" style=\"--awb-text-color:var(--awb-color8);\"><p><span style=\"color: #ff9900;\"><em>!Advice!<\/em><\/span><\/p>\n<p><span style=\"color: #ff9900;\"><em>Die Produktion des Modells wurde eingestellt.<\/em><\/span><\/p>\n<\/div><\/div><\/div><div class=\"fusion-layout-column fusion_builder_column fusion-builder-column-2 fusion_builder_column_1_3 1_3 fusion-flex-column\" style=\"--awb-bg-size:cover;--awb-width-large:33.3333333333%;--awb-margin-top-large:0px;--awb-spacing-right-large:5.76%;--awb-margin-bottom-large:20px;--awb-spacing-left-large:5.76%;--awb-width-medium:33.3333333333%;--awb-order-medium:0;--awb-spacing-right-medium:5.76%;--awb-spacing-left-medium:5.76%;--awb-width-small:100%;--awb-order-small:0;--awb-spacing-right-small:1.92%;--awb-spacing-left-small:1.92%;\"><div class=\"fusion-column-wrapper fusion-column-has-shadow fusion-flex-justify-content-flex-start fusion-content-layout-column\"><div class=\"fusion-text fusion-text-3\"><p>Gewicht: 10,35 kg<br \/>\nPackma\u00df: 1100 x 720 x 130 mm<\/p>\n<p>Teile: 9 (3 pro Modul)<br \/>\nMaterial: Schwerwellpappe, Jute, Graukarton<br \/>\nAufbauzeit: ca. 4 Min<\/p>\n<p>dimensions<br \/>\nH\u00f6he: 442 mm<br \/>\nL\u00e4nge: 1950 mm (3 Module, anpassbar)<br \/>\nBreite: 820 mm<br \/>\nTraglast: 80 kg (120 kg geplant)<\/p>\n<\/div><div class=\"fusion-text fusion-text-4\"><p>Das erste AidBoards-Einwegfeldbett aus Serienproduktion ist ein Demonstrator f\u00fcr Kunden- und Fertigunstests und f\u00fcr leichte Nutzung entstanden. Charakterisiert durch einen modularen Aufbau l\u00e4sst es beliebige Bettl\u00e4ngen zu. Durch die Verwendung von atmungsaktiver Jute in separaten Liegezonen entsteht ein angenehmes Liegegef\u00fchl im Vergleich zu normalen Campingbetten. Bei Abnutzungserscheinungen k\u00f6nnen einzelne Module durchgewechselt oder ausgetauscht werden.<\/p>\n<p>additional features<\/p>\n<ul>\n<li>Ablage<\/li>\n<li>\"soft\" feets (no damaging of flooring)<\/li>\n<li>reinforced for seating<\/li>\n<li>fastening for wardrobe or screens<\/li>\n<li>fastening for mosquitodome<\/li>\n<li>reparability through interchangeability of parts\/modules<\/li>\n<\/ul>\n<p>fielding:<\/p>\n<ul>\n<li>emergency accomodation (tents, gyms, extra bed for hotel, ...)<\/li>\n<li>crew quarters<\/li>\n<li>medical care unit<\/li>\n<li>...<\/li>\n<\/ul>\n<\/div><\/div><\/div><div class=\"fusion-layout-column fusion_builder_column fusion-builder-column-3 fusion_builder_column_2_3 2_3 fusion-flex-column\" style=\"--awb-bg-size:cover;--awb-width-large:66.6666666667%;--awb-margin-top-large:0px;--awb-spacing-right-large:2.88%;--awb-margin-bottom-large:20px;--awb-spacing-left-large:2.88%;--awb-width-medium:66.6666666667%;--awb-order-medium:0;--awb-spacing-right-medium:2.88%;--awb-spacing-left-medium:2.88%;--awb-width-small:100%;--awb-order-small:0;--awb-spacing-right-small:1.92%;--awb-spacing-left-small:1.92%;\"><div class=\"fusion-column-wrapper fusion-column-has-shadow fusion-flex-justify-content-flex-start fusion-content-layout-column\"><div class=\"fusion-image-carousel fusion-image-carousel-auto fusion-image-carousel-1 fusion-carousel-border\"><div class=\"awb-carousel awb-swiper awb-swiper-carousel awb-carousel--carousel awb-swiper-dots-position-bottom\" data-layout=\"carousel\" data-autoplay=\"yes\" data-autoplayspeed=\"2500\" data-autoplaypause=\"no\" data-loop=\"yes\" data-columns=\"1\" data-columnsmedium=\"1\" data-columnssmall=\"1\" data-itemmargin=\"13\" data-itemwidth=\"180\" data-touchscroll=\"no\" data-freemode=\"no\" data-imagesize=\"auto\" data-scrollitems=\"0\" data-centeredslides=\"no\" data-rotationangle=\"50\" data-depth=\"100\" data-speed=\"500\" data-shadow=\"no\" data-pagination=\"bullets\" style=\"--awb-columns:1;--awb-border-width:1px;--awb-border-color:#e9eaee;\"><div class=\"swiper-wrapper awb-image-carousel-wrapper fusion-flex-align-items-center\"><div class=\"swiper-slide\"><div class=\"fusion-carousel-item-wrapper\"><div class=\"fusion-image-wrapper hover-type-zoomin\"><img decoding=\"async\" width=\"800\" height=\"600\" src=\"https:\/\/aidboards.com\/wp-content\/uploads\/2021\/07\/Bett_1.jpg\" class=\"attachment-full size-full\" alt=\"Feldbett_1\" srcset=\"https:\/\/aidboards.com\/wp-content\/uploads\/2021\/07\/Bett_1-200x150.jpg 200w, https:\/\/aidboards.com\/wp-content\/uploads\/2021\/07\/Bett_1-300x225.jpg 300w, https:\/\/aidboards.com\/wp-content\/uploads\/2021\/07\/Bett_1-400x300.jpg 400w, https:\/\/aidboards.com\/wp-content\/uploads\/2021\/07\/Bett_1-600x450.jpg 600w, https:\/\/aidboards.com\/wp-content\/uploads\/2021\/07\/Bett_1-768x576.jpg 768w, https:\/\/aidboards.com\/wp-content\/uploads\/2021\/07\/Bett_1.jpg 800w\" sizes=\"(max-width: 800px) 100vw, 800px\" \/><\/div><\/div><\/div><div class=\"swiper-slide\"><div class=\"fusion-carousel-item-wrapper\"><div class=\"fusion-image-wrapper hover-type-zoomin\"><img decoding=\"async\" width=\"800\" height=\"600\" src=\"https:\/\/aidboards.com\/wp-content\/uploads\/2021\/07\/Bett_2.jpg\" class=\"attachment-full size-full\" alt=\"Einweg-Feldbett_2\" srcset=\"https:\/\/aidboards.com\/wp-content\/uploads\/2021\/07\/Bett_2-200x150.jpg 200w, https:\/\/aidboards.com\/wp-content\/uploads\/2021\/07\/Bett_2-300x225.jpg 300w, https:\/\/aidboards.com\/wp-content\/uploads\/2021\/07\/Bett_2-400x300.jpg 400w, https:\/\/aidboards.com\/wp-content\/uploads\/2021\/07\/Bett_2-600x450.jpg 600w, https:\/\/aidboards.com\/wp-content\/uploads\/2021\/07\/Bett_2-768x576.jpg 768w, https:\/\/aidboards.com\/wp-content\/uploads\/2021\/07\/Bett_2.jpg 800w\" sizes=\"(max-width: 800px) 100vw, 800px\" \/><\/div><\/div><\/div><div class=\"swiper-slide\"><div class=\"fusion-carousel-item-wrapper\"><div class=\"fusion-image-wrapper hover-type-zoomin\"><img decoding=\"async\" width=\"800\" height=\"600\" src=\"https:\/\/aidboards.com\/wp-content\/uploads\/2021\/07\/Bett_3.jpg\" class=\"attachment-full size-full\" alt=\"Einweg-Feldbett auf Palette\" srcset=\"https:\/\/aidboards.com\/wp-content\/uploads\/2021\/07\/Bett_3-200x150.jpg 200w, https:\/\/aidboards.com\/wp-content\/uploads\/2021\/07\/Bett_3-300x225.jpg 300w, https:\/\/aidboards.com\/wp-content\/uploads\/2021\/07\/Bett_3-400x300.jpg 400w, https:\/\/aidboards.com\/wp-content\/uploads\/2021\/07\/Bett_3-600x450.jpg 600w, https:\/\/aidboards.com\/wp-content\/uploads\/2021\/07\/Bett_3-768x576.jpg 768w, https:\/\/aidboards.com\/wp-content\/uploads\/2021\/07\/Bett_3.jpg 800w\" sizes=\"(max-width: 800px) 100vw, 800px\" \/><\/div><\/div><\/div><\/div><div class=\"awb-swiper-button awb-swiper-button-prev\"><i class=\"awb-icon-angle-left\" aria-hidden=\"true\"><\/i><\/div><div class=\"awb-swiper-button awb-swiper-button-next\"><i class=\"awb-icon-angle-right\" aria-hidden=\"true\"><\/i><\/div><\/div><\/div><div class=\"fusion-video fusion-selfhosted-video\" style=\"max-width:100%;\"><div class=\"video-wrapper\"><video playsinline=\"true\" width=\"100%\" style=\"object-fit: cover;\" autoplay=\"true\" muted=\"true\" loop=\"true\" preload=\"auto\" controls=\"1\"><source src=\"https:\/\/aidboards.com\/wp-content\/uploads\/2021\/07\/Aufbau-Bett-Website1.mp4\" type=\"video\/mp4\">Sorry, your browser doesn&#039;t support embedded videos.<\/video><\/div><\/div><div class=\"fusion-separator fusion-full-width-sep\" style=\"align-self: center;margin-left: auto;margin-right: auto;margin-top:10px;margin-bottom:10px;width:100%;\"><\/div><div class=\"fusion-separator fusion-full-width-sep\" style=\"align-self: center;margin-left: auto;margin-right: auto;margin-top:10px;margin-bottom:10px;width:100%;\"><\/div><\/div><\/div><\/div><\/div>","protected":false},"excerpt":{"rendered":"","protected":false},"author":1,"featured_media":0,"parent":2206,"menu_order":0,"comment_status":"closed","ping_status":"closed","template":"","meta":{"footnotes":""},"class_list":["post-2380","page","type-page","status-publish","hentry"],"yoast_head":"<!-- This site is optimized with the Yoast SEO plugin v27.4 - https:\/\/yoast.com\/product\/yoast-seo-wordpress\/ -->\n<title>Feldbett EFB stan-001 - AidBoards<\/title>\n<meta name=\"robots\" content=\"index, follow, max-snippet:-1, max-image-preview:large, max-video-preview:-1\" \/>\n<link rel=\"canonical\" href=\"https:\/\/aidboards.com\/en\/nothilfe-alt\/einwegfeldbett-efb-stan-001\/\" \/>\n<meta property=\"og:locale\" content=\"en_GB\" \/>\n<meta property=\"og:type\" content=\"article\" \/>\n<meta property=\"og:title\" content=\"Feldbett EFB stan-001 - AidBoards\" \/>\n<meta property=\"og:url\" content=\"https:\/\/aidboards.com\/en\/nothilfe-alt\/einwegfeldbett-efb-stan-001\/\" \/>\n<meta property=\"og:site_name\" content=\"AidBoards\" \/>\n<meta property=\"article:modified_time\" content=\"2023-04-12T08:52:44+00:00\" \/>\n<meta name=\"twitter:card\" content=\"summary_large_image\" \/>\n<meta name=\"twitter:label1\" content=\"Estimated reading time\" \/>\n\t<meta name=\"twitter:data1\" content=\"3 minutes\" \/>\n<script type=\"application\/ld+json\" class=\"yoast-schema-graph\">{\"@context\":\"https:\\\/\\\/schema.org\",\"@graph\":[{\"@type\":\"WebPage\",\"@id\":\"https:\\\/\\\/aidboards.com\\\/nothilfe-alt\\\/einwegfeldbett-efb-stan-001\\\/\",\"url\":\"https:\\\/\\\/aidboards.com\\\/nothilfe-alt\\\/einwegfeldbett-efb-stan-001\\\/\",\"name\":\"Feldbett EFB stan-001 - AidBoards\",\"isPartOf\":{\"@id\":\"https:\\\/\\\/aidboards.com\\\/#website\"},\"datePublished\":\"2022-09-23T09:45:00+00:00\",\"dateModified\":\"2023-04-12T08:52:44+00:00\",\"breadcrumb\":{\"@id\":\"https:\\\/\\\/aidboards.com\\\/nothilfe-alt\\\/einwegfeldbett-efb-stan-001\\\/#breadcrumb\"},\"inLanguage\":\"en-GB\",\"potentialAction\":[{\"@type\":\"ReadAction\",\"target\":[\"https:\\\/\\\/aidboards.com\\\/nothilfe-alt\\\/einwegfeldbett-efb-stan-001\\\/\"]}]},{\"@type\":\"BreadcrumbList\",\"@id\":\"https:\\\/\\\/aidboards.com\\\/nothilfe-alt\\\/einwegfeldbett-efb-stan-001\\\/#breadcrumb\",\"itemListElement\":[{\"@type\":\"ListItem\",\"position\":1,\"name\":\"Startseite\",\"item\":\"https:\\\/\\\/aidboards.com\\\/\"},{\"@type\":\"ListItem\",\"position\":2,\"name\":\"Nothilfe +alt+\",\"item\":\"https:\\\/\\\/aidboards.com\\\/nothilfe-alt\\\/\"},{\"@type\":\"ListItem\",\"position\":3,\"name\":\"Feldbett EFB stan-001\"}]},{\"@type\":\"WebSite\",\"@id\":\"https:\\\/\\\/aidboards.com\\\/#website\",\"url\":\"https:\\\/\\\/aidboards.com\\\/\",\"name\":\"AidBoards\",\"description\":\"paper response\",\"potentialAction\":[{\"@type\":\"SearchAction\",\"target\":{\"@type\":\"EntryPoint\",\"urlTemplate\":\"https:\\\/\\\/aidboards.com\\\/?s={search_term_string}\"},\"query-input\":{\"@type\":\"PropertyValueSpecification\",\"valueRequired\":true,\"valueName\":\"search_term_string\"}}],\"inLanguage\":\"en-GB\"}]}<\/script>\n<!-- \/ Yoast SEO plugin. -->","yoast_head_json":{"title":"Feldbett EFB stan-001 - AidBoards","robots":{"index":"index","follow":"follow","max-snippet":"max-snippet:-1","max-image-preview":"max-image-preview:large","max-video-preview":"max-video-preview:-1"},"canonical":"https:\/\/aidboards.com\/en\/nothilfe-alt\/einwegfeldbett-efb-stan-001\/","og_locale":"en_GB","og_type":"article","og_title":"Feldbett EFB stan-001 - AidBoards","og_url":"https:\/\/aidboards.com\/en\/nothilfe-alt\/einwegfeldbett-efb-stan-001\/","og_site_name":"AidBoards","article_modified_time":"2023-04-12T08:52:44+00:00","twitter_card":"summary_large_image","twitter_misc":{"Estimated reading time":"3 minutes"},"schema":{"@context":"https:\/\/schema.org","@graph":[{"@type":"WebPage","@id":"https:\/\/aidboards.com\/nothilfe-alt\/einwegfeldbett-efb-stan-001\/","url":"https:\/\/aidboards.com\/nothilfe-alt\/einwegfeldbett-efb-stan-001\/","name":"Feldbett EFB stan-001 - AidBoards","isPartOf":{"@id":"https:\/\/aidboards.com\/#website"},"datePublished":"2022-09-23T09:45:00+00:00","dateModified":"2023-04-12T08:52:44+00:00","breadcrumb":{"@id":"https:\/\/aidboards.com\/nothilfe-alt\/einwegfeldbett-efb-stan-001\/#breadcrumb"},"inLanguage":"en-GB","potentialAction":[{"@type":"ReadAction","target":["https:\/\/aidboards.com\/nothilfe-alt\/einwegfeldbett-efb-stan-001\/"]}]},{"@type":"BreadcrumbList","@id":"https:\/\/aidboards.com\/nothilfe-alt\/einwegfeldbett-efb-stan-001\/#breadcrumb","itemListElement":[{"@type":"ListItem","position":1,"name":"Startseite","item":"https:\/\/aidboards.com\/"},{"@type":"ListItem","position":2,"name":"Nothilfe +alt+","item":"https:\/\/aidboards.com\/nothilfe-alt\/"},{"@type":"ListItem","position":3,"name":"Feldbett EFB stan-001"}]},{"@type":"WebSite","@id":"https:\/\/aidboards.com\/#website","url":"https:\/\/aidboards.com\/","name":"AidBoards","description":"paper response","potentialAction":[{"@type":"SearchAction","target":{"@type":"EntryPoint","urlTemplate":"https:\/\/aidboards.com\/?s={search_term_string}"},"query-input":{"@type":"PropertyValueSpecification","valueRequired":true,"valueName":"search_term_string"}}],"inLanguage":"en-GB"}]}},"_links":{"self":[{"href":"https:\/\/aidboards.com\/en\/wp-json\/wp\/v2\/pages\/2380","targetHints":{"allow":["GET"]}}],"collection":[{"href":"https:\/\/aidboards.com\/en\/wp-json\/wp\/v2\/pages"}],"about":[{"href":"https:\/\/aidboards.com\/en\/wp-json\/wp\/v2\/types\/page"}],"author":[{"embeddable":true,"href":"https:\/\/aidboards.com\/en\/wp-json\/wp\/v2\/users\/1"}],"replies":[{"embeddable":true,"href":"https:\/\/aidboards.com\/en\/wp-json\/wp\/v2\/comments?post=2380"}],"version-history":[{"count":10,"href":"https:\/\/aidboards.com\/en\/wp-json\/wp\/v2\/pages\/2380\/revisions"}],"predecessor-version":[{"id":3208,"href":"https:\/\/aidboards.com\/en\/wp-json\/wp\/v2\/pages\/2380\/revisions\/3208"}],"up":[{"embeddable":true,"href":"https:\/\/aidboards.com\/en\/wp-json\/wp\/v2\/pages\/2206"}],"wp:attachment":[{"href":"https:\/\/aidboards.com\/en\/wp-json\/wp\/v2\/media?parent=2380"}],"curies":[{"name":"wp","href":"https:\/\/api.w.org\/{rel}","templated":true}]}}