{"id":2060,"date":"2022-03-29T12:12:53","date_gmt":"2022-03-29T10:12:53","guid":{"rendered":"https:\/\/aidboards.com\/?page_id=2060"},"modified":"2023-10-27T12:44:19","modified_gmt":"2023-10-27T10:44:19","slug":"regalsystem","status":"publish","type":"page","link":"https:\/\/aidboards.com\/en\/nothilfe-alt\/regalsystem\/","title":{"rendered":"rack RS-001"},"content":{"rendered":"<div class=\"fusion-fullwidth fullwidth-box fusion-builder-row-1 fusion-flex-container nonhundred-percent-fullwidth non-hundred-percent-height-scrolling\" style=\"--awb-border-radius-top-left:0px;--awb-border-radius-top-right:0px;--awb-border-radius-bottom-right:0px;--awb-border-radius-bottom-left:0px;--awb-flex-wrap:wrap;\" ><div class=\"fusion-builder-row fusion-row fusion-flex-align-items-flex-start fusion-flex-content-wrap\" style=\"max-width:1248px;margin-left: calc(-4% \/ 2 );margin-right: calc(-4% \/ 2 );\"><div class=\"fusion-layout-column fusion_builder_column fusion-builder-column-0 fusion_builder_column_2_3 2_3 fusion-flex-column\" style=\"--awb-bg-size:cover;--awb-width-large:66.6666666667%;--awb-margin-top-large:0px;--awb-spacing-right-large:2.88%;--awb-margin-bottom-large:20px;--awb-spacing-left-large:2.88%;--awb-width-medium:66.6666666667%;--awb-order-medium:0;--awb-spacing-right-medium:2.88%;--awb-spacing-left-medium:2.88%;--awb-width-small:100%;--awb-order-small:0;--awb-spacing-right-small:1.92%;--awb-spacing-left-small:1.92%;\"><div class=\"fusion-column-wrapper fusion-column-has-shadow fusion-flex-justify-content-flex-start fusion-content-layout-column\"><div class=\"fusion-text fusion-text-1\"><h4 class=\"fusion-responsive-typography-calculated\" style=\"--fontsize: 28; line-height: 1.36;\" data-fontsize=\"28\" data-lineheight=\"38.0833px\">Regalsystem RS-001<\/h4>\n<\/div><\/div><\/div><div class=\"fusion-layout-column fusion_builder_column fusion-builder-column-1 fusion_builder_column_1_3 1_3 fusion-flex-column\" style=\"--awb-bg-size:cover;--awb-width-large:33.3333333333%;--awb-margin-top-large:0px;--awb-spacing-right-large:5.76%;--awb-margin-bottom-large:20px;--awb-spacing-left-large:5.76%;--awb-width-medium:33.3333333333%;--awb-order-medium:0;--awb-spacing-right-medium:5.76%;--awb-spacing-left-medium:5.76%;--awb-width-small:100%;--awb-order-small:0;--awb-spacing-right-small:1.92%;--awb-spacing-left-small:1.92%;\"><div class=\"fusion-column-wrapper fusion-column-has-shadow fusion-flex-justify-content-flex-start fusion-content-layout-column\"><div class=\"fusion-text fusion-text-2\"><p><span style=\"color: #ff9900;\"><em>!Advice!<\/em><\/span><\/p>\n<p class=\"translation-block\"><em><span style=\"color: #ff9900\">Actually orders are only possible via  <a href=\"https:\/\/aidboards.com\/en\/kontakt\/\" target=\"_self\">Email<\/a>.\n\n\n\n<span style=\"color: #ff9900\">The start of regular selling by retterstore.de will be announced in the <\/span><em> <a href=\"https:\/\/aidboards.com\/en\/newsletter\/\" target=\"_self\">Newsletter<\/a>.<\/p>\n<\/div><\/div><\/div><div class=\"fusion-layout-column fusion_builder_column fusion-builder-column-2 fusion_builder_column_1_3 1_3 fusion-flex-column\" style=\"--awb-bg-size:cover;--awb-width-large:33.3333333333%;--awb-margin-top-large:0px;--awb-spacing-right-large:5.76%;--awb-margin-bottom-large:20px;--awb-spacing-left-large:5.76%;--awb-width-medium:33.3333333333%;--awb-order-medium:0;--awb-spacing-right-medium:5.76%;--awb-spacing-left-medium:5.76%;--awb-width-small:100%;--awb-order-small:0;--awb-spacing-right-small:1.92%;--awb-spacing-left-small:1.92%;\"><div class=\"fusion-column-wrapper fusion-column-has-shadow fusion-flex-justify-content-flex-start fusion-content-layout-column\"><div class=\"fusion-text fusion-text-3\"><p>weight: 0,5 kg<br \/>\nPackma\u00df: 1100 x 360 x 21 mm<\/p>\n<p>parts: 3<br \/>\nmaterial: heavy corrugated cardboard (<a href=\"https:\/\/aidboards.com\/en\/hinweis-wellpappeprodukte\/\">remark <\/a>recommended)<br \/>\nassembly time: ca. 2 min<\/p>\n<p>dimensions<br \/>\nH\u00f6he: 365 mm<br \/>\nL\u00e4nge: 350 mm<br \/>\nBreite: 355 mm<br \/>\nload: 10-20 kg<\/p>\n<\/div><div class=\"fusion-text fusion-text-4\"><p>Zur flexiblen Schaffung von Stauraum und optimaler Palettennutzung ist dieses Regalsystem aus gleichartigen Modulen aufgebaut. Die Abmessungen gelten daher f\u00fcr ein einzelnes Element. In der H\u00f6he werden die Module aufeinander gesteckt, nebeneinander angeordnete hingegen \u00fcber ein auszul\u00f6sendes Verbindungsteil an allen vier Ecken verbunden. Der oberste und unterste Boden des Modulverbunds weisen jeweils die halbe St\u00e4rke der Zwischenb\u00f6den auf, was bei der Beladung beachtet werden sollte. Die Anzahl der Elemente in der H\u00f6he ist theoretisch unbegrenzt, auch k\u00f6nnen durch die Verbinder Leerstellen freih\u00e4ngend \u00fcberbr\u00fcckt werden. Bei der individuellen Konfiguration sollte das Staugut (Masse) und Nutzungsumfeld (Ebenheit, Zugang durch Kinder) ber\u00fccksichtigt werden, um eine Absch\u00e4tzung der notwendigen Stabilit\u00e4t vorzunehmen. Bei Gefahr von Bodenn\u00e4sse ist ein sch\u00fctzender Unterbau n\u00f6tig (z. B. Holzlatten).<\/p>\n<p>additional features<\/p>\n<ul>\n<li>Innenma\u00dfe (mm) H\u00f6he: 320 Breite: 335 Tiefe: 345 (ausreichend z. B. f\u00fcr B\u00fcro-Ordner)<\/li>\n<li>durchgehende R\u00fcckwand<\/li>\n<li>kompatibel zu g\u00e4ngigen Staukastensystemen<\/li>\n<li>reparability through interchangeability of parts\/modules<\/li>\n<\/ul>\n<p>fielding:<\/p>\n<ul>\n<li>Feldapotheken<\/li>\n<li>Feldwerkst\u00e4tten<\/li>\n<li>Feldlabore<\/li>\n<li>Stauraum in Notunterk\u00fcnften (B\u00fcros, Gemeinschaftsr\u00e4ume, etc.)<\/li>\n<li>...<\/li>\n<\/ul>\n<\/div><\/div><\/div><div class=\"fusion-layout-column fusion_builder_column fusion-builder-column-3 fusion_builder_column_2_3 2_3 fusion-flex-column\" style=\"--awb-bg-size:cover;--awb-width-large:66.6666666667%;--awb-margin-top-large:0px;--awb-spacing-right-large:2.88%;--awb-margin-bottom-large:20px;--awb-spacing-left-large:2.88%;--awb-width-medium:66.6666666667%;--awb-order-medium:0;--awb-spacing-right-medium:2.88%;--awb-spacing-left-medium:2.88%;--awb-width-small:100%;--awb-order-small:0;--awb-spacing-right-small:1.92%;--awb-spacing-left-small:1.92%;\"><div class=\"fusion-column-wrapper fusion-column-has-shadow fusion-flex-justify-content-flex-start fusion-content-layout-column\"><div class=\"fusion-image-carousel fusion-image-carousel-auto fusion-image-carousel-1 fusion-carousel-border\"><div class=\"awb-carousel awb-swiper awb-swiper-carousel awb-carousel--carousel awb-swiper-dots-position-bottom\" data-layout=\"carousel\" data-autoplay=\"yes\" data-autoplayspeed=\"2500\" data-autoplaypause=\"no\" data-loop=\"yes\" data-columns=\"1\" data-columnsmedium=\"1\" data-columnssmall=\"1\" data-itemmargin=\"13\" data-itemwidth=\"180\" data-touchscroll=\"no\" data-freemode=\"no\" data-imagesize=\"auto\" data-scrollitems=\"0\" data-centeredslides=\"no\" data-rotationangle=\"50\" data-depth=\"100\" data-speed=\"500\" data-shadow=\"no\" data-pagination=\"bullets\" style=\"--awb-columns:1;--awb-border-width:1px;--awb-border-color:#e9eaee;\"><div class=\"swiper-wrapper awb-image-carousel-wrapper fusion-flex-align-items-center\"><div class=\"swiper-slide\"><div class=\"fusion-carousel-item-wrapper\"><div class=\"fusion-image-wrapper hover-type-zoomin\"><img decoding=\"async\" width=\"1459\" height=\"1094\" src=\"https:\/\/aidboards.com\/wp-content\/uploads\/2022\/03\/Platzhalter-in-Entwicklung-website.jpg\" class=\"attachment-full size-full\" alt=\"Platzhalter laufende Entwicklung\" srcset=\"https:\/\/aidboards.com\/wp-content\/uploads\/2022\/03\/Platzhalter-in-Entwicklung-website-200x150.jpg 200w, https:\/\/aidboards.com\/wp-content\/uploads\/2022\/03\/Platzhalter-in-Entwicklung-website-300x225.jpg 300w, https:\/\/aidboards.com\/wp-content\/uploads\/2022\/03\/Platzhalter-in-Entwicklung-website-400x300.jpg 400w, https:\/\/aidboards.com\/wp-content\/uploads\/2022\/03\/Platzhalter-in-Entwicklung-website-600x450.jpg 600w, https:\/\/aidboards.com\/wp-content\/uploads\/2022\/03\/Platzhalter-in-Entwicklung-website-768x576.jpg 768w, https:\/\/aidboards.com\/wp-content\/uploads\/2022\/03\/Platzhalter-in-Entwicklung-website-800x600.jpg 800w, https:\/\/aidboards.com\/wp-content\/uploads\/2022\/03\/Platzhalter-in-Entwicklung-website-1024x768.jpg 1024w, https:\/\/aidboards.com\/wp-content\/uploads\/2022\/03\/Platzhalter-in-Entwicklung-website-1200x900.jpg 1200w, https:\/\/aidboards.com\/wp-content\/uploads\/2022\/03\/Platzhalter-in-Entwicklung-website.jpg 1459w\" sizes=\"(max-width: 1459px) 100vw, 1459px\" \/><\/div><\/div><\/div><\/div><div class=\"awb-swiper-button awb-swiper-button-prev\"><i class=\"awb-icon-angle-left\" aria-hidden=\"true\"><\/i><\/div><div class=\"awb-swiper-button awb-swiper-button-next\"><i class=\"awb-icon-angle-right\" aria-hidden=\"true\"><\/i><\/div><\/div><\/div><div class=\"fusion-video fusion-selfhosted-video\" style=\"max-width:100%;\"><div class=\"video-wrapper\"><video playsinline=\"true\" width=\"100%\" style=\"object-fit: cover;\" autoplay=\"true\" muted=\"true\" loop=\"true\" preload=\"auto\" controls=\"1\">Sorry, your browser doesn&#039;t support embedded videos.<\/video><\/div><\/div><\/div><\/div><div class=\"fusion-layout-column fusion_builder_column fusion-builder-column-4 fusion_builder_column_1_1 1_1 fusion-flex-column\" style=\"--awb-bg-size:cover;--awb-width-large:100%;--awb-margin-top-large:0px;--awb-spacing-right-large:1.92%;--awb-margin-bottom-large:20px;--awb-spacing-left-large:1.92%;--awb-width-medium:100%;--awb-order-medium:0;--awb-spacing-right-medium:1.92%;--awb-spacing-left-medium:1.92%;--awb-width-small:100%;--awb-order-small:0;--awb-spacing-right-small:1.92%;--awb-spacing-left-small:1.92%;\"><div class=\"fusion-column-wrapper fusion-column-has-shadow fusion-flex-justify-content-flex-start fusion-content-layout-column\"><div class=\"fusion-text fusion-text-5\"><p>Further questions? Please visit the <a href=\"https:\/\/aidboards.com\/en\/faq\/\" target=\"_self\"><strong>FAQs<\/strong><\/a> or get in <strong><a href=\"https:\/\/aidboards.com\/en\/kontakt\/\" target=\"_self\">contact<\/a><\/strong>. <a href=\"https:\/\/aidboards.com\/en\/faq\/\"><strong>in die FAQs<\/strong><\/a> or <strong><a href=\"https:\/\/aidboards.com\/en\/kontakt\/\">schreiben Sie uns an.<\/a><\/strong><\/p>\n<\/div><div class=\"fusion-separator fusion-full-width-sep\" style=\"align-self: center;margin-left: auto;margin-right: auto;margin-top:30px;margin-bottom:20px;width:100%;\"><\/div><\/div><\/div><\/div><\/div>","protected":false},"excerpt":{"rendered":"","protected":false},"author":1,"featured_media":0,"parent":2206,"menu_order":0,"comment_status":"closed","ping_status":"closed","template":"","meta":{"footnotes":""},"class_list":["post-2060","page","type-page","status-publish","hentry"],"yoast_head":"<!-- This site is optimized with the Yoast SEO plugin v27.4 - https:\/\/yoast.com\/product\/yoast-seo-wordpress\/ -->\n<title>Regal RS-001 - AidBoards<\/title>\n<meta name=\"robots\" content=\"index, follow, max-snippet:-1, max-image-preview:large, max-video-preview:-1\" \/>\n<link rel=\"canonical\" href=\"https:\/\/aidboards.com\/en\/nothilfe-alt\/regalsystem\/\" \/>\n<meta property=\"og:locale\" content=\"en_GB\" \/>\n<meta property=\"og:type\" content=\"article\" \/>\n<meta property=\"og:title\" content=\"Regal RS-001 - AidBoards\" \/>\n<meta property=\"og:url\" content=\"https:\/\/aidboards.com\/en\/nothilfe-alt\/regalsystem\/\" \/>\n<meta property=\"og:site_name\" content=\"AidBoards\" \/>\n<meta property=\"article:modified_time\" content=\"2023-10-27T10:44:19+00:00\" \/>\n<meta name=\"twitter:card\" content=\"summary_large_image\" \/>\n<meta name=\"twitter:label1\" content=\"Estimated reading time\" \/>\n\t<meta name=\"twitter:data1\" content=\"4 minutes\" \/>\n<script type=\"application\/ld+json\" class=\"yoast-schema-graph\">{\"@context\":\"https:\\\/\\\/schema.org\",\"@graph\":[{\"@type\":\"WebPage\",\"@id\":\"https:\\\/\\\/aidboards.com\\\/nothilfe-alt\\\/regalsystem\\\/\",\"url\":\"https:\\\/\\\/aidboards.com\\\/nothilfe-alt\\\/regalsystem\\\/\",\"name\":\"Regal RS-001 - AidBoards\",\"isPartOf\":{\"@id\":\"https:\\\/\\\/aidboards.com\\\/#website\"},\"datePublished\":\"2022-03-29T10:12:53+00:00\",\"dateModified\":\"2023-10-27T10:44:19+00:00\",\"breadcrumb\":{\"@id\":\"https:\\\/\\\/aidboards.com\\\/nothilfe-alt\\\/regalsystem\\\/#breadcrumb\"},\"inLanguage\":\"en-GB\",\"potentialAction\":[{\"@type\":\"ReadAction\",\"target\":[\"https:\\\/\\\/aidboards.com\\\/nothilfe-alt\\\/regalsystem\\\/\"]}]},{\"@type\":\"BreadcrumbList\",\"@id\":\"https:\\\/\\\/aidboards.com\\\/nothilfe-alt\\\/regalsystem\\\/#breadcrumb\",\"itemListElement\":[{\"@type\":\"ListItem\",\"position\":1,\"name\":\"Startseite\",\"item\":\"https:\\\/\\\/aidboards.com\\\/\"},{\"@type\":\"ListItem\",\"position\":2,\"name\":\"Nothilfe +alt+\",\"item\":\"https:\\\/\\\/aidboards.com\\\/nothilfe-alt\\\/\"},{\"@type\":\"ListItem\",\"position\":3,\"name\":\"Regal RS-001\"}]},{\"@type\":\"WebSite\",\"@id\":\"https:\\\/\\\/aidboards.com\\\/#website\",\"url\":\"https:\\\/\\\/aidboards.com\\\/\",\"name\":\"AidBoards\",\"description\":\"paper response\",\"potentialAction\":[{\"@type\":\"SearchAction\",\"target\":{\"@type\":\"EntryPoint\",\"urlTemplate\":\"https:\\\/\\\/aidboards.com\\\/?s={search_term_string}\"},\"query-input\":{\"@type\":\"PropertyValueSpecification\",\"valueRequired\":true,\"valueName\":\"search_term_string\"}}],\"inLanguage\":\"en-GB\"}]}<\/script>\n<!-- \/ Yoast SEO plugin. -->","yoast_head_json":{"title":"Regal RS-001 - AidBoards","robots":{"index":"index","follow":"follow","max-snippet":"max-snippet:-1","max-image-preview":"max-image-preview:large","max-video-preview":"max-video-preview:-1"},"canonical":"https:\/\/aidboards.com\/en\/nothilfe-alt\/regalsystem\/","og_locale":"en_GB","og_type":"article","og_title":"Regal RS-001 - AidBoards","og_url":"https:\/\/aidboards.com\/en\/nothilfe-alt\/regalsystem\/","og_site_name":"AidBoards","article_modified_time":"2023-10-27T10:44:19+00:00","twitter_card":"summary_large_image","twitter_misc":{"Estimated reading time":"4 minutes"},"schema":{"@context":"https:\/\/schema.org","@graph":[{"@type":"WebPage","@id":"https:\/\/aidboards.com\/nothilfe-alt\/regalsystem\/","url":"https:\/\/aidboards.com\/nothilfe-alt\/regalsystem\/","name":"Regal RS-001 - AidBoards","isPartOf":{"@id":"https:\/\/aidboards.com\/#website"},"datePublished":"2022-03-29T10:12:53+00:00","dateModified":"2023-10-27T10:44:19+00:00","breadcrumb":{"@id":"https:\/\/aidboards.com\/nothilfe-alt\/regalsystem\/#breadcrumb"},"inLanguage":"en-GB","potentialAction":[{"@type":"ReadAction","target":["https:\/\/aidboards.com\/nothilfe-alt\/regalsystem\/"]}]},{"@type":"BreadcrumbList","@id":"https:\/\/aidboards.com\/nothilfe-alt\/regalsystem\/#breadcrumb","itemListElement":[{"@type":"ListItem","position":1,"name":"Startseite","item":"https:\/\/aidboards.com\/"},{"@type":"ListItem","position":2,"name":"Nothilfe +alt+","item":"https:\/\/aidboards.com\/nothilfe-alt\/"},{"@type":"ListItem","position":3,"name":"Regal RS-001"}]},{"@type":"WebSite","@id":"https:\/\/aidboards.com\/#website","url":"https:\/\/aidboards.com\/","name":"AidBoards","description":"paper response","potentialAction":[{"@type":"SearchAction","target":{"@type":"EntryPoint","urlTemplate":"https:\/\/aidboards.com\/?s={search_term_string}"},"query-input":{"@type":"PropertyValueSpecification","valueRequired":true,"valueName":"search_term_string"}}],"inLanguage":"en-GB"}]}},"_links":{"self":[{"href":"https:\/\/aidboards.com\/en\/wp-json\/wp\/v2\/pages\/2060","targetHints":{"allow":["GET"]}}],"collection":[{"href":"https:\/\/aidboards.com\/en\/wp-json\/wp\/v2\/pages"}],"about":[{"href":"https:\/\/aidboards.com\/en\/wp-json\/wp\/v2\/types\/page"}],"author":[{"embeddable":true,"href":"https:\/\/aidboards.com\/en\/wp-json\/wp\/v2\/users\/1"}],"replies":[{"embeddable":true,"href":"https:\/\/aidboards.com\/en\/wp-json\/wp\/v2\/comments?post=2060"}],"version-history":[{"count":11,"href":"https:\/\/aidboards.com\/en\/wp-json\/wp\/v2\/pages\/2060\/revisions"}],"predecessor-version":[{"id":3287,"href":"https:\/\/aidboards.com\/en\/wp-json\/wp\/v2\/pages\/2060\/revisions\/3287"}],"up":[{"embeddable":true,"href":"https:\/\/aidboards.com\/en\/wp-json\/wp\/v2\/pages\/2206"}],"wp:attachment":[{"href":"https:\/\/aidboards.com\/en\/wp-json\/wp\/v2\/media?parent=2060"}],"curies":[{"name":"wp","href":"https:\/\/api.w.org\/{rel}","templated":true}]}}