{"id":1825,"date":"2021-11-22T11:06:13","date_gmt":"2021-11-22T10:06:13","guid":{"rendered":"https:\/\/aidboards.com\/?page_id=1825"},"modified":"2023-04-12T10:57:29","modified_gmt":"2023-04-12T08:57:29","slug":"testpaket","status":"publish","type":"page","link":"https:\/\/aidboards.com\/en\/nothilfe-alt\/testpaket\/","title":{"rendered":"test package"},"content":{"rendered":"<div class=\"fusion-fullwidth fullwidth-box fusion-builder-row-1 fusion-flex-container nonhundred-percent-fullwidth non-hundred-percent-height-scrolling\" style=\"--awb-border-radius-top-left:0px;--awb-border-radius-top-right:0px;--awb-border-radius-bottom-right:0px;--awb-border-radius-bottom-left:0px;--awb-flex-wrap:wrap;\" ><div class=\"fusion-builder-row fusion-row fusion-flex-align-items-flex-start fusion-flex-content-wrap\" style=\"max-width:1248px;margin-left: calc(-4% \/ 2 );margin-right: calc(-4% \/ 2 );\"><div class=\"fusion-layout-column fusion_builder_column fusion-builder-column-0 fusion_builder_column_2_3 2_3 fusion-flex-column\" style=\"--awb-bg-size:cover;--awb-width-large:66.6666666667%;--awb-margin-top-large:0px;--awb-spacing-right-large:2.88%;--awb-margin-bottom-large:20px;--awb-spacing-left-large:2.88%;--awb-width-medium:66.6666666667%;--awb-order-medium:0;--awb-spacing-right-medium:2.88%;--awb-spacing-left-medium:2.88%;--awb-width-small:100%;--awb-order-small:0;--awb-spacing-right-small:1.92%;--awb-spacing-left-small:1.92%;\"><div class=\"fusion-column-wrapper fusion-column-has-shadow fusion-flex-justify-content-flex-start fusion-content-layout-column\"><div class=\"fusion-text fusion-text-1\"><h4>Testpaket stan-001<\/h4>\n<\/div><div class=\"fusion-separator fusion-full-width-sep\" style=\"align-self: center;margin-left: auto;margin-right: auto;margin-top:30px;margin-bottom:20px;width:100%;\"><\/div><\/div><\/div><div class=\"fusion-layout-column fusion_builder_column fusion-builder-column-1 fusion_builder_column_1_3 1_3 fusion-flex-column\" style=\"--awb-bg-size:cover;--awb-width-large:33.3333333333%;--awb-margin-top-large:0px;--awb-spacing-right-large:5.76%;--awb-margin-bottom-large:20px;--awb-spacing-left-large:5.76%;--awb-width-medium:33.3333333333%;--awb-order-medium:0;--awb-spacing-right-medium:5.76%;--awb-spacing-left-medium:5.76%;--awb-width-small:100%;--awb-order-small:0;--awb-spacing-right-small:1.92%;--awb-spacing-left-small:1.92%;\"><div class=\"fusion-column-wrapper fusion-column-has-shadow fusion-flex-justify-content-flex-start fusion-content-layout-column\"><div class=\"fusion-text fusion-text-2\" style=\"--awb-text-transform:none;\"><div class=\"fusion-layout-column fusion_builder_column fusion-builder-column-1 fusion_builder_column_1_3 1_3 fusion-flex-column\">\n<div class=\"fusion-column-wrapper fusion-column-has-shadow fusion-flex-justify-content-flex-start fusion-content-layout-column\">\n<div class=\"fusion-text fusion-text-2\">\n<p><span style=\"color: #ff9900;\"><em>!Advice!<\/em><\/span><\/p>\n<p><span style=\"color: #ff9900;\"><em>Die Produktion des Modells wurde eingestellt.<\/em><\/span><\/p>\n<\/div>\n<\/div>\n<\/div>\n<\/div><div class=\"fusion-separator fusion-full-width-sep\" style=\"align-self: center;margin-left: auto;margin-right: auto;margin-top:30px;margin-bottom:20px;width:100%;\"><\/div><\/div><\/div><div class=\"fusion-layout-column fusion_builder_column fusion-builder-column-2 fusion_builder_column_1_3 1_3 fusion-flex-column\" style=\"--awb-bg-size:cover;--awb-width-large:33.3333333333%;--awb-margin-top-large:0px;--awb-spacing-right-large:5.76%;--awb-margin-bottom-large:20px;--awb-spacing-left-large:5.76%;--awb-width-medium:33.3333333333%;--awb-order-medium:0;--awb-spacing-right-medium:5.76%;--awb-spacing-left-medium:5.76%;--awb-width-small:100%;--awb-order-small:0;--awb-spacing-right-small:1.92%;--awb-spacing-left-small:1.92%;\"><div class=\"fusion-column-wrapper fusion-column-has-shadow fusion-flex-justify-content-flex-start fusion-content-layout-column\"><div class=\"fusion-text fusion-text-3\" style=\"--awb-text-transform:none;\"><p><strong>25,- (zzgl. MwSt. und\u00a0 ca. 16,- Versand)<\/strong><\/p>\n<p>Im Rahmen der Pilotserie ist ab dem 13.06.22 ein Testpaket verf\u00fcgbar, bestehend aus einem Feldbett-Set (vier Einzel-Module), einem Feldtisch, zwei Feldhockern sowie einem Fragebogen. Die Abgabe erfolgt zu Testzwecken gegen einen Unkostenbeitrag (25,- + Versand\/MwSt.) und mit Bitte um \u00dcbersendung des ausgef\u00fcllten <a href=\"https:\/\/aidboards.com\/wp-content\/uploads\/2022\/06\/Entwurf_Fragebogen_rev3.pdf\" target=\"_blank\" rel=\"noopener\"><strong>Feedbackbogens<\/strong><\/a>.<\/p>\n<p>Das Testpaket bietet Organisationen die Gelegenheit, an der Entwicklung von nachhaltiger Ausr\u00fcstung mitzuwirken: Das Feedback flie\u00dft in die weitere Entwicklung ein und gibt den Ansto\u00df f\u00fcr die Serienfertigung. Hinweise zu den einzelnen Produkten des Testpakets k\u00f6nnen Sie den jeweiligen Produktseiten entnehmen. Wir bitten um Verst\u00e4ndnis, dass keine Abgabe an Privatpersonen erfolgt.<\/p>\n<p class=\"moz-quote-pre\">Sie k\u00f6nnen den <a href=\"https:\/\/retterstore.de\/epages\/52c02299-6d10-4e3e-9d9f-59595a7474b8.sf\/de_DE\/?ObjectPath=\/Shops\/52c02299-6d10-4e3e-9d9f-59595a7474b8\/Products\/403164-LOG\">DRK-retterstore<\/a> nutzen oder sich direkt <a href=\"https:\/\/aidboards.com\/en\/kontakt\/\">per Mai<\/a>l an uns wenden (Rechnungslegung und Versand durch <a href=\"https:\/\/stoelzer-verpackungen.de\/\">St\u00f6lzer Verpackung<\/a>).<\/p>\n<p>Wir bitten um sachliches Feedback f\u00fcr die weitere Entwicklung. Den Fragebogen finden Sie hier:<\/p>\n<\/div><div style=\"text-align:center;\"><a class=\"fusion-button button-flat fusion-button-default-size button-default fusion-button-default button-1 fusion-button-default-span fusion-button-default-type\" target=\"_blank\" rel=\"noopener noreferrer\" href=\"https:\/\/aidboards.com\/wp-content\/uploads\/2022\/06\/Entwurf_Fragebogen_rev3.pdf\"><span class=\"fusion-button-text awb-button__text awb-button__text--default\">Fragebogen<\/span><\/a><\/div><\/div><\/div><div class=\"fusion-layout-column fusion_builder_column fusion-builder-column-3 fusion_builder_column_2_3 2_3 fusion-flex-column\" style=\"--awb-bg-size:cover;--awb-width-large:66.6666666667%;--awb-margin-top-large:0px;--awb-spacing-right-large:2.88%;--awb-margin-bottom-large:20px;--awb-spacing-left-large:2.88%;--awb-width-medium:66.6666666667%;--awb-order-medium:0;--awb-spacing-right-medium:2.88%;--awb-spacing-left-medium:2.88%;--awb-width-small:100%;--awb-order-small:0;--awb-spacing-right-small:1.92%;--awb-spacing-left-small:1.92%;\"><div class=\"fusion-column-wrapper fusion-column-has-shadow fusion-flex-justify-content-flex-start fusion-content-layout-column\"><div class=\"fusion-image-carousel fusion-image-carousel-auto fusion-image-carousel-1 fusion-carousel-border\"><div class=\"awb-carousel awb-swiper awb-swiper-carousel awb-carousel--carousel awb-swiper-dots-position-bottom\" data-layout=\"carousel\" data-autoplay=\"yes\" data-autoplayspeed=\"2500\" data-autoplaypause=\"no\" data-columns=\"1\" data-columnsmedium=\"1\" data-columnssmall=\"1\" data-itemmargin=\"13\" data-itemwidth=\"180\" data-touchscroll=\"no\" data-freemode=\"no\" data-imagesize=\"auto\" data-scrollitems=\"0\" data-centeredslides=\"no\" data-rotationangle=\"50\" data-depth=\"100\" data-speed=\"500\" data-shadow=\"no\" data-pagination=\"bullets\" style=\"--awb-columns:1;--awb-border-width:1px;--awb-border-color:#e9eaee;\"><div class=\"swiper-wrapper awb-image-carousel-wrapper fusion-flex-align-items-center\"><div class=\"swiper-slide\"><div class=\"fusion-carousel-item-wrapper\"><div class=\"fusion-image-wrapper hover-type-zoomin\"><img decoding=\"async\" width=\"900\" height=\"600\" src=\"https:\/\/aidboards.com\/wp-content\/uploads\/2021\/12\/1-palettenpaket-testbundle_rev1.jpg\" class=\"attachment-full size-full\" alt=\"Testbundle - Palettenpaket\" srcset=\"https:\/\/aidboards.com\/wp-content\/uploads\/2021\/12\/1-palettenpaket-testbundle_rev1-200x133.jpg 200w, https:\/\/aidboards.com\/wp-content\/uploads\/2021\/12\/1-palettenpaket-testbundle_rev1-300x200.jpg 300w, https:\/\/aidboards.com\/wp-content\/uploads\/2021\/12\/1-palettenpaket-testbundle_rev1-400x267.jpg 400w, https:\/\/aidboards.com\/wp-content\/uploads\/2021\/12\/1-palettenpaket-testbundle_rev1-600x400.jpg 600w, https:\/\/aidboards.com\/wp-content\/uploads\/2021\/12\/1-palettenpaket-testbundle_rev1-768x512.jpg 768w, https:\/\/aidboards.com\/wp-content\/uploads\/2021\/12\/1-palettenpaket-testbundle_rev1-800x533.jpg 800w, https:\/\/aidboards.com\/wp-content\/uploads\/2021\/12\/1-palettenpaket-testbundle_rev1.jpg 900w\" sizes=\"(max-width: 900px) 100vw, 900px\" \/><\/div><\/div><\/div><div class=\"swiper-slide\"><div class=\"fusion-carousel-item-wrapper\"><div class=\"fusion-image-wrapper hover-type-zoomin\"><img decoding=\"async\" width=\"900\" height=\"600\" src=\"https:\/\/aidboards.com\/wp-content\/uploads\/2021\/12\/2-pakete-testbundle_rev1.jpg\" class=\"attachment-full size-full\" alt=\"Testbundle - Pakete\" srcset=\"https:\/\/aidboards.com\/wp-content\/uploads\/2021\/12\/2-pakete-testbundle_rev1-200x133.jpg 200w, https:\/\/aidboards.com\/wp-content\/uploads\/2021\/12\/2-pakete-testbundle_rev1-300x200.jpg 300w, https:\/\/aidboards.com\/wp-content\/uploads\/2021\/12\/2-pakete-testbundle_rev1-400x267.jpg 400w, https:\/\/aidboards.com\/wp-content\/uploads\/2021\/12\/2-pakete-testbundle_rev1-600x400.jpg 600w, https:\/\/aidboards.com\/wp-content\/uploads\/2021\/12\/2-pakete-testbundle_rev1-768x512.jpg 768w, https:\/\/aidboards.com\/wp-content\/uploads\/2021\/12\/2-pakete-testbundle_rev1-800x533.jpg 800w, https:\/\/aidboards.com\/wp-content\/uploads\/2021\/12\/2-pakete-testbundle_rev1.jpg 900w\" sizes=\"(max-width: 900px) 100vw, 900px\" \/><\/div><\/div><\/div><div class=\"swiper-slide\"><div class=\"fusion-carousel-item-wrapper\"><div class=\"fusion-image-wrapper hover-type-zoomin\"><img decoding=\"async\" width=\"900\" height=\"600\" src=\"https:\/\/aidboards.com\/wp-content\/uploads\/2021\/12\/3-aufgebaut_testbundle_rev1.jpg\" class=\"attachment-full size-full\" alt=\"Testbundle aufgebaut\" srcset=\"https:\/\/aidboards.com\/wp-content\/uploads\/2021\/12\/3-aufgebaut_testbundle_rev1-200x133.jpg 200w, https:\/\/aidboards.com\/wp-content\/uploads\/2021\/12\/3-aufgebaut_testbundle_rev1-300x200.jpg 300w, https:\/\/aidboards.com\/wp-content\/uploads\/2021\/12\/3-aufgebaut_testbundle_rev1-400x267.jpg 400w, https:\/\/aidboards.com\/wp-content\/uploads\/2021\/12\/3-aufgebaut_testbundle_rev1-600x400.jpg 600w, https:\/\/aidboards.com\/wp-content\/uploads\/2021\/12\/3-aufgebaut_testbundle_rev1-768x512.jpg 768w, https:\/\/aidboards.com\/wp-content\/uploads\/2021\/12\/3-aufgebaut_testbundle_rev1-800x533.jpg 800w, https:\/\/aidboards.com\/wp-content\/uploads\/2021\/12\/3-aufgebaut_testbundle_rev1.jpg 900w\" sizes=\"(max-width: 900px) 100vw, 900px\" \/><\/div><\/div><\/div><div class=\"swiper-slide\"><div class=\"fusion-carousel-item-wrapper\"><div class=\"fusion-image-wrapper hover-type-zoomin\"><img decoding=\"async\" width=\"900\" height=\"600\" src=\"https:\/\/aidboards.com\/wp-content\/uploads\/2021\/12\/4-aufgebaut2_testbundle_rev1.jpg\" class=\"attachment-full size-full\" alt=\"Testbundle - aufgebaut 2\" srcset=\"https:\/\/aidboards.com\/wp-content\/uploads\/2021\/12\/4-aufgebaut2_testbundle_rev1-200x133.jpg 200w, https:\/\/aidboards.com\/wp-content\/uploads\/2021\/12\/4-aufgebaut2_testbundle_rev1-300x200.jpg 300w, https:\/\/aidboards.com\/wp-content\/uploads\/2021\/12\/4-aufgebaut2_testbundle_rev1-400x267.jpg 400w, https:\/\/aidboards.com\/wp-content\/uploads\/2021\/12\/4-aufgebaut2_testbundle_rev1-600x400.jpg 600w, https:\/\/aidboards.com\/wp-content\/uploads\/2021\/12\/4-aufgebaut2_testbundle_rev1-768x512.jpg 768w, https:\/\/aidboards.com\/wp-content\/uploads\/2021\/12\/4-aufgebaut2_testbundle_rev1-800x533.jpg 800w, https:\/\/aidboards.com\/wp-content\/uploads\/2021\/12\/4-aufgebaut2_testbundle_rev1.jpg 900w\" sizes=\"(max-width: 900px) 100vw, 900px\" \/><\/div><\/div><\/div><div class=\"swiper-slide\"><div class=\"fusion-carousel-item-wrapper\"><div class=\"fusion-image-wrapper hover-type-zoomin\"><img decoding=\"async\" width=\"900\" height=\"600\" src=\"https:\/\/aidboards.com\/wp-content\/uploads\/2021\/12\/Logos-fuer-Testserie.jpg\" class=\"attachment-full size-full\" alt=\"Unterst\u00fcterlogos\" srcset=\"https:\/\/aidboards.com\/wp-content\/uploads\/2021\/12\/Logos-fuer-Testserie-200x133.jpg 200w, https:\/\/aidboards.com\/wp-content\/uploads\/2021\/12\/Logos-fuer-Testserie-300x200.jpg 300w, https:\/\/aidboards.com\/wp-content\/uploads\/2021\/12\/Logos-fuer-Testserie-400x267.jpg 400w, https:\/\/aidboards.com\/wp-content\/uploads\/2021\/12\/Logos-fuer-Testserie-600x400.jpg 600w, https:\/\/aidboards.com\/wp-content\/uploads\/2021\/12\/Logos-fuer-Testserie-768x512.jpg 768w, https:\/\/aidboards.com\/wp-content\/uploads\/2021\/12\/Logos-fuer-Testserie-800x533.jpg 800w, https:\/\/aidboards.com\/wp-content\/uploads\/2021\/12\/Logos-fuer-Testserie.jpg 900w\" sizes=\"(max-width: 900px) 100vw, 900px\" \/><\/div><\/div><\/div><\/div><div class=\"awb-swiper-button awb-swiper-button-prev\"><i class=\"awb-icon-angle-left\" aria-hidden=\"true\"><\/i><\/div><div class=\"awb-swiper-button awb-swiper-button-next\"><i class=\"awb-icon-angle-right\" aria-hidden=\"true\"><\/i><\/div><\/div><\/div><div class=\"fusion-separator fusion-full-width-sep\" style=\"align-self: center;margin-left: auto;margin-right: auto;margin-top:10px;margin-bottom:10px;width:100%;\"><\/div><div style=\"text-align:center;\"><a class=\"fusion-button button-flat fusion-button-default-size button-default fusion-button-default button-2 fusion-button-default-span fusion-button-default-type\" target=\"_self\" href=\"https:\/\/aidboards.com\/en\/kontakt\/\"><span class=\"fusion-button-text awb-button__text awb-button__text--default\">Direktbestellung<\/span><\/a><\/div>\n<div class=\"fusion-separator fusion-full-width-sep\" style=\"align-self: center;margin-left: auto;margin-right: auto;margin-top:10px;margin-bottom:10px;width:100%;\"><\/div><div style=\"text-align:right;\"><a class=\"fusion-button button-flat fusion-button-default-size button-default fusion-button-default button-3 fusion-button-default-span fusion-button-default-type\" target=\"_self\" href=\"https:\/\/retterstore.de\/p\/einweg-feldmobiliar-testpaket\"><span class=\"fusion-button-text awb-button__text awb-button__text--default\">Bestellung bei retterstore.de<\/span><\/a><\/div>\n<\/div><\/div><div class=\"fusion-layout-column fusion_builder_column fusion-builder-column-4 fusion_builder_column_1_1 1_1 fusion-flex-column\" style=\"--awb-bg-size:cover;--awb-width-large:100%;--awb-margin-top-large:0px;--awb-spacing-right-large:1.92%;--awb-margin-bottom-large:20px;--awb-spacing-left-large:1.92%;--awb-width-medium:100%;--awb-order-medium:0;--awb-spacing-right-medium:1.92%;--awb-spacing-left-medium:1.92%;--awb-width-small:100%;--awb-order-small:0;--awb-spacing-right-small:1.92%;--awb-spacing-left-small:1.92%;\"><div class=\"fusion-column-wrapper fusion-column-has-shadow fusion-flex-justify-content-flex-start fusion-content-layout-column\"><div class=\"fusion-separator fusion-full-width-sep\" style=\"align-self: center;margin-left: auto;margin-right: auto;margin-top:30px;margin-bottom:20px;width:100%;\"><\/div><div class=\"fusion-text fusion-text-4\"><p>Sie haben weitere Fragen? <a href=\"https:\/\/aidboards.com\/en\/faq\/\"><strong>Schauen Sie bei unseren FAQs vorbei<\/strong><\/a> or <strong><a href=\"https:\/\/aidboards.com\/en\/kontakt\/\">schreiben Sie uns<\/a>.<br \/>\n<\/strong><\/p>\n<\/div><div class=\"fusion-separator fusion-full-width-sep\" style=\"align-self: center;margin-left: auto;margin-right: auto;margin-top:30px;margin-bottom:20px;width:100%;\"><\/div><\/div><\/div><\/div><\/div>","protected":false},"excerpt":{"rendered":"","protected":false},"author":1,"featured_media":0,"parent":2206,"menu_order":0,"comment_status":"closed","ping_status":"closed","template":"","meta":{"footnotes":""},"class_list":["post-1825","page","type-page","status-publish","hentry"],"yoast_head":"<!-- This site is optimized with the Yoast SEO plugin v27.3 - https:\/\/yoast.com\/product\/yoast-seo-wordpress\/ -->\n<title>Testpaket - AidBoards<\/title>\n<meta name=\"robots\" content=\"index, follow, max-snippet:-1, max-image-preview:large, max-video-preview:-1\" \/>\n<link rel=\"canonical\" href=\"https:\/\/aidboards.com\/en\/nothilfe-alt\/testpaket\/\" \/>\n<meta property=\"og:locale\" content=\"en_GB\" \/>\n<meta property=\"og:type\" content=\"article\" \/>\n<meta property=\"og:title\" content=\"Testpaket - AidBoards\" \/>\n<meta property=\"og:url\" content=\"https:\/\/aidboards.com\/en\/nothilfe-alt\/testpaket\/\" \/>\n<meta property=\"og:site_name\" content=\"AidBoards\" \/>\n<meta property=\"article:modified_time\" content=\"2023-04-12T08:57:29+00:00\" \/>\n<meta name=\"twitter:card\" content=\"summary_large_image\" \/>\n<meta name=\"twitter:label1\" content=\"Estimated reading time\" \/>\n\t<meta name=\"twitter:data1\" content=\"4 minutes\" \/>\n<script type=\"application\/ld+json\" class=\"yoast-schema-graph\">{\"@context\":\"https:\\\/\\\/schema.org\",\"@graph\":[{\"@type\":\"WebPage\",\"@id\":\"https:\\\/\\\/aidboards.com\\\/nothilfe-alt\\\/testpaket\\\/\",\"url\":\"https:\\\/\\\/aidboards.com\\\/nothilfe-alt\\\/testpaket\\\/\",\"name\":\"Testpaket - AidBoards\",\"isPartOf\":{\"@id\":\"https:\\\/\\\/aidboards.com\\\/#website\"},\"datePublished\":\"2021-11-22T10:06:13+00:00\",\"dateModified\":\"2023-04-12T08:57:29+00:00\",\"breadcrumb\":{\"@id\":\"https:\\\/\\\/aidboards.com\\\/nothilfe-alt\\\/testpaket\\\/#breadcrumb\"},\"inLanguage\":\"en-GB\",\"potentialAction\":[{\"@type\":\"ReadAction\",\"target\":[\"https:\\\/\\\/aidboards.com\\\/nothilfe-alt\\\/testpaket\\\/\"]}]},{\"@type\":\"BreadcrumbList\",\"@id\":\"https:\\\/\\\/aidboards.com\\\/nothilfe-alt\\\/testpaket\\\/#breadcrumb\",\"itemListElement\":[{\"@type\":\"ListItem\",\"position\":1,\"name\":\"Startseite\",\"item\":\"https:\\\/\\\/aidboards.com\\\/\"},{\"@type\":\"ListItem\",\"position\":2,\"name\":\"Nothilfe +alt+\",\"item\":\"https:\\\/\\\/aidboards.com\\\/nothilfe-alt\\\/\"},{\"@type\":\"ListItem\",\"position\":3,\"name\":\"Testpaket\"}]},{\"@type\":\"WebSite\",\"@id\":\"https:\\\/\\\/aidboards.com\\\/#website\",\"url\":\"https:\\\/\\\/aidboards.com\\\/\",\"name\":\"AidBoards\",\"description\":\"paper response\",\"potentialAction\":[{\"@type\":\"SearchAction\",\"target\":{\"@type\":\"EntryPoint\",\"urlTemplate\":\"https:\\\/\\\/aidboards.com\\\/?s={search_term_string}\"},\"query-input\":{\"@type\":\"PropertyValueSpecification\",\"valueRequired\":true,\"valueName\":\"search_term_string\"}}],\"inLanguage\":\"en-GB\"}]}<\/script>\n<!-- \/ Yoast SEO plugin. -->","yoast_head_json":{"title":"Testpaket - AidBoards","robots":{"index":"index","follow":"follow","max-snippet":"max-snippet:-1","max-image-preview":"max-image-preview:large","max-video-preview":"max-video-preview:-1"},"canonical":"https:\/\/aidboards.com\/en\/nothilfe-alt\/testpaket\/","og_locale":"en_GB","og_type":"article","og_title":"Testpaket - AidBoards","og_url":"https:\/\/aidboards.com\/en\/nothilfe-alt\/testpaket\/","og_site_name":"AidBoards","article_modified_time":"2023-04-12T08:57:29+00:00","twitter_card":"summary_large_image","twitter_misc":{"Estimated reading time":"4 minutes"},"schema":{"@context":"https:\/\/schema.org","@graph":[{"@type":"WebPage","@id":"https:\/\/aidboards.com\/nothilfe-alt\/testpaket\/","url":"https:\/\/aidboards.com\/nothilfe-alt\/testpaket\/","name":"Testpaket - AidBoards","isPartOf":{"@id":"https:\/\/aidboards.com\/#website"},"datePublished":"2021-11-22T10:06:13+00:00","dateModified":"2023-04-12T08:57:29+00:00","breadcrumb":{"@id":"https:\/\/aidboards.com\/nothilfe-alt\/testpaket\/#breadcrumb"},"inLanguage":"en-GB","potentialAction":[{"@type":"ReadAction","target":["https:\/\/aidboards.com\/nothilfe-alt\/testpaket\/"]}]},{"@type":"BreadcrumbList","@id":"https:\/\/aidboards.com\/nothilfe-alt\/testpaket\/#breadcrumb","itemListElement":[{"@type":"ListItem","position":1,"name":"Startseite","item":"https:\/\/aidboards.com\/"},{"@type":"ListItem","position":2,"name":"Nothilfe +alt+","item":"https:\/\/aidboards.com\/nothilfe-alt\/"},{"@type":"ListItem","position":3,"name":"Testpaket"}]},{"@type":"WebSite","@id":"https:\/\/aidboards.com\/#website","url":"https:\/\/aidboards.com\/","name":"AidBoards","description":"paper response","potentialAction":[{"@type":"SearchAction","target":{"@type":"EntryPoint","urlTemplate":"https:\/\/aidboards.com\/?s={search_term_string}"},"query-input":{"@type":"PropertyValueSpecification","valueRequired":true,"valueName":"search_term_string"}}],"inLanguage":"en-GB"}]}},"_links":{"self":[{"href":"https:\/\/aidboards.com\/en\/wp-json\/wp\/v2\/pages\/1825","targetHints":{"allow":["GET"]}}],"collection":[{"href":"https:\/\/aidboards.com\/en\/wp-json\/wp\/v2\/pages"}],"about":[{"href":"https:\/\/aidboards.com\/en\/wp-json\/wp\/v2\/types\/page"}],"author":[{"embeddable":true,"href":"https:\/\/aidboards.com\/en\/wp-json\/wp\/v2\/users\/1"}],"replies":[{"embeddable":true,"href":"https:\/\/aidboards.com\/en\/wp-json\/wp\/v2\/comments?post=1825"}],"version-history":[{"count":10,"href":"https:\/\/aidboards.com\/en\/wp-json\/wp\/v2\/pages\/1825\/revisions"}],"predecessor-version":[{"id":2756,"href":"https:\/\/aidboards.com\/en\/wp-json\/wp\/v2\/pages\/1825\/revisions\/2756"}],"up":[{"embeddable":true,"href":"https:\/\/aidboards.com\/en\/wp-json\/wp\/v2\/pages\/2206"}],"wp:attachment":[{"href":"https:\/\/aidboards.com\/en\/wp-json\/wp\/v2\/media?parent=1825"}],"curies":[{"name":"wp","href":"https:\/\/api.w.org\/{rel}","templated":true}]}}