{"id":1808,"date":"2021-11-19T14:10:16","date_gmt":"2021-11-19T13:10:16","guid":{"rendered":"https:\/\/aidboards.com\/?page_id=1808"},"modified":"2022-01-09T18:21:30","modified_gmt":"2022-01-09T17:21:30","slug":"hocker","status":"publish","type":"page","link":"https:\/\/aidboards.com\/en\/produkte\/hocker\/","title":{"rendered":"Hocker"},"content":{"rendered":"<div class=\"fusion-fullwidth fullwidth-box fusion-builder-row-1 fusion-flex-container nonhundred-percent-fullwidth non-hundred-percent-height-scrolling\" style=\"--awb-border-radius-top-left:0px;--awb-border-radius-top-right:0px;--awb-border-radius-bottom-right:0px;--awb-border-radius-bottom-left:0px;--awb-flex-wrap:wrap;\" ><div class=\"fusion-builder-row fusion-row fusion-flex-align-items-flex-start fusion-flex-content-wrap\" style=\"max-width:1248px;margin-left: calc(-4% \/ 2 );margin-right: calc(-4% \/ 2 );\"><div class=\"fusion-layout-column fusion_builder_column fusion-builder-column-0 fusion_builder_column_1_1 1_1 fusion-flex-column\" style=\"--awb-bg-size:cover;--awb-width-large:100%;--awb-margin-top-large:0px;--awb-spacing-right-large:1.92%;--awb-margin-bottom-large:20px;--awb-spacing-left-large:1.92%;--awb-width-medium:100%;--awb-order-medium:0;--awb-spacing-right-medium:1.92%;--awb-spacing-left-medium:1.92%;--awb-width-small:100%;--awb-order-small:0;--awb-spacing-right-small:1.92%;--awb-spacing-left-small:1.92%;\"><div class=\"fusion-column-wrapper fusion-column-has-shadow fusion-flex-justify-content-flex-start fusion-content-layout-column\"><div class=\"fusion-title title fusion-title-1 fusion-title-text fusion-title-size-two\" style=\"--awb-margin-top-small:10px;--awb-margin-right-small:0px;--awb-margin-bottom-small:10px;--awb-margin-left-small:0px;--awb-font-size:34px;\"><div class=\"title-sep-container title-sep-container-left fusion-no-large-visibility fusion-no-medium-visibility fusion-no-small-visibility\"><div class=\"title-sep sep-double sep-solid\" style=\"border-color:#e2e2e2;\"><\/div><\/div><span class=\"awb-title-spacer fusion-no-large-visibility fusion-no-medium-visibility fusion-no-small-visibility\"><\/span><h2 class=\"fusion-title-heading title-heading-left fusion-responsive-typography-calculated\" style=\"font-family:&quot;Sen&quot;;font-style:normal;font-weight:400;margin:0;font-size:1em;--fontSize:34;line-height:1.2;\">Einweg-Feldhocker EFS stan-001<\/h2><span class=\"awb-title-spacer\"><\/span><div class=\"title-sep-container title-sep-container-right\"><div class=\"title-sep sep-double sep-solid\" style=\"border-color:#e2e2e2;\"><\/div><\/div><\/div><div class=\"fusion-separator fusion-full-width-sep\" style=\"align-self: center;margin-left: auto;margin-right: auto;margin-top:30px;margin-bottom:20px;width:100%;\"><\/div><\/div><\/div><div class=\"fusion-layout-column fusion_builder_column fusion-builder-column-1 fusion_builder_column_1_3 1_3 fusion-flex-column\" style=\"--awb-bg-size:cover;--awb-width-large:33.3333333333%;--awb-margin-top-large:0px;--awb-spacing-right-large:5.76%;--awb-margin-bottom-large:20px;--awb-spacing-left-large:5.76%;--awb-width-medium:33.3333333333%;--awb-order-medium:0;--awb-spacing-right-medium:5.76%;--awb-spacing-left-medium:5.76%;--awb-width-small:100%;--awb-order-small:1;--awb-spacing-right-small:1.92%;--awb-spacing-left-small:1.92%;\"><div class=\"fusion-column-wrapper fusion-column-has-shadow fusion-flex-justify-content-flex-start fusion-content-layout-column\"><div class=\"fusion-text fusion-text-1\"><p>Einweg-Feldhocker<br \/>\nweight: 0,75 kg<br \/>\nPackma\u00df: 1100 x 720 x 10 mm<\/p>\n<p>parts: 1<br \/>\nmaterial: heavy corrugated cardboard<br \/>\nassembly time: ca. 2 min<\/p>\n<p>Ma\u00dfe im aufgebauten Zustand:<br \/>\nH\u00f6he: 500 mm<br \/>\nBreite\/ Tiefe: 335 mm<br \/>\nTraglast: 200 kg<\/p>\n<\/div><div class=\"fusion-text fusion-text-2\"><p>Der AidBoards-Hocker ist optimiert f\u00fcr minimalen Materialverbrauch bei maximaler Stabilit\u00e4t.<\/p>\n<p>Das Produkt verf\u00fcgt zur Verbesserung des Sitzkomforts \u00fcber eine<br \/>\nvorgeformte Sitzfl\u00e4che, die sich durch Gebrauch st\u00e4rker auspr\u00e4gt.<\/p>\n<p>additional features<\/p>\n<p>\uf0b7 sehr hohe Traglast (z. B. auch als Lagerbock)<br \/>\n\uf0b7 eink\u00fcrzbar<br \/>\n\uf0b7 Aufnahme f\u00fcr zus\u00e4tzliche<br \/>\nN\u00e4sseschutz\u00fcberzieher (nicht enthalten<br \/>\n\uf0b7 aufgedruckte Aufbauanleitung<\/p>\n<p>In addition to being used in humanitarian aid scenarios, AidBoards products are also suitable for large-scale events, such as trade fairs, congresses or festivals. The sale for these purposes supports development work and distribution as respone goods.<\/p>\n<p><strong><a href=\"https:\/\/aidboards.com\/en\/kontakt\/\">F\u00fcr entsprechende Anfragen kontaktieren Sie uns bitte.<\/a><\/strong><\/p>\n<\/div><\/div><\/div><div class=\"fusion-layout-column fusion_builder_column fusion-builder-column-2 fusion_builder_column_2_3 2_3 fusion-flex-column\" style=\"--awb-bg-size:cover;--awb-width-large:66.6666666667%;--awb-margin-top-large:0px;--awb-spacing-right-large:2.88%;--awb-margin-bottom-large:20px;--awb-spacing-left-large:2.88%;--awb-width-medium:66.6666666667%;--awb-order-medium:0;--awb-spacing-right-medium:2.88%;--awb-spacing-left-medium:2.88%;--awb-width-small:100%;--awb-order-small:2;--awb-spacing-right-small:1.92%;--awb-spacing-left-small:1.92%;\"><div class=\"fusion-column-wrapper fusion-column-has-shadow fusion-flex-justify-content-flex-start fusion-content-layout-column\"><div class=\"fusion-image-carousel fusion-image-carousel-auto fusion-image-carousel-1 fusion-carousel-border\"><div class=\"awb-carousel awb-swiper awb-swiper-carousel awb-carousel--carousel awb-swiper-dots-position-bottom\" data-layout=\"carousel\" data-autoplay=\"yes\" data-autoplayspeed=\"2500\" data-autoplaypause=\"no\" data-loop=\"yes\" data-columns=\"1\" data-columnsmedium=\"1\" data-columnssmall=\"1\" data-itemmargin=\"13\" data-itemwidth=\"180\" data-touchscroll=\"no\" data-freemode=\"no\" data-imagesize=\"auto\" data-scrollitems=\"0\" data-centeredslides=\"no\" data-rotationangle=\"50\" data-depth=\"100\" data-speed=\"500\" data-shadow=\"no\" data-pagination=\"bullets\" style=\"--awb-columns:1;--awb-border-width:1px;--awb-border-color:#e9eaee;\"><div class=\"swiper-wrapper awb-image-carousel-wrapper fusion-flex-align-items-center\"><div class=\"swiper-slide\"><div class=\"fusion-carousel-item-wrapper\"><div class=\"fusion-image-wrapper hover-type-zoomin\"><img decoding=\"async\" width=\"800\" height=\"600\" src=\"https:\/\/aidboards.com\/wp-content\/uploads\/2021\/06\/Hocker_Bild1.jpg\" class=\"attachment-full size-full\" alt=\"\" srcset=\"https:\/\/aidboards.com\/wp-content\/uploads\/2021\/06\/Hocker_Bild1-200x150.jpg 200w, https:\/\/aidboards.com\/wp-content\/uploads\/2021\/06\/Hocker_Bild1-300x225.jpg 300w, https:\/\/aidboards.com\/wp-content\/uploads\/2021\/06\/Hocker_Bild1-400x300.jpg 400w, https:\/\/aidboards.com\/wp-content\/uploads\/2021\/06\/Hocker_Bild1-600x450.jpg 600w, https:\/\/aidboards.com\/wp-content\/uploads\/2021\/06\/Hocker_Bild1-768x576.jpg 768w, https:\/\/aidboards.com\/wp-content\/uploads\/2021\/06\/Hocker_Bild1.jpg 800w\" sizes=\"(max-width: 800px) 100vw, 800px\" \/><\/div><\/div><\/div><div class=\"swiper-slide\"><div class=\"fusion-carousel-item-wrapper\"><div class=\"fusion-image-wrapper hover-type-zoomin\"><img decoding=\"async\" width=\"800\" height=\"600\" src=\"https:\/\/aidboards.com\/wp-content\/uploads\/2021\/06\/Hocker_Bild4.jpg\" class=\"attachment-full size-full\" alt=\"\" srcset=\"https:\/\/aidboards.com\/wp-content\/uploads\/2021\/06\/Hocker_Bild4-200x150.jpg 200w, https:\/\/aidboards.com\/wp-content\/uploads\/2021\/06\/Hocker_Bild4-300x225.jpg 300w, https:\/\/aidboards.com\/wp-content\/uploads\/2021\/06\/Hocker_Bild4-400x300.jpg 400w, https:\/\/aidboards.com\/wp-content\/uploads\/2021\/06\/Hocker_Bild4-600x450.jpg 600w, https:\/\/aidboards.com\/wp-content\/uploads\/2021\/06\/Hocker_Bild4-768x576.jpg 768w, https:\/\/aidboards.com\/wp-content\/uploads\/2021\/06\/Hocker_Bild4.jpg 800w\" sizes=\"(max-width: 800px) 100vw, 800px\" \/><\/div><\/div><\/div><div class=\"swiper-slide\"><div class=\"fusion-carousel-item-wrapper\"><div class=\"fusion-image-wrapper hover-type-zoomin\"><img decoding=\"async\" width=\"800\" height=\"600\" src=\"https:\/\/aidboards.com\/wp-content\/uploads\/2021\/06\/Hocker_Bild3.jpg\" class=\"attachment-full size-full\" alt=\"\" srcset=\"https:\/\/aidboards.com\/wp-content\/uploads\/2021\/06\/Hocker_Bild3-200x150.jpg 200w, https:\/\/aidboards.com\/wp-content\/uploads\/2021\/06\/Hocker_Bild3-300x225.jpg 300w, https:\/\/aidboards.com\/wp-content\/uploads\/2021\/06\/Hocker_Bild3-400x300.jpg 400w, https:\/\/aidboards.com\/wp-content\/uploads\/2021\/06\/Hocker_Bild3-600x450.jpg 600w, https:\/\/aidboards.com\/wp-content\/uploads\/2021\/06\/Hocker_Bild3-768x576.jpg 768w, https:\/\/aidboards.com\/wp-content\/uploads\/2021\/06\/Hocker_Bild3.jpg 800w\" sizes=\"(max-width: 800px) 100vw, 800px\" \/><\/div><\/div><\/div><div class=\"swiper-slide\"><div class=\"fusion-carousel-item-wrapper\"><div class=\"fusion-image-wrapper hover-type-zoomin\"><img decoding=\"async\" width=\"800\" height=\"600\" src=\"https:\/\/aidboards.com\/wp-content\/uploads\/2021\/06\/Hocker_Bild5.jpg\" class=\"attachment-full size-full\" alt=\"\" srcset=\"https:\/\/aidboards.com\/wp-content\/uploads\/2021\/06\/Hocker_Bild5-200x150.jpg 200w, https:\/\/aidboards.com\/wp-content\/uploads\/2021\/06\/Hocker_Bild5-300x225.jpg 300w, https:\/\/aidboards.com\/wp-content\/uploads\/2021\/06\/Hocker_Bild5-400x300.jpg 400w, https:\/\/aidboards.com\/wp-content\/uploads\/2021\/06\/Hocker_Bild5-600x450.jpg 600w, https:\/\/aidboards.com\/wp-content\/uploads\/2021\/06\/Hocker_Bild5-768x576.jpg 768w, https:\/\/aidboards.com\/wp-content\/uploads\/2021\/06\/Hocker_Bild5.jpg 800w\" sizes=\"(max-width: 800px) 100vw, 800px\" \/><\/div><\/div><\/div><div class=\"swiper-slide\"><div class=\"fusion-carousel-item-wrapper\"><div class=\"fusion-image-wrapper hover-type-zoomin\"><img decoding=\"async\" width=\"800\" height=\"600\" src=\"https:\/\/aidboards.com\/wp-content\/uploads\/2021\/06\/Hocker_Bild6.jpg\" class=\"attachment-full size-full\" alt=\"\" srcset=\"https:\/\/aidboards.com\/wp-content\/uploads\/2021\/06\/Hocker_Bild6-200x150.jpg 200w, https:\/\/aidboards.com\/wp-content\/uploads\/2021\/06\/Hocker_Bild6-300x225.jpg 300w, https:\/\/aidboards.com\/wp-content\/uploads\/2021\/06\/Hocker_Bild6-400x300.jpg 400w, https:\/\/aidboards.com\/wp-content\/uploads\/2021\/06\/Hocker_Bild6-600x450.jpg 600w, https:\/\/aidboards.com\/wp-content\/uploads\/2021\/06\/Hocker_Bild6-768x576.jpg 768w, https:\/\/aidboards.com\/wp-content\/uploads\/2021\/06\/Hocker_Bild6.jpg 800w\" sizes=\"(max-width: 800px) 100vw, 800px\" \/><\/div><\/div><\/div><div class=\"swiper-slide\"><div class=\"fusion-carousel-item-wrapper\"><div class=\"fusion-image-wrapper hover-type-zoomin\"><img decoding=\"async\" width=\"800\" height=\"600\" src=\"https:\/\/aidboards.com\/wp-content\/uploads\/2021\/06\/Hocker_Bild7.jpg\" class=\"attachment-full size-full\" alt=\"\" srcset=\"https:\/\/aidboards.com\/wp-content\/uploads\/2021\/06\/Hocker_Bild7-200x150.jpg 200w, https:\/\/aidboards.com\/wp-content\/uploads\/2021\/06\/Hocker_Bild7-300x225.jpg 300w, https:\/\/aidboards.com\/wp-content\/uploads\/2021\/06\/Hocker_Bild7-400x300.jpg 400w, https:\/\/aidboards.com\/wp-content\/uploads\/2021\/06\/Hocker_Bild7-600x450.jpg 600w, https:\/\/aidboards.com\/wp-content\/uploads\/2021\/06\/Hocker_Bild7-768x576.jpg 768w, https:\/\/aidboards.com\/wp-content\/uploads\/2021\/06\/Hocker_Bild7.jpg 800w\" sizes=\"(max-width: 800px) 100vw, 800px\" \/><\/div><\/div><\/div><div class=\"swiper-slide\"><div class=\"fusion-carousel-item-wrapper\"><div class=\"fusion-image-wrapper hover-type-zoomin\"><img decoding=\"async\" width=\"800\" height=\"600\" src=\"https:\/\/aidboards.com\/wp-content\/uploads\/2021\/06\/Hocker_Bild8.jpg\" class=\"attachment-full size-full\" alt=\"\" srcset=\"https:\/\/aidboards.com\/wp-content\/uploads\/2021\/06\/Hocker_Bild8-200x150.jpg 200w, https:\/\/aidboards.com\/wp-content\/uploads\/2021\/06\/Hocker_Bild8-300x225.jpg 300w, https:\/\/aidboards.com\/wp-content\/uploads\/2021\/06\/Hocker_Bild8-400x300.jpg 400w, https:\/\/aidboards.com\/wp-content\/uploads\/2021\/06\/Hocker_Bild8-600x450.jpg 600w, https:\/\/aidboards.com\/wp-content\/uploads\/2021\/06\/Hocker_Bild8-768x576.jpg 768w, https:\/\/aidboards.com\/wp-content\/uploads\/2021\/06\/Hocker_Bild8.jpg 800w\" sizes=\"(max-width: 800px) 100vw, 800px\" \/><\/div><\/div><\/div><\/div><div class=\"awb-swiper-button awb-swiper-button-prev\"><i class=\"awb-icon-angle-left\" aria-hidden=\"true\"><\/i><\/div><div class=\"awb-swiper-button awb-swiper-button-next\"><i class=\"awb-icon-angle-right\" aria-hidden=\"true\"><\/i><\/div><\/div><\/div><div class=\"fusion-video fusion-selfhosted-video\" style=\"max-width:100%;\"><div class=\"video-wrapper\"><video playsinline=\"true\" width=\"100%\" style=\"object-fit: cover;\" autoplay=\"true\" muted=\"true\" loop=\"true\" preload=\"auto\" controls=\"1\"><source src=\"https:\/\/aidboards.com\/wp-content\/uploads\/2021\/07\/Hocker-Aufbau-neues-Logo.mp4\" type=\"video\/mp4\">Sorry, your browser doesn&#039;t support embedded videos.<\/video><\/div><\/div><\/div><\/div><div class=\"fusion-layout-column fusion_builder_column fusion-builder-column-3 fusion_builder_column_1_1 1_1 fusion-flex-column\" style=\"--awb-bg-size:cover;--awb-width-large:100%;--awb-margin-top-large:0px;--awb-spacing-right-large:1.92%;--awb-margin-bottom-large:20px;--awb-spacing-left-large:1.92%;--awb-width-medium:100%;--awb-order-medium:0;--awb-spacing-right-medium:1.92%;--awb-spacing-left-medium:1.92%;--awb-width-small:100%;--awb-order-small:3;--awb-spacing-right-small:1.92%;--awb-spacing-left-small:1.92%;\"><div class=\"fusion-column-wrapper fusion-column-has-shadow fusion-flex-justify-content-flex-start fusion-content-layout-column\"><div class=\"fusion-separator fusion-full-width-sep\" style=\"align-self: center;margin-left: auto;margin-right: auto;margin-top:30px;margin-bottom:20px;width:100%;\"><\/div><div class=\"fusion-text fusion-text-3\"><p>Further questions? Please visit the <a href=\"https:\/\/aidboards.com\/en\/faq\/\" target=\"_self\"><strong>FAQs<\/strong><\/a> or get in <strong><a href=\"https:\/\/aidboards.com\/en\/kontakt\/\" target=\"_self\">contact<\/a><\/strong>. <a href=\"https:\/\/aidboards.com\/en\/faq\/\"><strong>in die FAQs<\/strong><\/a> or <strong><a href=\"https:\/\/aidboards.com\/en\/kontakt\/\">schreiben Sie uns an.<\/a><\/strong><\/p>\n<\/div><\/div><\/div><\/div><\/div>","protected":false},"excerpt":{"rendered":"","protected":false},"author":1,"featured_media":0,"parent":1537,"menu_order":0,"comment_status":"closed","ping_status":"closed","template":"","meta":{"footnotes":""},"class_list":["post-1808","page","type-page","status-publish","hentry"],"yoast_head":"<!-- This site is optimized with the Yoast SEO plugin v27.4 - https:\/\/yoast.com\/product\/yoast-seo-wordpress\/ -->\n<title>Hocker - AidBoards<\/title>\n<meta name=\"robots\" content=\"index, follow, max-snippet:-1, max-image-preview:large, max-video-preview:-1\" \/>\n<link rel=\"canonical\" href=\"https:\/\/aidboards.com\/en\/produkte\/hocker\/\" \/>\n<meta property=\"og:locale\" content=\"en_GB\" \/>\n<meta property=\"og:type\" content=\"article\" \/>\n<meta property=\"og:title\" content=\"Hocker - AidBoards\" \/>\n<meta property=\"og:url\" content=\"https:\/\/aidboards.com\/en\/produkte\/hocker\/\" \/>\n<meta property=\"og:site_name\" content=\"AidBoards\" \/>\n<meta property=\"article:modified_time\" content=\"2022-01-09T17:21:30+00:00\" \/>\n<meta name=\"twitter:card\" content=\"summary_large_image\" \/>\n<meta name=\"twitter:label1\" content=\"Estimated reading time\" \/>\n\t<meta name=\"twitter:data1\" content=\"4 minutes\" \/>\n<script type=\"application\/ld+json\" class=\"yoast-schema-graph\">{\"@context\":\"https:\\\/\\\/schema.org\",\"@graph\":[{\"@type\":\"WebPage\",\"@id\":\"https:\\\/\\\/aidboards.com\\\/produkte\\\/hocker\\\/\",\"url\":\"https:\\\/\\\/aidboards.com\\\/produkte\\\/hocker\\\/\",\"name\":\"Hocker - AidBoards\",\"isPartOf\":{\"@id\":\"https:\\\/\\\/aidboards.com\\\/#website\"},\"datePublished\":\"2021-11-19T13:10:16+00:00\",\"dateModified\":\"2022-01-09T17:21:30+00:00\",\"breadcrumb\":{\"@id\":\"https:\\\/\\\/aidboards.com\\\/produkte\\\/hocker\\\/#breadcrumb\"},\"inLanguage\":\"en-GB\",\"potentialAction\":[{\"@type\":\"ReadAction\",\"target\":[\"https:\\\/\\\/aidboards.com\\\/produkte\\\/hocker\\\/\"]}]},{\"@type\":\"BreadcrumbList\",\"@id\":\"https:\\\/\\\/aidboards.com\\\/produkte\\\/hocker\\\/#breadcrumb\",\"itemListElement\":[{\"@type\":\"ListItem\",\"position\":1,\"name\":\"Startseite\",\"item\":\"https:\\\/\\\/aidboards.com\\\/\"},{\"@type\":\"ListItem\",\"position\":2,\"name\":\"Produkte\",\"item\":\"https:\\\/\\\/aidboards.com\\\/produkte\\\/\"},{\"@type\":\"ListItem\",\"position\":3,\"name\":\"Hocker\"}]},{\"@type\":\"WebSite\",\"@id\":\"https:\\\/\\\/aidboards.com\\\/#website\",\"url\":\"https:\\\/\\\/aidboards.com\\\/\",\"name\":\"AidBoards\",\"description\":\"paper response\",\"potentialAction\":[{\"@type\":\"SearchAction\",\"target\":{\"@type\":\"EntryPoint\",\"urlTemplate\":\"https:\\\/\\\/aidboards.com\\\/?s={search_term_string}\"},\"query-input\":{\"@type\":\"PropertyValueSpecification\",\"valueRequired\":true,\"valueName\":\"search_term_string\"}}],\"inLanguage\":\"en-GB\"}]}<\/script>\n<!-- \/ Yoast SEO plugin. -->","yoast_head_json":{"title":"Hocker - AidBoards","robots":{"index":"index","follow":"follow","max-snippet":"max-snippet:-1","max-image-preview":"max-image-preview:large","max-video-preview":"max-video-preview:-1"},"canonical":"https:\/\/aidboards.com\/en\/produkte\/hocker\/","og_locale":"en_GB","og_type":"article","og_title":"Hocker - AidBoards","og_url":"https:\/\/aidboards.com\/en\/produkte\/hocker\/","og_site_name":"AidBoards","article_modified_time":"2022-01-09T17:21:30+00:00","twitter_card":"summary_large_image","twitter_misc":{"Estimated reading time":"4 minutes"},"schema":{"@context":"https:\/\/schema.org","@graph":[{"@type":"WebPage","@id":"https:\/\/aidboards.com\/produkte\/hocker\/","url":"https:\/\/aidboards.com\/produkte\/hocker\/","name":"Hocker - AidBoards","isPartOf":{"@id":"https:\/\/aidboards.com\/#website"},"datePublished":"2021-11-19T13:10:16+00:00","dateModified":"2022-01-09T17:21:30+00:00","breadcrumb":{"@id":"https:\/\/aidboards.com\/produkte\/hocker\/#breadcrumb"},"inLanguage":"en-GB","potentialAction":[{"@type":"ReadAction","target":["https:\/\/aidboards.com\/produkte\/hocker\/"]}]},{"@type":"BreadcrumbList","@id":"https:\/\/aidboards.com\/produkte\/hocker\/#breadcrumb","itemListElement":[{"@type":"ListItem","position":1,"name":"Startseite","item":"https:\/\/aidboards.com\/"},{"@type":"ListItem","position":2,"name":"Produkte","item":"https:\/\/aidboards.com\/produkte\/"},{"@type":"ListItem","position":3,"name":"Hocker"}]},{"@type":"WebSite","@id":"https:\/\/aidboards.com\/#website","url":"https:\/\/aidboards.com\/","name":"AidBoards","description":"paper response","potentialAction":[{"@type":"SearchAction","target":{"@type":"EntryPoint","urlTemplate":"https:\/\/aidboards.com\/?s={search_term_string}"},"query-input":{"@type":"PropertyValueSpecification","valueRequired":true,"valueName":"search_term_string"}}],"inLanguage":"en-GB"}]}},"_links":{"self":[{"href":"https:\/\/aidboards.com\/en\/wp-json\/wp\/v2\/pages\/1808","targetHints":{"allow":["GET"]}}],"collection":[{"href":"https:\/\/aidboards.com\/en\/wp-json\/wp\/v2\/pages"}],"about":[{"href":"https:\/\/aidboards.com\/en\/wp-json\/wp\/v2\/types\/page"}],"author":[{"embeddable":true,"href":"https:\/\/aidboards.com\/en\/wp-json\/wp\/v2\/users\/1"}],"replies":[{"embeddable":true,"href":"https:\/\/aidboards.com\/en\/wp-json\/wp\/v2\/comments?post=1808"}],"version-history":[{"count":10,"href":"https:\/\/aidboards.com\/en\/wp-json\/wp\/v2\/pages\/1808\/revisions"}],"predecessor-version":[{"id":2006,"href":"https:\/\/aidboards.com\/en\/wp-json\/wp\/v2\/pages\/1808\/revisions\/2006"}],"up":[{"embeddable":true,"href":"https:\/\/aidboards.com\/en\/wp-json\/wp\/v2\/pages\/1537"}],"wp:attachment":[{"href":"https:\/\/aidboards.com\/en\/wp-json\/wp\/v2\/media?parent=1808"}],"curies":[{"name":"wp","href":"https:\/\/api.w.org\/{rel}","templated":true}]}}