{"id":1537,"date":"2021-06-30T15:58:31","date_gmt":"2021-06-30T13:58:31","guid":{"rendered":"https:\/\/aidboards.com\/?page_id=1537"},"modified":"2022-06-13T22:16:18","modified_gmt":"2022-06-13T20:16:18","slug":"produkte","status":"publish","type":"page","link":"https:\/\/aidboards.com\/en\/produkte\/","title":{"rendered":"Produkte"},"content":{"rendered":"<p><div class=\"fusion-fullwidth fullwidth-box fusion-builder-row-1 fusion-flex-container nonhundred-percent-fullwidth non-hundred-percent-height-scrolling\" style=\"--awb-border-radius-top-left:0px;--awb-border-radius-top-right:0px;--awb-border-radius-bottom-right:0px;--awb-border-radius-bottom-left:0px;--awb-flex-wrap:wrap;\" ><div class=\"fusion-builder-row fusion-row fusion-flex-align-items-flex-start fusion-flex-content-wrap\" style=\"max-width:1248px;margin-left: calc(-4% \/ 2 );margin-right: calc(-4% \/ 2 );\"><div class=\"fusion-layout-column fusion_builder_column fusion-builder-column-0 fusion_builder_column_1_1 1_1 fusion-flex-column\" style=\"--awb-bg-size:cover;--awb-width-large:100%;--awb-margin-top-large:0px;--awb-spacing-right-large:1.92%;--awb-margin-bottom-large:20px;--awb-spacing-left-large:1.92%;--awb-width-medium:100%;--awb-order-medium:0;--awb-spacing-right-medium:1.92%;--awb-spacing-left-medium:1.92%;--awb-width-small:100%;--awb-order-small:0;--awb-spacing-right-small:1.92%;--awb-spacing-left-small:1.92%;\"><div class=\"fusion-column-wrapper fusion-column-has-shadow fusion-flex-justify-content-flex-start fusion-content-layout-column\"><div class=\"fusion-separator fusion-full-width-sep\" style=\"align-self: center;margin-left: auto;margin-right: auto;margin-top:45px;margin-bottom:10px;width:100%;\"><\/div><\/div><\/div><\/div><\/div><div class=\"fusion-fullwidth fullwidth-box fusion-builder-row-2 fusion-flex-container nonhundred-percent-fullwidth non-hundred-percent-height-scrolling\" style=\"--awb-border-radius-top-left:0px;--awb-border-radius-top-right:0px;--awb-border-radius-bottom-right:0px;--awb-border-radius-bottom-left:0px;--awb-flex-wrap:wrap;\" ><div class=\"fusion-builder-row fusion-row fusion-flex-align-items-flex-start fusion-flex-content-wrap\" style=\"max-width:1248px;margin-left: calc(-4% \/ 2 );margin-right: calc(-4% \/ 2 );\"><div class=\"fusion-layout-column fusion_builder_column fusion-builder-column-1 fusion_builder_column_1_1 1_1 fusion-flex-column\" style=\"--awb-bg-size:cover;--awb-width-large:100%;--awb-margin-top-large:0px;--awb-spacing-right-large:1.92%;--awb-margin-bottom-large:40px;--awb-spacing-left-large:1.92%;--awb-width-medium:100%;--awb-order-medium:0;--awb-spacing-right-medium:1.92%;--awb-spacing-left-medium:1.92%;--awb-width-small:100%;--awb-order-small:0;--awb-spacing-right-small:1.92%;--awb-spacing-left-small:1.92%;\"><div class=\"fusion-column-wrapper fusion-column-has-shadow fusion-flex-justify-content-flex-start fusion-content-layout-column\"><div class=\"fusion-title title fusion-title-1 fusion-title-text fusion-title-size-two\" style=\"--awb-margin-top-small:10px;--awb-margin-right-small:0px;--awb-margin-bottom-small:10px;--awb-margin-left-small:0px;--awb-font-size:46px;\"><div class=\"title-sep-container title-sep-container-left fusion-no-large-visibility fusion-no-medium-visibility fusion-no-small-visibility\"><div class=\"title-sep sep-double sep-solid\" style=\"border-color:#e2e2e2;\"><\/div><\/div><span class=\"awb-title-spacer fusion-no-large-visibility fusion-no-medium-visibility fusion-no-small-visibility\"><\/span><h2 class=\"fusion-title-heading title-heading-left fusion-responsive-typography-calculated\" style=\"font-family:&quot;Sen&quot;;font-style:normal;font-weight:400;margin:0;font-size:1em;--fontSize:46;line-height:1.2;\">Produktportfolio<\/h2><span class=\"awb-title-spacer\"><\/span><div class=\"title-sep-container title-sep-container-right\"><div class=\"title-sep sep-double sep-solid\" style=\"border-color:#e2e2e2;\"><\/div><\/div><\/div><div class=\"fusion-separator fusion-full-width-sep\" style=\"align-self: center;margin-left: auto;margin-right: auto;margin-top:25px;margin-bottom:25px;width:100%;\"><\/div><div class=\"fusion-text fusion-text-1\"><p>Alle Produkte sind f\u00fcr den Transport auf Container-Paletten optimiert, es werden keine Gitterboxen oder andere schwere Transporthilfen ben\u00f6tigt. Sie erf\u00fcllen Spezifikationen, die optimal auf die Bed\u00fcrfnisse in humanit\u00e4ren Notsituationen abgestimmt sind. Der Aufbau erfolgt mit wenigen Handgriffen und ohne Werkzeug, eine Anleitung ist direkt auf die Produkte gedruckt.<\/p>\n<p>Die wichtigsten Antworten zu den Produkten und der Herstellung k\u00f6nnen Sie den <a href=\"https:\/\/aidboards.com\/en\/faq\/\">FAQs<\/a> entnehmen. Sollten sich dar\u00fcber hinaus Fragen ergeben <a href=\"https:\/\/aidboards.com\/en\/kontakt\/\">wenden Sie sich direkt an uns<\/a>.<\/p>\n<p>F\u00fcr den Einsatz au\u00dferhalb humanit\u00e4rer Gro\u00dfereignisse beachten Sie bitte den Abschnitt <a href=\"https:\/\/aidboards.com\/en\/produkte\/fuer-privat-veranstalter\/\">f\u00fcr Privat\/Veranstaltungen<\/a>.<strong><br \/>\n<\/strong><\/p>\n<\/div><div class=\"fusion-separator fusion-full-width-sep\" style=\"align-self: center;margin-left: auto;margin-right: auto;margin-top:0px;margin-bottom:20px;width:100%;\"><\/div><div class=\"fusion-text fusion-text-2\" style=\"--awb-text-transform:none;\"><h4 class=\"moz-quote-pre\" style=\"text-align: center;\">Die Bestellung von Testpaketen ist ab dem 13.06.22 m\u00f6glich.<\/h4>\n<h4 class=\"moz-quote-pre\" style=\"text-align: center;\">Sie k\u00f6nnen den <a href=\"https:\/\/retterstore.de\/epages\/52c02299-6d10-4e3e-9d9f-59595a7474b8.sf\/de_DE\/?ObjectPath=\/Shops\/52c02299-6d10-4e3e-9d9f-59595a7474b8\/Products\/403164-LOG\">DRK-retterstore<\/a> nutzen oder sich direkt <a href=\"https:\/\/aidboards.com\/en\/kontakt\/\">per Mail<\/a> an uns wenden (Rechnungslegung und Versand durch <a href=\"https:\/\/stoelzer-verpackungen.de\/\">St\u00f6lzer Verpackung<\/a>). Bei beiden Optionen wird nur ein Unkosten-Beitrag f\u00fcr den jeweiligen Partner (25,-) und den Paket-Versand (ca. 16,-) zzgl. MwSt. erhoben.<\/h4>\n<h4 style=\"text-align: center;\">Wir bitten daf\u00fcr um sachliches Feedback f\u00fcr die weitere Entwicklung.<\/h4>\n<\/div><div class=\"fusion-separator fusion-full-width-sep\" style=\"align-self: center;margin-left: auto;margin-right: auto;margin-top:30px;margin-bottom:20px;width:100%;\"><\/div><\/div><\/div><\/div><\/div><\/p>","protected":false},"excerpt":{"rendered":"","protected":false},"author":1,"featured_media":0,"parent":0,"menu_order":0,"comment_status":"closed","ping_status":"closed","template":"100-width.php","meta":{"footnotes":""},"class_list":["post-1537","page","type-page","status-publish","hentry"],"yoast_head":"<!-- This site is optimized with the Yoast SEO plugin v27.4 - https:\/\/yoast.com\/product\/yoast-seo-wordpress\/ -->\n<title>AidBoards - Produkte<\/title>\n<meta name=\"description\" content=\"Auf dieser Seite finden Sie alle Informationen und Details zu den verschiedenen von AidBoards angebotenen Produkten.\" \/>\n<meta name=\"robots\" content=\"index, follow, max-snippet:-1, max-image-preview:large, max-video-preview:-1\" \/>\n<link rel=\"canonical\" href=\"https:\/\/aidboards.com\/en\/produkte\/\" \/>\n<meta property=\"og:locale\" content=\"en_GB\" \/>\n<meta property=\"og:type\" content=\"article\" \/>\n<meta property=\"og:title\" content=\"AidBoards - Produkte\" \/>\n<meta property=\"og:description\" content=\"Auf dieser Seite finden Sie alle Informationen und Details zu den verschiedenen von AidBoards angebotenen Produkten.\" \/>\n<meta property=\"og:url\" content=\"https:\/\/aidboards.com\/en\/produkte\/\" \/>\n<meta property=\"og:site_name\" content=\"AidBoards\" \/>\n<meta property=\"article:modified_time\" content=\"2022-06-13T20:16:18+00:00\" \/>\n<meta name=\"twitter:card\" content=\"summary_large_image\" \/>\n<meta name=\"twitter:label1\" content=\"Estimated reading time\" \/>\n\t<meta name=\"twitter:data1\" content=\"3 minutes\" \/>\n<script type=\"application\/ld+json\" class=\"yoast-schema-graph\">{\"@context\":\"https:\\\/\\\/schema.org\",\"@graph\":[{\"@type\":\"WebPage\",\"@id\":\"https:\\\/\\\/aidboards.com\\\/produkte\\\/\",\"url\":\"https:\\\/\\\/aidboards.com\\\/produkte\\\/\",\"name\":\"AidBoards - Produkte\",\"isPartOf\":{\"@id\":\"https:\\\/\\\/aidboards.com\\\/#website\"},\"datePublished\":\"2021-06-30T13:58:31+00:00\",\"dateModified\":\"2022-06-13T20:16:18+00:00\",\"description\":\"Auf dieser Seite finden Sie alle Informationen und Details zu den verschiedenen von AidBoards angebotenen Produkten.\",\"breadcrumb\":{\"@id\":\"https:\\\/\\\/aidboards.com\\\/produkte\\\/#breadcrumb\"},\"inLanguage\":\"en-GB\",\"potentialAction\":[{\"@type\":\"ReadAction\",\"target\":[\"https:\\\/\\\/aidboards.com\\\/produkte\\\/\"]}]},{\"@type\":\"BreadcrumbList\",\"@id\":\"https:\\\/\\\/aidboards.com\\\/produkte\\\/#breadcrumb\",\"itemListElement\":[{\"@type\":\"ListItem\",\"position\":1,\"name\":\"Startseite\",\"item\":\"https:\\\/\\\/aidboards.com\\\/\"},{\"@type\":\"ListItem\",\"position\":2,\"name\":\"Produkte\"}]},{\"@type\":\"WebSite\",\"@id\":\"https:\\\/\\\/aidboards.com\\\/#website\",\"url\":\"https:\\\/\\\/aidboards.com\\\/\",\"name\":\"AidBoards\",\"description\":\"paper response\",\"potentialAction\":[{\"@type\":\"SearchAction\",\"target\":{\"@type\":\"EntryPoint\",\"urlTemplate\":\"https:\\\/\\\/aidboards.com\\\/?s={search_term_string}\"},\"query-input\":{\"@type\":\"PropertyValueSpecification\",\"valueRequired\":true,\"valueName\":\"search_term_string\"}}],\"inLanguage\":\"en-GB\"}]}<\/script>\n<!-- \/ Yoast SEO plugin. -->","yoast_head_json":{"title":"AidBoards - Produkte","description":"Auf dieser Seite finden Sie alle Informationen und Details zu den verschiedenen von AidBoards angebotenen Produkten.","robots":{"index":"index","follow":"follow","max-snippet":"max-snippet:-1","max-image-preview":"max-image-preview:large","max-video-preview":"max-video-preview:-1"},"canonical":"https:\/\/aidboards.com\/en\/produkte\/","og_locale":"en_GB","og_type":"article","og_title":"AidBoards - Produkte","og_description":"Auf dieser Seite finden Sie alle Informationen und Details zu den verschiedenen von AidBoards angebotenen Produkten.","og_url":"https:\/\/aidboards.com\/en\/produkte\/","og_site_name":"AidBoards","article_modified_time":"2022-06-13T20:16:18+00:00","twitter_card":"summary_large_image","twitter_misc":{"Estimated reading time":"3 minutes"},"schema":{"@context":"https:\/\/schema.org","@graph":[{"@type":"WebPage","@id":"https:\/\/aidboards.com\/produkte\/","url":"https:\/\/aidboards.com\/produkte\/","name":"AidBoards - Produkte","isPartOf":{"@id":"https:\/\/aidboards.com\/#website"},"datePublished":"2021-06-30T13:58:31+00:00","dateModified":"2022-06-13T20:16:18+00:00","description":"Auf dieser Seite finden Sie alle Informationen und Details zu den verschiedenen von AidBoards angebotenen Produkten.","breadcrumb":{"@id":"https:\/\/aidboards.com\/produkte\/#breadcrumb"},"inLanguage":"en-GB","potentialAction":[{"@type":"ReadAction","target":["https:\/\/aidboards.com\/produkte\/"]}]},{"@type":"BreadcrumbList","@id":"https:\/\/aidboards.com\/produkte\/#breadcrumb","itemListElement":[{"@type":"ListItem","position":1,"name":"Startseite","item":"https:\/\/aidboards.com\/"},{"@type":"ListItem","position":2,"name":"Produkte"}]},{"@type":"WebSite","@id":"https:\/\/aidboards.com\/#website","url":"https:\/\/aidboards.com\/","name":"AidBoards","description":"paper response","potentialAction":[{"@type":"SearchAction","target":{"@type":"EntryPoint","urlTemplate":"https:\/\/aidboards.com\/?s={search_term_string}"},"query-input":{"@type":"PropertyValueSpecification","valueRequired":true,"valueName":"search_term_string"}}],"inLanguage":"en-GB"}]}},"_links":{"self":[{"href":"https:\/\/aidboards.com\/en\/wp-json\/wp\/v2\/pages\/1537","targetHints":{"allow":["GET"]}}],"collection":[{"href":"https:\/\/aidboards.com\/en\/wp-json\/wp\/v2\/pages"}],"about":[{"href":"https:\/\/aidboards.com\/en\/wp-json\/wp\/v2\/types\/page"}],"author":[{"embeddable":true,"href":"https:\/\/aidboards.com\/en\/wp-json\/wp\/v2\/users\/1"}],"replies":[{"embeddable":true,"href":"https:\/\/aidboards.com\/en\/wp-json\/wp\/v2\/comments?post=1537"}],"version-history":[{"count":11,"href":"https:\/\/aidboards.com\/en\/wp-json\/wp\/v2\/pages\/1537\/revisions"}],"predecessor-version":[{"id":2112,"href":"https:\/\/aidboards.com\/en\/wp-json\/wp\/v2\/pages\/1537\/revisions\/2112"}],"wp:attachment":[{"href":"https:\/\/aidboards.com\/en\/wp-json\/wp\/v2\/media?parent=1537"}],"curies":[{"name":"wp","href":"https:\/\/api.w.org\/{rel}","templated":true}]}}